{"id":784090,"date":"2026-02-28T04:08:32","date_gmt":"2026-02-28T01:08:32","guid":{"rendered":"https:\/\/roveyayinevi.com.tr\/index.php\/urun\/basari-ve-bastirilma\/"},"modified":"2026-04-15T03:47:40","modified_gmt":"2026-04-15T00:47:40","slug":"basari-ve-bastirilma","status":"publish","type":"product","link":"https:\/\/roveyayinevi.com.tr\/index.php\/urun\/basari-ve-bastirilma\/","title":{"rendered":"Ba\u015far\u0131 ve Bast\u0131r\u0131lma"},"content":{"rendered":"<p>Dag Nikolaus Hasse, bu \u00e7\u0131\u011f\u0131r a\u00e7\u0131c\u0131 \u00e7al\u0131\u015fmas\u0131nda R\u00f6nesans\u2019\u0131, Arap\u00e7a kaleme al\u0131nm\u0131\u015f bilim ve felsefe eserleriyle kurulan ili\u015fki a\u00e7\u0131s\u0131ndan iki y\u00f6nl\u00fc bir tarihsel s\u00fcre\u00e7 olarak ele al\u0131yor. Buna g\u00f6re R\u00f6nesans, bir yandan Arap\u00e7a bilim eserlerinin Avrupa\u2019daki etkisinin en g\u00fc\u00e7l\u00fc oldu\u011fu d\u00f6nemi temsil ederken, di\u011fer yandan Bat\u0131\u2019n\u0131n bu miras\u0131 giderek unutmaya, hatta bilin\u00e7li bi\u00e7imde bast\u0131rmaya ba\u015flad\u0131\u011f\u0131 bir s\u00fcrece de i\u015faret etmektedir. Hasse, \u0130bn S\u00een\u00e2, \u0130bn R\u00fc\u015fd ve R\u00e2z\u00ee gibi b\u00fcy\u00fck d\u00fc\u015f\u00fcn\u00fcrlerin t\u0131p, felsefe ve astroloji alan\u0131ndaki eserlerinin, matbaan\u0131n icad\u0131yla birlikte Avrupa\u2019da nas\u0131l geni\u015f bir dola\u015f\u0131ma girdi\u011fini ayr\u0131nt\u0131l\u0131 belgelerle ortaya koyuyor. Ancak anlat\u0131 yaln\u0131zca bir ba\u015far\u0131 hik\u00e2yesiyle s\u0131n\u0131rl\u0131 kalm\u0131yor; h\u00fcmanist ak\u0131mlar\u0131n y\u00fckseli\u015fi ve Kilise bask\u0131s\u0131 alt\u0131nda bu otoritelerin nas\u0131l sistemli bi\u00e7imde d\u0131\u015fland\u0131\u011f\u0131n\u0131 ve etkilerinin g\u00f6r\u00fcnmez k\u0131l\u0131nd\u0131\u011f\u0131n\u0131 da titizlikle analiz ediyor. Avrupa \u00fcniversitelerinin m\u00fcfredatlar\u0131ndan Latince \u00e7eviri tekniklerine, entelekt\u00fcel biyografi yaz\u0131m\u0131ndan sinameki gibi t\u0131bbi bitkiler etraf\u0131nda y\u00fcr\u00fct\u00fclen hararetli tart\u0131\u015fmalara kadar uzanan bu \u00e7al\u0131\u015fma, Do\u011fu ile Bat\u0131 aras\u0131ndaki bilgi aktar\u0131m\u0131n\u0131 somut \u00f6rneklerle g\u00f6zler \u00f6n\u00fcne seriyor. Ba\u015far\u0131 ve Bast\u0131r\u0131lma, s\u00f6ylem d\u00fczeyinin \u00f6tesine ge\u00e7erek, R\u00f6nesans bilginlerinin Arap\u00e7a \u00fcretilen teorileri teknik ayr\u0131nt\u0131lar\u0131yla nas\u0131l benimsediklerini ya da reddettiklerini g\u00f6steriyor ve modern Avrupa k\u00fclt\u00fcr\u00fcn\u00fcn olu\u015fumunda bu miras\u0131n belirleyici rol\u00fcn\u00fc yeniden d\u00fc\u015f\u00fcnmeye davet ediyor.<\/p>\n","protected":false},"excerpt":{"rendered":"<p>Dag Nikolaus Hasse, bu \u00e7\u0131\u011f\u0131r a\u00e7\u0131c\u0131 \u00e7al\u0131\u015fmas\u0131nda R\u00f6nesans\u2019\u0131, Arap\u00e7a kaleme al\u0131nm\u0131\u015f bilim ve felsefe eserleriyle kurulan ili\u015fki a\u00e7\u0131s\u0131ndan iki y\u00f6nl\u00fc bir tarihsel s\u00fcre\u00e7 olarak ele al\u0131yor.<span class=\"excerpt-hellip\"> [\u2026]<\/span><\/p>\n","protected":false},"featured_media":0,"template":"","meta":{"_monsterinsights_skip_tracking":false,"_monsterinsights_sitenote_active":false,"_monsterinsights_sitenote_note":"","_monsterinsights_sitenote_category":0},"product_brand":[],"product_cat":[141304],"product_tag":[],"class_list":{"0":"post-784090","1":"product","2":"type-product","3":"status-publish","5":"product_cat-yeni-cikanlar","6":"pa_cilt-ciltsiz","7":"pa_tur-kitap","8":"pa_yayinevi-vakifbank-kultur-yayinlari","9":"pa_yazar-dag-nikolaus-hasse","11":"first","12":"instock","13":"sale","14":"shipping-taxable","15":"purchasable","16":"product-type-simple"},"_links":{"self":[{"href":"https:\/\/roveyayinevi.com.tr\/index.php\/wp-json\/wp\/v2\/product\/784090","targetHints":{"allow":["GET"]}}],"collection":[{"href":"https:\/\/roveyayinevi.com.tr\/index.php\/wp-json\/wp\/v2\/product"}],"about":[{"href":"https:\/\/roveyayinevi.com.tr\/index.php\/wp-json\/wp\/v2\/types\/product"}],"wp:attachment":[{"href":"https:\/\/roveyayinevi.com.tr\/index.php\/wp-json\/wp\/v2\/media?parent=784090"}],"wp:term":[{"taxonomy":"product_brand","embeddable":true,"href":"https:\/\/roveyayinevi.com.tr\/index.php\/wp-json\/wp\/v2\/product_brand?post=784090"},{"taxonomy":"product_cat","embeddable":true,"href":"https:\/\/roveyayinevi.com.tr\/index.php\/wp-json\/wp\/v2\/product_cat?post=784090"},{"taxonomy":"product_tag","embeddable":true,"href":"https:\/\/roveyayinevi.com.tr\/index.php\/wp-json\/wp\/v2\/product_tag?post=784090"}],"curies":[{"name":"wp","href":"https:\/\/api.w.org\/{rel}","templated":true}]}}