{"id":784082,"date":"2026-02-28T04:06:24","date_gmt":"2026-02-28T01:06:24","guid":{"rendered":"https:\/\/roveyayinevi.com.tr\/index.php\/urun\/direksiyonu-kalbe-kirdim\/"},"modified":"2026-04-08T03:43:13","modified_gmt":"2026-04-08T00:43:13","slug":"direksiyonu-kalbe-kirdim","status":"publish","type":"product","link":"https:\/\/roveyayinevi.com.tr\/index.php\/urun\/direksiyonu-kalbe-kirdim\/","title":{"rendered":"Direksiyonu Kalbe K\u0131rd\u0131m"},"content":{"rendered":"<p>Bu kitapta herkes kendinden bir \u015feyler bulacak. S\u0131ra d\u0131\u015f\u0131, ger\u00e7ek\u00e7i, s\u00fcr\u00fckleyici ve ayn\u0131 zamanda romantik, ak\u0131c\u0131 ve e\u011fitici bir roman\u2026A\u015fk, dram, azim, dostluk ve fedak\u00e2rl\u0131k i\u00e7erir\u2026Direksiyonu Kalbe K\u0131rd\u0131m; y\u00fcre\u011fi yaral\u0131 bir \u00e7ocu\u011fun, b\u00fcy\u00fcd\u00fc\u011f\u00fcnde bile kaybetmedi\u011fi o temiz kalbin pe\u015finden giden bir adam\u0131n hik\u00e2yesi\u2026Ali, hayat\u0131n en sert r\u00fczg\u00e2rlar\u0131na k\u00fc\u00e7\u00fck ya\u015fta kanat germek zorunda kald\u0131. Fakat t\u00fcm ac\u0131lar\u0131n i\u00e7inden, insan\u0131n i\u00e7ine i\u015fleyen bir g\u00fczellik ta\u015f\u0131d\u0131: K\u0131r\u0131lmaktan korkmayan, sevdik\u00e7e b\u00fcy\u00fcyen bir kalp\u2026Gen\u00e7lik a\u015fk\u0131 Kelebek, Ali&#8217;nin kalbinde y\u0131llar boyu sakl\u0131 duran o masum titre\u015fimi uyand\u0131rd\u0131\u011f\u0131nda, a\u015fk\u0131n sadece bir duygu de\u011fil; insan\u0131 yeniden kuran bir mucize oldu\u011funu fark etti. Ali&#8217;nin a\u015fk\u0131 ya\u015fama bi\u00e7imi, saf, cesur ve i\u00e7ten\u2026 \u00d6yle ki okurken kendi ilk kalp \u00e7arp\u0131nt\u0131n\u0131z\u0131 yeniden duyumsayacaks\u0131n\u0131z.Onun hayat\u0131nda bir de Serdar abi vard\u0131r; dostluktan \u00f6te bir ba\u011fla sar\u0131lm\u0131\u015f, yol g\u00f6steren, bazen baba, bazen abi, bazen de kaderin sessiz tan\u0131\u011f\u0131\u2026 A\u015fk, dram, aile, sevgi ve dostlu\u011fun i\u00e7 i\u00e7e ge\u00e7ti\u011fi bu roman; s\u0131radan bir hik\u00e2ye anlatmaz. Ger\u00e7e\u011fin k\u0131y\u0131s\u0131nda dola\u015fan, ac\u0131s\u0131yla, umuduyla ve s\u00fcrprizlerle \u00f6r\u00fcl\u00fc, bamba\u015fka bir yolculu\u011fa \u00e7\u0131kar\u0131r. Her sayfada Ali&#8217;nin i\u00e7 d\u00fcnyas\u0131na biraz daha yakla\u015facak, kalbinin g\u00fczelli\u011fini ve a\u015fk\u0131 ne kadar derin ne kadar temiz ya\u015fayabildi\u011fini g\u00f6receksiniz.Ve yolun sonunda sizi bekleyen \u015fey\u2026 Hi\u00e7 tahmin etmedi\u011finiz bir d\u00f6neme\u00e7.Bu hik\u00e2yede herkes kendinden bir \u015fey bulacak; kimi yar\u0131m kalan \u00e7ocuklu\u011fundan, kimi ilk a\u015fk\u0131n\u0131n tela\u015f\u0131ndan, kimi de kalbinin bir k\u00f6\u015fesine saklad\u0131\u011f\u0131 o izden.Haz\u0131r olun\u2026 Bu yolculukta direksiyon kalbe k\u0131r\u0131l\u0131yor ama d\u00f6n\u00fc\u015f\u00fc olmayan bir noktaya do\u011fru.<\/p>\n","protected":false},"excerpt":{"rendered":"<p>Bu kitapta herkes kendinden bir \u015feyler bulacak. S\u0131ra d\u0131\u015f\u0131, ger\u00e7ek\u00e7i, s\u00fcr\u00fckleyici ve ayn\u0131 zamanda romantik, ak\u0131c\u0131 ve e\u011fitici bir roman\u2026A\u015fk, dram, azim, dostluk ve fedak\u00e2rl\u0131k i\u00e7erir\u2026Direksiyonu<span class=\"excerpt-hellip\"> [\u2026]<\/span><\/p>\n","protected":false},"featured_media":0,"template":"","meta":{"_monsterinsights_skip_tracking":false,"_monsterinsights_sitenote_active":false,"_monsterinsights_sitenote_note":"","_monsterinsights_sitenote_category":0},"product_brand":[],"product_cat":[12291,12711],"product_tag":[],"class_list":{"0":"post-784082","1":"product","2":"type-product","3":"status-publish","5":"product_cat-edebiyat","6":"product_cat-roman-oyku","7":"pa_cilt-ciltsiz","8":"pa_tur-kitap","9":"pa_yayinevi-theseus-yayinevi","10":"pa_yazar-yilmaz-erdogan","12":"first","13":"instock","14":"sale","15":"shipping-taxable","16":"purchasable","17":"product-type-simple"},"_links":{"self":[{"href":"https:\/\/roveyayinevi.com.tr\/index.php\/wp-json\/wp\/v2\/product\/784082","targetHints":{"allow":["GET"]}}],"collection":[{"href":"https:\/\/roveyayinevi.com.tr\/index.php\/wp-json\/wp\/v2\/product"}],"about":[{"href":"https:\/\/roveyayinevi.com.tr\/index.php\/wp-json\/wp\/v2\/types\/product"}],"wp:attachment":[{"href":"https:\/\/roveyayinevi.com.tr\/index.php\/wp-json\/wp\/v2\/media?parent=784082"}],"wp:term":[{"taxonomy":"product_brand","embeddable":true,"href":"https:\/\/roveyayinevi.com.tr\/index.php\/wp-json\/wp\/v2\/product_brand?post=784082"},{"taxonomy":"product_cat","embeddable":true,"href":"https:\/\/roveyayinevi.com.tr\/index.php\/wp-json\/wp\/v2\/product_cat?post=784082"},{"taxonomy":"product_tag","embeddable":true,"href":"https:\/\/roveyayinevi.com.tr\/index.php\/wp-json\/wp\/v2\/product_tag?post=784082"}],"curies":[{"name":"wp","href":"https:\/\/api.w.org\/{rel}","templated":true}]}}