{"id":784081,"date":"2026-02-28T03:49:23","date_gmt":"2026-02-28T00:49:23","guid":{"rendered":"https:\/\/roveyayinevi.com.tr\/index.php\/urun\/lazca-turkce-sozluk-ciltli\/"},"modified":"2026-04-05T03:25:24","modified_gmt":"2026-04-05T00:25:24","slug":"lazca-turkce-sozluk-ciltli","status":"publish","type":"product","link":"https:\/\/roveyayinevi.com.tr\/index.php\/urun\/lazca-turkce-sozluk-ciltli\/","title":{"rendered":"Lazca -T\u00fcrk\u00e7e S\u00f6zl\u00fck (Ciltli)"},"content":{"rendered":"<p>\u201cLazca, hi\u00e7bir m\u00fcdahale yap\u0131lmazsa muhtemelen yak\u0131n bir gelecekte kaybolacak diller aras\u0131ndad\u0131r. Bir dilin kayb\u0131 sadece o dili konu\u015fanlar i\u00e7in bir kay\u0131p olmay\u0131p d\u00fcnya k\u00fclt\u00fcrel miras\u0131 a\u00e7\u0131s\u0131ndan da telafi edilemez bir kay\u0131pt\u0131r. Bu ba\u011flamda elinizdeki bu \u00e7al\u0131\u015fma dil ve k\u00fclt\u00fcr ad\u0131na kayg\u0131 duyan herkese hitap eder. S\u00f6zl\u00fc\u011f\u00fcm\u00fcz, Lazcan\u0131n \u00f6nde gelen uzmanlar\u0131ndan G\u00f4ichi Kojima&#8217;n\u0131n k\u0131rk y\u0131l\u0131 a\u015fk\u0131n bir s\u00fcredir Lazca \u00fczerine yapt\u0131\u011f\u0131 \u00e7al\u0131\u015fmalar\u0131n \u00fcr\u00fcn\u00fc olup, G\u00f4ichi Kojima ba\u015fyazarl\u0131\u011f\u0131nda farkl\u0131 y\u00f6relerden farkl\u0131 diyalektlerde konu\u015fan 15 ki\u015finin deste\u011fi ile haz\u0131rlanm\u0131\u015f kolektif bir \u00e7al\u0131\u015fmad\u0131r. Madde ba\u015flar\u0131nda fiillerin \u00fc\u00e7\u00fcnc\u00fc tekil \u015fah\u0131s temsili bi\u00e7imi kullan\u0131lan s\u00f6zl\u00fc\u011f\u00fcm\u00fcz, y\u00f6resel konu\u015fmalarla \u00f6rneklendirilen diyalektolojik \u00f6zelliklerinin yan\u0131nda ayn\u0131 zamanda dilbilimi ve gramer tarifleriyle zenginle\u015ftirilmi\u015f akademik bir \u00e7al\u0131\u015fmad\u0131r. Yazar, Lazcay\u0131 enine boyuna ele alarak okuyucuya derin bir bak\u0131\u015f a\u00e7\u0131s\u0131 sunmaktad\u0131r.\u201d <\/p>\n","protected":false},"excerpt":{"rendered":"<p>\u201cLazca, hi\u00e7bir m\u00fcdahale yap\u0131lmazsa muhtemelen yak\u0131n bir gelecekte kaybolacak diller aras\u0131ndad\u0131r. Bir dilin kayb\u0131 sadece o dili konu\u015fanlar i\u00e7in bir kay\u0131p olmay\u0131p d\u00fcnya k\u00fclt\u00fcrel miras\u0131 a\u00e7\u0131s\u0131ndan<span class=\"excerpt-hellip\"> [\u2026]<\/span><\/p>\n","protected":false},"featured_media":0,"template":"","meta":{"_monsterinsights_skip_tracking":false,"_monsterinsights_sitenote_active":false,"_monsterinsights_sitenote_note":"","_monsterinsights_sitenote_category":0},"product_brand":[],"product_cat":[12566,13611],"product_tag":[],"class_list":{"0":"post-784081","1":"product","2":"type-product","3":"status-publish","5":"product_cat-egitim","6":"product_cat-sozlukler-ve-konusma-kilavuzlari","7":"pa_cilt-ciltli","8":"pa_tur-kitap","9":"pa_yayinevi-toz-yayinlari","10":"pa_yazar-goichi-kojima","12":"first","13":"instock","14":"sale","15":"shipping-taxable","16":"purchasable","17":"product-type-simple"},"_links":{"self":[{"href":"https:\/\/roveyayinevi.com.tr\/index.php\/wp-json\/wp\/v2\/product\/784081","targetHints":{"allow":["GET"]}}],"collection":[{"href":"https:\/\/roveyayinevi.com.tr\/index.php\/wp-json\/wp\/v2\/product"}],"about":[{"href":"https:\/\/roveyayinevi.com.tr\/index.php\/wp-json\/wp\/v2\/types\/product"}],"wp:attachment":[{"href":"https:\/\/roveyayinevi.com.tr\/index.php\/wp-json\/wp\/v2\/media?parent=784081"}],"wp:term":[{"taxonomy":"product_brand","embeddable":true,"href":"https:\/\/roveyayinevi.com.tr\/index.php\/wp-json\/wp\/v2\/product_brand?post=784081"},{"taxonomy":"product_cat","embeddable":true,"href":"https:\/\/roveyayinevi.com.tr\/index.php\/wp-json\/wp\/v2\/product_cat?post=784081"},{"taxonomy":"product_tag","embeddable":true,"href":"https:\/\/roveyayinevi.com.tr\/index.php\/wp-json\/wp\/v2\/product_tag?post=784081"}],"curies":[{"name":"wp","href":"https:\/\/api.w.org\/{rel}","templated":true}]}}