{"id":784080,"date":"2026-02-28T03:42:26","date_gmt":"2026-02-28T00:42:26","guid":{"rendered":"https:\/\/roveyayinevi.com.tr\/index.php\/urun\/freddynin-pizza-dukkaninda-bes-gece-freddy-dosyalari\/"},"modified":"2026-03-23T03:20:03","modified_gmt":"2026-03-23T00:20:03","slug":"freddynin-pizza-dukkaninda-bes-gece-freddy-dosyalari","status":"publish","type":"product","link":"https:\/\/roveyayinevi.com.tr\/index.php\/urun\/freddynin-pizza-dukkaninda-bes-gece-freddy-dosyalari\/","title":{"rendered":"Freddy\u2019nin Pizza D\u00fckkan\u0131\u2019nda Be\u015f Gece: Freddy Dosyalar\u0131"},"content":{"rendered":"<p>Freddy&#8217;nin Pizza D\u00fckk\u00e2n\u0131&#8217;nda Be\u015f Gece&#8217;nin \u00c7OKSATAN rehber kitab\u0131 \u015fimdi Freddy Fazbear Pizzac\u0131 Sim\u00fclat\u00f6r\u00fc ve \u00d6zel Gece&#8217;yi anlatan 64 sayfal\u0131k yeni i\u00e7erikle G\u00dcNCELLEND\u0130! Freddy\u2019nin Pizza D\u00fckk\u00e2n\u0131\u2019nda Be\u015f Gece\u2019nin hayranlar\u0131 ve oyuncular\u0131, bu detayl\u0131 rehber sayesinde pizza d\u00fckk\u00e2n\u0131n\u0131nda sakl\u0131 karma\u015f\u0131k gizemleri \u00e7\u00f6zerken kendilerini serinin hik\u00e2yesine, oyunun i\u015fleyi\u015fine ve s\u0131rlar\u0131na b\u0131rakabilirler. Oyuncular her bir oyuna dalarak animatroniklerin yol haritas\u0131n\u0131 \u00e7\u0131karabilir, oyunlardaki zaman ayarl\u0131 unsurlar\u0131n nas\u0131l \u00e7al\u0131\u015ft\u0131\u011f\u0131n\u0131 \u00f6\u011frenebilir ve e\u015fsiz durumlar\u0131 nas\u0131l tetikleyeceklerini ke\u015ffedebilirler. \u00d6zel b\u00f6l\u00fcmler; \u201c83 ve 87 Is\u0131r\u0131\u011f\u0131\u201d kurbanlar\u0131n\u0131n kimliklerinden Henry ve William Afton\u2019un ge\u00e7mi\u015fine, \u201cBEN\u0130M\u201d oyunundaki yinelenen hal\u00fcsinasyonlara kadar, Freddy\u2019nin hayranlar\u0131n\u0131n en \u00e7ok konu\u015ftu\u011fu teorileri \u00f6n plana \u00e7\u0131kart\u0131yor. Oyunlar\u0131n, kitaplar\u0131n ve daha pek \u00e7ok i\u00e7eri\u011fin her ayr\u0131nt\u0131s\u0131, t\u00fcm kan\u0131tlar hayranlar\u0131n bu \u00e7arp\u0131k d\u00fcnyay\u0131 ke\u015ffetmeleri i\u00e7in elinizdeki e\u015fsiz rehberde bir araya getirildi. <\/p>\n","protected":false},"excerpt":{"rendered":"<p>Freddy&#8217;nin Pizza D\u00fckk\u00e2n\u0131&#8217;nda Be\u015f Gece&#8217;nin \u00c7OKSATAN rehber kitab\u0131 \u015fimdi Freddy Fazbear Pizzac\u0131 Sim\u00fclat\u00f6r\u00fc ve \u00d6zel Gece&#8217;yi anlatan 64 sayfal\u0131k yeni i\u00e7erikle G\u00dcNCELLEND\u0130! Freddy\u2019nin Pizza D\u00fckk\u00e2n\u0131\u2019nda Be\u015f<span class=\"excerpt-hellip\"> [\u2026]<\/span><\/p>\n","protected":false},"featured_media":0,"template":"","meta":{"_monsterinsights_skip_tracking":false,"_monsterinsights_sitenote_active":false,"_monsterinsights_sitenote_note":"","_monsterinsights_sitenote_category":0},"product_brand":[],"product_cat":[12540,12291],"product_tag":[],"class_list":{"0":"post-784080","1":"product","2":"type-product","3":"status-publish","5":"product_cat-bilim-kurgu","6":"product_cat-edebiyat","7":"pa_cilt-ciltsiz","8":"pa_tur-kitap","9":"pa_yayinevi-olimpos-yayinlari","10":"pa_yazar-scott-cawthon","12":"first","13":"instock","14":"sale","15":"shipping-taxable","16":"purchasable","17":"product-type-simple"},"_links":{"self":[{"href":"https:\/\/roveyayinevi.com.tr\/index.php\/wp-json\/wp\/v2\/product\/784080","targetHints":{"allow":["GET"]}}],"collection":[{"href":"https:\/\/roveyayinevi.com.tr\/index.php\/wp-json\/wp\/v2\/product"}],"about":[{"href":"https:\/\/roveyayinevi.com.tr\/index.php\/wp-json\/wp\/v2\/types\/product"}],"wp:attachment":[{"href":"https:\/\/roveyayinevi.com.tr\/index.php\/wp-json\/wp\/v2\/media?parent=784080"}],"wp:term":[{"taxonomy":"product_brand","embeddable":true,"href":"https:\/\/roveyayinevi.com.tr\/index.php\/wp-json\/wp\/v2\/product_brand?post=784080"},{"taxonomy":"product_cat","embeddable":true,"href":"https:\/\/roveyayinevi.com.tr\/index.php\/wp-json\/wp\/v2\/product_cat?post=784080"},{"taxonomy":"product_tag","embeddable":true,"href":"https:\/\/roveyayinevi.com.tr\/index.php\/wp-json\/wp\/v2\/product_tag?post=784080"}],"curies":[{"name":"wp","href":"https:\/\/api.w.org\/{rel}","templated":true}]}}