{"id":784079,"date":"2026-02-28T03:26:25","date_gmt":"2026-02-28T00:26:25","guid":{"rendered":"https:\/\/roveyayinevi.com.tr\/index.php\/urun\/alman-lawrence-ile-musluman-portreler\/"},"modified":"2026-04-16T03:03:31","modified_gmt":"2026-04-16T00:03:31","slug":"alman-lawrence-ile-musluman-portreler","status":"publish","type":"product","link":"https:\/\/roveyayinevi.com.tr\/index.php\/urun\/alman-lawrence-ile-musluman-portreler\/","title":{"rendered":"\u2018\u2018Alman Lawrence\u2019\u2019 ile \u2018\u2018M\u00fcsl\u00fcman\u2019\u2019 Portreler"},"content":{"rendered":"<p>&#8220;Alman Lawrence&#8221; s\u00f6ylemini sevgili okur, ben uydurmad\u0131m. Bu kavram Birinci Sava\u015f ard\u0131ndan Almanya&#8217;da azan militarist bas\u0131n\u0131n icad\u0131d\u0131r. A\u00e7\u0131k s\u00f6yleyeyim, bu \u00e7al\u0131\u015fmamda &#8220;Lawrence&#8221; de bahanedir. Amac\u0131m Birinci Sava\u015f sonunda Kas\u0131m Devrimi ve \u0130kinci Sava\u015f sonunda da K\u0131z\u0131l Ordu&#8217;ca su\u00e7\u00fcst\u00fc yakalanan Alman D\u0131\u015fi\u015fleri&#8217;nin ay\u0131klay\u0131p, imha edemedi\u011fi belgelerine dayanarak T\u00fcrkiye ve do\u011fu d\u00fcnyas\u0131yla Almanya ili\u015fkilerini anlamaya ve anlatmaya \u00e7al\u0131\u015fmakt\u0131r. Bu ba\u011flamda &#8220;Lawrence&#8221; kavram\u0131n\u0131n da alan\u0131n\u0131 alabildi\u011fine geni\u015f tuttum, istihbarat\u00e7\u0131l\u0131k vs. ile do\u011frudan ili\u015fkisi olmayanlar\u0131 da ara\u015ft\u0131rmaya \u00e7al\u0131\u015ft\u0131m.   Hrant Dink&#8217;in \u00f6ld\u00fcr\u00fclmesinin ard\u0131ndan her f\u0131rsatta gitti\u011fim ve dosyalar\u0131na &#8220;a\u00e7 tavuk gibi&#8221; sald\u0131rd\u0131\u011f\u0131m Alman D\u0131\u015fi\u015fleri Dairesi (Bakanl\u0131\u011f\u0131) Politik Ar\u015fivi&#8217;nde galiba bin kadar dosyay\u0131 elden ge\u00e7irmi\u015f, \u00f6nemli bulduklar\u0131m\u0131 foto\u011fraflam\u0131\u015f\u0131m. Bunlar\u0131n bir b\u00f6l\u00fcm\u00fcn\u00fc \u00f6nceki iki kitab\u0131mda (Ermeniler (\u0130leti\u015fim-2011) ve Balkan (Favori-2014)) t\u00fcrk\u00e7e okura iletmi\u015ftim. Bu \u00e7al\u0131\u015fmay\u0131 ya\u015f\u0131m yetmi\u015fe gelirken, burada ilk cildini sundu\u011fum &#8220;Alman Lawrence&#8221; ile sonland\u0131rmak istiyorum. &#8220;Alman Lawrence&#8221; \u00fc\u00e7 cilt olacak.   &#8220;Portreler&#8221;de, sunmak istedi\u011fim genel tablonun \u00e7e\u015fitli k\u00f6\u015felerinden ki\u015filer, tarihleri a\u00e7\u0131s\u0131ndan birbirinden kopukmu\u015f gibi g\u00f6r\u00fcnen olaylar, puzzle&#8217;lar ile, kimi tekrarlar\u0131 da g\u00f6ze alarak, okurun gelecek b\u00f6l\u00fcmlerde anlatacaklar\u0131m i\u00e7in bir \u00f6nbilgi sahibi olmas\u0131n\u0131 ama\u00e7lad\u0131m.                                                                                                                                                Serdar Din\u00e7er <\/p>\n","protected":false},"excerpt":{"rendered":"<p>&#8220;Alman Lawrence&#8221; s\u00f6ylemini sevgili okur, ben uydurmad\u0131m. Bu kavram Birinci Sava\u015f ard\u0131ndan Almanya&#8217;da azan militarist bas\u0131n\u0131n icad\u0131d\u0131r. A\u00e7\u0131k s\u00f6yleyeyim, bu \u00e7al\u0131\u015fmamda &#8220;Lawrence&#8221; de bahanedir. Amac\u0131m Birinci<span class=\"excerpt-hellip\"> [\u2026]<\/span><\/p>\n","protected":false},"featured_media":0,"template":"","meta":{"_monsterinsights_skip_tracking":false,"_monsterinsights_sitenote_active":false,"_monsterinsights_sitenote_note":"","_monsterinsights_sitenote_category":0},"product_brand":[],"product_cat":[13590,12337],"product_tag":[],"class_list":{"0":"post-784079","1":"product","2":"type-product","3":"status-publish","5":"product_cat-arastirma-inceleme-politika-siyaset","6":"product_cat-politika-siyaset","7":"pa_cilt-ciltsiz","8":"pa_tur-kitap","9":"pa_yayinevi-favori-yayinlari","10":"pa_yazar-serdar-dincer","12":"first","13":"instock","14":"sale","15":"shipping-taxable","16":"purchasable","17":"product-type-simple"},"_links":{"self":[{"href":"https:\/\/roveyayinevi.com.tr\/index.php\/wp-json\/wp\/v2\/product\/784079","targetHints":{"allow":["GET"]}}],"collection":[{"href":"https:\/\/roveyayinevi.com.tr\/index.php\/wp-json\/wp\/v2\/product"}],"about":[{"href":"https:\/\/roveyayinevi.com.tr\/index.php\/wp-json\/wp\/v2\/types\/product"}],"wp:attachment":[{"href":"https:\/\/roveyayinevi.com.tr\/index.php\/wp-json\/wp\/v2\/media?parent=784079"}],"wp:term":[{"taxonomy":"product_brand","embeddable":true,"href":"https:\/\/roveyayinevi.com.tr\/index.php\/wp-json\/wp\/v2\/product_brand?post=784079"},{"taxonomy":"product_cat","embeddable":true,"href":"https:\/\/roveyayinevi.com.tr\/index.php\/wp-json\/wp\/v2\/product_cat?post=784079"},{"taxonomy":"product_tag","embeddable":true,"href":"https:\/\/roveyayinevi.com.tr\/index.php\/wp-json\/wp\/v2\/product_tag?post=784079"}],"curies":[{"name":"wp","href":"https:\/\/api.w.org\/{rel}","templated":true}]}}