{"id":784076,"date":"2026-02-28T02:50:21","date_gmt":"2026-02-27T23:50:21","guid":{"rendered":"https:\/\/roveyayinevi.com.tr\/index.php\/urun\/zeka-gelistirici-dikkat-arttiran-akil-oyunlari-3-seviye\/"},"modified":"2026-04-12T02:41:04","modified_gmt":"2026-04-11T23:41:04","slug":"zeka-gelistirici-dikkat-arttiran-akil-oyunlari-3-seviye","status":"publish","type":"product","link":"https:\/\/roveyayinevi.com.tr\/index.php\/urun\/zeka-gelistirici-dikkat-arttiran-akil-oyunlari-3-seviye\/","title":{"rendered":"Zeka Geli\u015ftirici &amp; Dikkat Artt\u0131ran Ak\u0131l Oyunlar\u0131 &#8211; 3. Seviye"},"content":{"rendered":"<p>Zeka bireyin do\u011fu\u015ftan sahip oldu\u011fu, kal\u0131t\u0131mla nesilden nesile aktar\u0131lan, deneyim, \u00f6\u011frenme ve \u00e7evresel fakt\u00f6rlerle geli\u015febilen \u00e7ok y\u00f6nl\u00fc ve sistematik bir yap\u0131d\u0131r. Ak\u0131l ve Zeka Oyunlar\u0131; bireyin kendi potansiyelinin fark\u0131nda olmas\u0131, h\u0131zl\u0131 ve do\u011fru karar verebilmesi, kar\u015f\u0131la\u015ft\u0131\u011f\u0131 problemlerle kendisine has alternatif \u00e7\u00f6z\u00fcm yollar\u0131 \u00fcretebilmesi ve en \u00f6nemlisi bu y\u00f6nlerini s\u00fcrekli geli\u015ftirebilmek ad\u0131na haz\u0131rlanm\u0131\u015f etkinlikler b\u00fct\u00fcn\u00fcd\u00fcr. Zihni a\u00e7an, akl\u0131 \u00e7al\u0131\u015ft\u0131ran, \u00f6\u011frenmeyi kolayla\u015ft\u0131ran, \u00e7abuk \u00f6\u011frenmeyi sa\u011flayan \u201cZeka Oyunlar\u0131\u201d gelece\u011fin e\u011fitim metodu olarak kabul edilmektedir.   \u0130\u00e7erik   . Mant\u0131k Oyunlar\u0131 . \u0130\u015flem Oyunlar\u0131 . Strateji Oyunlar\u0131 . Karma Zeka Oyunlar\u0131 . S\u00f6zc\u00fck Oyunlar\u0131 . Mekanik Oyunlar <\/p>\n","protected":false},"excerpt":{"rendered":"<p>Zeka bireyin do\u011fu\u015ftan sahip oldu\u011fu, kal\u0131t\u0131mla nesilden nesile aktar\u0131lan, deneyim, \u00f6\u011frenme ve \u00e7evresel fakt\u00f6rlerle geli\u015febilen \u00e7ok y\u00f6nl\u00fc ve sistematik bir yap\u0131d\u0131r. Ak\u0131l ve Zeka Oyunlar\u0131; bireyin<span class=\"excerpt-hellip\"> [\u2026]<\/span><\/p>\n","protected":false},"featured_media":0,"template":"","meta":{"_monsterinsights_skip_tracking":false,"_monsterinsights_sitenote_active":false,"_monsterinsights_sitenote_note":"","_monsterinsights_sitenote_category":0},"product_brand":[],"product_cat":[12274,24599],"product_tag":[],"class_list":{"0":"post-784076","1":"product","2":"type-product","3":"status-publish","5":"product_cat-cocuk-ve-genclik-kitaplari","6":"product_cat-zeka-gelisimi","7":"pa_cilt-ciltsiz","8":"pa_tur-kitap","9":"pa_yayinevi-4-boyut-yayinlari","10":"pa_yazar-eda-kilic","12":"first","13":"instock","14":"sale","15":"shipping-taxable","16":"purchasable","17":"product-type-simple"},"_links":{"self":[{"href":"https:\/\/roveyayinevi.com.tr\/index.php\/wp-json\/wp\/v2\/product\/784076","targetHints":{"allow":["GET"]}}],"collection":[{"href":"https:\/\/roveyayinevi.com.tr\/index.php\/wp-json\/wp\/v2\/product"}],"about":[{"href":"https:\/\/roveyayinevi.com.tr\/index.php\/wp-json\/wp\/v2\/types\/product"}],"wp:attachment":[{"href":"https:\/\/roveyayinevi.com.tr\/index.php\/wp-json\/wp\/v2\/media?parent=784076"}],"wp:term":[{"taxonomy":"product_brand","embeddable":true,"href":"https:\/\/roveyayinevi.com.tr\/index.php\/wp-json\/wp\/v2\/product_brand?post=784076"},{"taxonomy":"product_cat","embeddable":true,"href":"https:\/\/roveyayinevi.com.tr\/index.php\/wp-json\/wp\/v2\/product_cat?post=784076"},{"taxonomy":"product_tag","embeddable":true,"href":"https:\/\/roveyayinevi.com.tr\/index.php\/wp-json\/wp\/v2\/product_tag?post=784076"}],"curies":[{"name":"wp","href":"https:\/\/api.w.org\/{rel}","templated":true}]}}