{"id":784075,"date":"2026-02-28T02:45:16","date_gmt":"2026-02-27T23:45:16","guid":{"rendered":"https:\/\/roveyayinevi.com.tr\/index.php\/urun\/yasam-sevinci\/"},"modified":"2026-03-02T02:46:25","modified_gmt":"2026-03-01T23:46:25","slug":"yasam-sevinci","status":"publish","type":"product","link":"https:\/\/roveyayinevi.com.tr\/index.php\/urun\/yasam-sevinci\/","title":{"rendered":"Ya\u015fam Sevinci"},"content":{"rendered":"<p>Bu kitab\u0131 sofras\u0131n\u0131 ger\u00e7ek besinlerle, \u015fifayla, sa\u011fl\u0131kla donatmak isteyen, ama nereden ba\u015flayaca\u011f\u0131n\u0131, \u00f6nce hangi ad\u0131m\u0131 ataca\u011f\u0131n\u0131 bilmeyenler i\u00e7in yazd\u0131m. Hepimiz sa\u011fl\u0131kl\u0131 olmak, uzun ve mutlu bir ya\u015fam s\u00fcrmek istiyoruz. Ya\u015fam Sevinci kitab\u0131 ile \u201csa\u011fl\u0131kl\u0131 ya\u015fam\u201d bir kavram olmaktan \u00e7\u0131k\u0131p g\u00fcndelik hayat\u0131n bir par\u00e7as\u0131 h\u00e2line gelecek. Ya\u015fam Sevinci\u2019nde bilimle desteklenen bilgi var. Daha da \u00f6nemlisi bilginin eyleme ge\u00e7ebilmesi i\u00e7in pratik \u00f6neriler var. G\u0131dan\u0131z\u0131 nas\u0131l se\u00e7eceksiniz? Do\u011fru beslenme nas\u0131l olmal\u0131? Diyet yapmadan hem kilonuzu hem sa\u011fl\u0131\u011f\u0131n\u0131z\u0131 nas\u0131l korursunuz? Kronik hastal\u0131klar\u0131 nas\u0131l \u00f6nlersiniz? Ya\u015fam Sevinci\u2019ni akl\u0131n\u0131z\u0131 kurcalayan sorular\u0131 cevaplayan, \u00e7\u00f6z\u00fcms\u00fczl\u00fck yerine \u00e7\u00f6z\u00fcm sunan bir ba\u015fucu kitab\u0131 olarak yazd\u0131m. Bu kitapta;              Geleneksel t\u0131pta binlerce y\u0131ld\u0131r ila\u00e7 niyetine kullan\u0131lan bitkiler, bu bitkilerden faydalanman\u0131n yollar\u0131 var.              Temiz g\u0131daya ula\u015fmak, zararl\u0131 olan\u0131 \u015fifal\u0131 olanla de\u011fi\u015ftirmek i\u00e7in bilmeniz gerekenler var.              Tahinli ekmek, gl\u00fctensiz \u00e7\u00f6rek, vegan po\u011fa\u00e7a gibi, bu\u011fday unu kullanmadan haz\u0131rlayabilece\u011finiz sa\u011fl\u0131kl\u0131 tarifler var.              Kronik hastal\u0131klardan koruyan, s\u0131k rastlanan sa\u011fl\u0131k sorunlar\u0131nda \u015fifa veren bitkisel k\u00fcrler var. Bana g\u00f6re bir hekimin misyonu siz hasta olduktan sonra pek \u00e7ok yan etkisi olan ila\u00e7 re\u00e7ete etmek de\u011fil, sizi hastal\u0131klardan korumak olmal\u0131. Ben Ya\u015fam Sevinci\u2019ni bu misyonu yerine getirmek i\u00e7in yazd\u0131m. Peki siz sa\u011fl\u0131\u011f\u0131n\u0131z\u0131n kontrol\u00fcn\u00fc ele almaya haz\u0131r m\u0131s\u0131n\u0131z?<\/p>\n","protected":false},"excerpt":{"rendered":"<p>Bu kitab\u0131 sofras\u0131n\u0131 ger\u00e7ek besinlerle, \u015fifayla, sa\u011fl\u0131kla donatmak isteyen, ama nereden ba\u015flayaca\u011f\u0131n\u0131, \u00f6nce hangi ad\u0131m\u0131 ataca\u011f\u0131n\u0131 bilmeyenler i\u00e7in yazd\u0131m. Hepimiz sa\u011fl\u0131kl\u0131 olmak, uzun ve mutlu bir<span class=\"excerpt-hellip\"> [\u2026]<\/span><\/p>\n","protected":false},"featured_media":0,"template":"","meta":{"_monsterinsights_skip_tracking":false,"_monsterinsights_sitenote_active":false,"_monsterinsights_sitenote_note":"","_monsterinsights_sitenote_category":0},"product_brand":[],"product_cat":[20313,13365],"product_tag":[],"class_list":{"0":"post-784075","1":"product","2":"type-product","3":"status-publish","5":"product_cat-basvuru-kitaplari-saglik","6":"product_cat-saglik","7":"pa_cilt-ciltsiz","8":"pa_tur-kitap","9":"pa_yayinevi-alfa-yayinlari","10":"pa_yazar-umit-aktas","12":"first","13":"instock","14":"sale","15":"shipping-taxable","16":"purchasable","17":"product-type-simple"},"_links":{"self":[{"href":"https:\/\/roveyayinevi.com.tr\/index.php\/wp-json\/wp\/v2\/product\/784075","targetHints":{"allow":["GET"]}}],"collection":[{"href":"https:\/\/roveyayinevi.com.tr\/index.php\/wp-json\/wp\/v2\/product"}],"about":[{"href":"https:\/\/roveyayinevi.com.tr\/index.php\/wp-json\/wp\/v2\/types\/product"}],"wp:attachment":[{"href":"https:\/\/roveyayinevi.com.tr\/index.php\/wp-json\/wp\/v2\/media?parent=784075"}],"wp:term":[{"taxonomy":"product_brand","embeddable":true,"href":"https:\/\/roveyayinevi.com.tr\/index.php\/wp-json\/wp\/v2\/product_brand?post=784075"},{"taxonomy":"product_cat","embeddable":true,"href":"https:\/\/roveyayinevi.com.tr\/index.php\/wp-json\/wp\/v2\/product_cat?post=784075"},{"taxonomy":"product_tag","embeddable":true,"href":"https:\/\/roveyayinevi.com.tr\/index.php\/wp-json\/wp\/v2\/product_tag?post=784075"}],"curies":[{"name":"wp","href":"https:\/\/api.w.org\/{rel}","templated":true}]}}