{"id":784074,"date":"2026-02-28T02:38:27","date_gmt":"2026-02-27T23:38:27","guid":{"rendered":"https:\/\/roveyayinevi.com.tr\/index.php\/urun\/elemge\/"},"modified":"2026-04-15T02:36:57","modified_gmt":"2026-04-14T23:36:57","slug":"elemge","status":"publish","type":"product","link":"https:\/\/roveyayinevi.com.tr\/index.php\/urun\/elemge\/","title":{"rendered":"Elemge"},"content":{"rendered":"<p>Arka mahallelerde \u00e7\u00fcr\u00fcy\u00fcp giden hayatlar, sat\u0131lan bedenler, \u00f6ld\u00fcrmek \u00fczere e\u011fitilmi\u015f k\u00f6pekler, uyu\u015fturucu, anas\u0131z babas\u0131z b\u00fcy\u00fcyen \u00e7ocuklar, cinayetler&#8230;Canan Aky\u00fcz ilk roman\u0131 Elemge\u2019de bunlar\u0131 anlat\u0131yor. Birbirine dolanan \u00e7ile \u00e7ile hik\u00e2ye, elemgede e\u011firilen ipler gibi birbiri etraf\u0131nda d\u00f6n\u00fcyor.\u201cSon y\u0131llarda okuduklar\u0131m aras\u0131nda beni en \u00e7ok onun yazd\u0131\u011f\u0131 hik\u00e2yeler heyecanland\u0131rd\u0131. Derinlerden gelen bir \u00e7\u0131\u011fl\u0131k ince bir duyarl\u0131kla hayat buluyor. Edebiyat\u0131m\u0131z\u0131n gelecek vaat eden bir yazar kazand\u0131\u011f\u0131 inanc\u0131nday\u0131m.\u201dMario Levi\u201cDaha ilk okuyu\u015fumda \u00e7arp\u0131lm\u0131\u015ft\u0131m: Bir ilk kitapta \u00e7ok az rastlayabildi\u011fimiz bir dil (\u00f6zellikle argo) h\u00e2kimiyeti, teknik ustal\u0131k, capcanl\u0131 (anti)kahramanlar: Canan Aky\u00fcz i\u00e7in zar\u0131m\u0131 at\u0131yorum.\u201dSelahattin \u00d6zpalab\u0131y\u0131klar<\/p>\n","protected":false},"excerpt":{"rendered":"<p>Arka mahallelerde \u00e7\u00fcr\u00fcy\u00fcp giden hayatlar, sat\u0131lan bedenler, \u00f6ld\u00fcrmek \u00fczere e\u011fitilmi\u015f k\u00f6pekler, uyu\u015fturucu, anas\u0131z babas\u0131z b\u00fcy\u00fcyen \u00e7ocuklar, cinayetler&#8230;Canan Aky\u00fcz ilk roman\u0131 Elemge\u2019de bunlar\u0131 anlat\u0131yor. Birbirine dolanan \u00e7ile<span class=\"excerpt-hellip\"> [\u2026]<\/span><\/p>\n","protected":false},"featured_media":0,"template":"","meta":{"_monsterinsights_skip_tracking":false,"_monsterinsights_sitenote_active":false,"_monsterinsights_sitenote_note":"","_monsterinsights_sitenote_category":0},"product_brand":[],"product_cat":[12291,12711],"product_tag":[],"class_list":{"0":"post-784074","1":"product","2":"type-product","3":"status-publish","5":"product_cat-edebiyat","6":"product_cat-roman-oyku","7":"pa_cilt-ciltsiz","8":"pa_tur-kitap","9":"pa_yayinevi-dedalus-kitap","10":"pa_yazar-canan-akyuz","12":"first","13":"instock","14":"sale","15":"shipping-taxable","16":"purchasable","17":"product-type-simple"},"_links":{"self":[{"href":"https:\/\/roveyayinevi.com.tr\/index.php\/wp-json\/wp\/v2\/product\/784074","targetHints":{"allow":["GET"]}}],"collection":[{"href":"https:\/\/roveyayinevi.com.tr\/index.php\/wp-json\/wp\/v2\/product"}],"about":[{"href":"https:\/\/roveyayinevi.com.tr\/index.php\/wp-json\/wp\/v2\/types\/product"}],"wp:attachment":[{"href":"https:\/\/roveyayinevi.com.tr\/index.php\/wp-json\/wp\/v2\/media?parent=784074"}],"wp:term":[{"taxonomy":"product_brand","embeddable":true,"href":"https:\/\/roveyayinevi.com.tr\/index.php\/wp-json\/wp\/v2\/product_brand?post=784074"},{"taxonomy":"product_cat","embeddable":true,"href":"https:\/\/roveyayinevi.com.tr\/index.php\/wp-json\/wp\/v2\/product_cat?post=784074"},{"taxonomy":"product_tag","embeddable":true,"href":"https:\/\/roveyayinevi.com.tr\/index.php\/wp-json\/wp\/v2\/product_tag?post=784074"}],"curies":[{"name":"wp","href":"https:\/\/api.w.org\/{rel}","templated":true}]}}