{"id":784073,"date":"2026-02-28T02:27:39","date_gmt":"2026-02-27T23:27:39","guid":{"rendered":"https:\/\/roveyayinevi.com.tr\/index.php\/urun\/rothschildler-ve-osmanli-imparatorlugu\/"},"modified":"2026-03-30T02:20:10","modified_gmt":"2026-03-29T23:20:10","slug":"rothschildler-ve-osmanli-imparatorlugu","status":"publish","type":"product","link":"https:\/\/roveyayinevi.com.tr\/index.php\/urun\/rothschildler-ve-osmanli-imparatorlugu\/","title":{"rendered":"Rothschildler ve Osmanl\u0131 \u0130mparatorlu\u011fu"},"content":{"rendered":"<p>Adlar\u0131, iki y\u00fczy\u0131ld\u0131r para, g\u00fc\u00e7 ve gizlilikle e\u015f anlaml\u0131 olarak an\u0131lan Rothschildler ile Osmanl\u0131 \u0130mparatorlu\u011fu aras\u0131ndaki ili\u015fkiler, 1820\u2019li y\u0131llar\u0131n sonunda ba\u015flam\u0131\u015ft\u0131r. Yeni kurulan Cumhuriyet\u2019e de intikal eden m\u00fcnasebetler bug\u00fcne de\u011fin artarak devam etmi\u015ftir. Aile ile Osmanl\u0131 \u0130mparatorlu\u011fu aras\u0131ndaki ili\u015fkiler elinizdeki \u00e7al\u0131\u015fman\u0131n konusudur. Rothschildler ile T\u00fcrkiye Cumhuriyeti aras\u0131ndaki m\u00fcnasebetler ikinci kitapta ele al\u0131nm\u0131\u015ft\u0131r. \u00dclkemizde ve yurt d\u0131\u015f\u0131nda \u015fimdiye de\u011fin bu konuda hi\u00e7bir ba\u011f\u0131ms\u0131z \u00e7al\u0131\u015fma yap\u0131lmam\u0131\u015ft\u0131r. Bu bak\u0131mdan eser; siyasal tarihin ve iktisat tarihinin \u00f6nemli bir eksikli\u011fini tamamlayacakt\u0131r. Bilhassa \u00fclkemizde, Rothschildlere ili\u015fkin, s\u00f6ylentilerden ibaret, subjektif ve ciddiyetten uzak kimi bilgiler dola\u015fmaktad\u0131r. \u0130\u015fte, bu kitapla tarihsel sorunlar\u0131n nas\u0131l bir y\u00f6ntemle \u00e7\u00f6z\u00fclmesi gerekti\u011fi de g\u00f6sterilmi\u015ftir. Eserde, Rothschildlerin Sultan II. Mahmud, Abd\u00fclmecid, II. Abd\u00fclhamid ve \u0130ttihat\u00e7\u0131larla ili\u015fkileri ilk defa belgelere dayan\u0131larak a\u00e7\u0131kl\u0131\u011fa kavu\u015fturulmu\u015ftur. Tanzimat d\u00f6neminin ba\u015fl\u0131ca isimlerinden Mustafa Re\u015fit, \u00c2li ve Fuad Pa\u015falar\u0131n, II. Abd\u00fclhamid\u2019in sadrazamlar\u0131ndan Kabaa\u011fa\u00e7l\u0131zade Cevat ve Kamil Pa\u015fa\u2019n\u0131n, \u0130ttihat\u00e7\u0131 \u00f6nderlerden Ahmet R\u0131za\u2019n\u0131n ve \u00fcnl\u00fc Maliye Naz\u0131r\u0131 Cavit Bey\u2019in de Rothschildlerle kurduklar\u0131 ili\u015fkiler bu eserde ayd\u0131nlat\u0131lm\u0131\u015ft\u0131r. Rothschild Ailesi\u2019nden al\u0131nan bor\u00e7lar, Osmanl\u0131 Bankas\u0131, T\u00fcrkiye\u2019deki Musevi cemaati ile Ailenin ili\u015fkileri ve Aile \u00fcyelerine Osmanl\u0131 sultanlar\u0131 taraf\u0131ndan tevcih edilen ni\u015fanlar ilk defa bu \u00e7al\u0131\u015fmada meydana \u00e7\u0131kar\u0131lm\u0131\u015ft\u0131r. Filistin Meselesi ve Siyonizm sorunsal\u0131 da ba\u015f akt\u00f6r konumumdaki Rothschildler ve Osmanl\u0131 \u0130mparatorlu\u011fu ba\u011flam\u0131nda, \u015fa\u015f\u0131rt\u0131c\u0131 orijinal belgelerle yine ilk olarak bu eserde kaleme al\u0131nm\u0131\u015ft\u0131r. \ufffc<\/p>\n","protected":false},"excerpt":{"rendered":"<p>Adlar\u0131, iki y\u00fczy\u0131ld\u0131r para, g\u00fc\u00e7 ve gizlilikle e\u015f anlaml\u0131 olarak an\u0131lan Rothschildler ile Osmanl\u0131 \u0130mparatorlu\u011fu aras\u0131ndaki ili\u015fkiler, 1820\u2019li y\u0131llar\u0131n sonunda ba\u015flam\u0131\u015ft\u0131r. Yeni kurulan Cumhuriyet\u2019e de intikal<span class=\"excerpt-hellip\"> [\u2026]<\/span><\/p>\n","protected":false},"featured_media":0,"template":"","meta":{"_monsterinsights_skip_tracking":false,"_monsterinsights_sitenote_active":false,"_monsterinsights_sitenote_note":"","_monsterinsights_sitenote_category":0},"product_brand":[],"product_cat":[12338,12337],"product_tag":[],"class_list":{"0":"post-784073","1":"product","2":"type-product","3":"status-publish","5":"product_cat-dunya-siyaseti-ve-politikasi","6":"product_cat-politika-siyaset","7":"pa_cilt-ciltsiz","8":"pa_tur-kitap","9":"pa_yayinevi-erguvani-yayinevi","10":"pa_yazar-sezai-balci-ve-mustafa-balcioglu","12":"first","13":"instock","14":"sale","15":"shipping-taxable","16":"purchasable","17":"product-type-simple"},"_links":{"self":[{"href":"https:\/\/roveyayinevi.com.tr\/index.php\/wp-json\/wp\/v2\/product\/784073","targetHints":{"allow":["GET"]}}],"collection":[{"href":"https:\/\/roveyayinevi.com.tr\/index.php\/wp-json\/wp\/v2\/product"}],"about":[{"href":"https:\/\/roveyayinevi.com.tr\/index.php\/wp-json\/wp\/v2\/types\/product"}],"wp:attachment":[{"href":"https:\/\/roveyayinevi.com.tr\/index.php\/wp-json\/wp\/v2\/media?parent=784073"}],"wp:term":[{"taxonomy":"product_brand","embeddable":true,"href":"https:\/\/roveyayinevi.com.tr\/index.php\/wp-json\/wp\/v2\/product_brand?post=784073"},{"taxonomy":"product_cat","embeddable":true,"href":"https:\/\/roveyayinevi.com.tr\/index.php\/wp-json\/wp\/v2\/product_cat?post=784073"},{"taxonomy":"product_tag","embeddable":true,"href":"https:\/\/roveyayinevi.com.tr\/index.php\/wp-json\/wp\/v2\/product_tag?post=784073"}],"curies":[{"name":"wp","href":"https:\/\/api.w.org\/{rel}","templated":true}]}}