{"id":784070,"date":"2026-02-28T02:15:17","date_gmt":"2026-02-27T23:15:17","guid":{"rendered":"https:\/\/roveyayinevi.com.tr\/index.php\/urun\/beni-sessiz-de-sevebilir-misin-2\/"},"modified":"2026-04-13T02:10:32","modified_gmt":"2026-04-12T23:10:32","slug":"beni-sessiz-de-sevebilir-misin-2","status":"publish","type":"product","link":"https:\/\/roveyayinevi.com.tr\/index.php\/urun\/beni-sessiz-de-sevebilir-misin-2\/","title":{"rendered":"Beni Sessiz de Sevebilir misin?"},"content":{"rendered":"<p>Merhaba,Hi\u00e7 tan\u0131\u015fmad\u0131\u011f\u0131m\u0131z halde seni \u00e7ok iyi tan\u0131yorum. Hen\u00fcz fark\u0131nda olmad\u0131\u011f\u0131n bir yolculukta oldu\u011funu biliyorum. Ac\u0131lar ve yaln\u0131zl\u0131klar olarak g\u00f6r\u00fcyorsun bir\u00e7ok \u015feyi. Bir \u00e7\u0131k\u0131\u015f hayal ediyorsun. Bir \u00e7\u00f6z\u00fcm. Bir deva.Asl\u0131nda, arad\u0131\u011f\u0131n \u015feyin ad\u0131n\u0131 bile bilmiyorsun. Hatta \u201cger\u00e7ekten\u201d bir \u015feyler arad\u0131\u011f\u0131n\u0131n fark\u0131nda bile de\u011filsin. Eksikli\u011fini hissetti\u011fin \u015fey ne olabilir? Umut mu, tebess\u00fcm m\u00fc ya da hayal k\u0131r\u0131kl\u0131klar\u0131n\u0131 yok ediverecek sihirli bir a\u015fk m\u0131? Yoksa, huzur mu? Seni sessizce seven, seni hi\u00e7 unutmayan, sana \u00e7ok yak\u0131n olan biri var. Yeni cevaplar i\u00e7in yeni sorulara ihtiyac\u0131n oldu\u011funu anlad\u0131\u011f\u0131n an, hayal k\u0131r\u0131kl\u0131klar\u0131 ve kay\u0131plar yerini co\u015fku, nezaket ve fark\u0131ndal\u0131\u011fa b\u0131rakacak. Hadi, ke\u015ffet\u2026<\/p>\n","protected":false},"excerpt":{"rendered":"<p>Merhaba,Hi\u00e7 tan\u0131\u015fmad\u0131\u011f\u0131m\u0131z halde seni \u00e7ok iyi tan\u0131yorum. Hen\u00fcz fark\u0131nda olmad\u0131\u011f\u0131n bir yolculukta oldu\u011funu biliyorum. Ac\u0131lar ve yaln\u0131zl\u0131klar olarak g\u00f6r\u00fcyorsun bir\u00e7ok \u015feyi. Bir \u00e7\u0131k\u0131\u015f hayal ediyorsun. Bir<span class=\"excerpt-hellip\"> [\u2026]<\/span><\/p>\n","protected":false},"featured_media":0,"template":"","meta":{"_monsterinsights_skip_tracking":false,"_monsterinsights_sitenote_active":false,"_monsterinsights_sitenote_note":"","_monsterinsights_sitenote_category":0},"product_brand":[],"product_cat":[12777,12291],"product_tag":[],"class_list":{"0":"post-784070","1":"product","2":"type-product","3":"status-publish","5":"product_cat-deneme","6":"product_cat-edebiyat","7":"pa_cilt-ciltsiz","8":"pa_tur-kitap","9":"pa_yayinevi-timas-yayinlari","10":"pa_yazar-kemal-sayar","12":"first","13":"instock","14":"sale","15":"shipping-taxable","16":"purchasable","17":"product-type-simple"},"_links":{"self":[{"href":"https:\/\/roveyayinevi.com.tr\/index.php\/wp-json\/wp\/v2\/product\/784070","targetHints":{"allow":["GET"]}}],"collection":[{"href":"https:\/\/roveyayinevi.com.tr\/index.php\/wp-json\/wp\/v2\/product"}],"about":[{"href":"https:\/\/roveyayinevi.com.tr\/index.php\/wp-json\/wp\/v2\/types\/product"}],"wp:attachment":[{"href":"https:\/\/roveyayinevi.com.tr\/index.php\/wp-json\/wp\/v2\/media?parent=784070"}],"wp:term":[{"taxonomy":"product_brand","embeddable":true,"href":"https:\/\/roveyayinevi.com.tr\/index.php\/wp-json\/wp\/v2\/product_brand?post=784070"},{"taxonomy":"product_cat","embeddable":true,"href":"https:\/\/roveyayinevi.com.tr\/index.php\/wp-json\/wp\/v2\/product_cat?post=784070"},{"taxonomy":"product_tag","embeddable":true,"href":"https:\/\/roveyayinevi.com.tr\/index.php\/wp-json\/wp\/v2\/product_tag?post=784070"}],"curies":[{"name":"wp","href":"https:\/\/api.w.org\/{rel}","templated":true}]}}