{"id":784069,"date":"2026-02-28T02:12:11","date_gmt":"2026-02-27T23:12:11","guid":{"rendered":"https:\/\/roveyayinevi.com.tr\/index.php\/urun\/kuranin-ana-konulari\/"},"modified":"2026-04-16T02:06:42","modified_gmt":"2026-04-15T23:06:42","slug":"kuranin-ana-konulari","status":"publish","type":"product","link":"https:\/\/roveyayinevi.com.tr\/index.php\/urun\/kuranin-ana-konulari\/","title":{"rendered":"Kur\u2019an\u2019\u0131n Ana Konular\u0131"},"content":{"rendered":"<p>Kur\u2019an-\u0131 Kerim\u2019in kendine \u00f6zg\u00fc bir anlat\u0131m metodu vard\u0131r. Ama\u00e7 konularla ara\u00e7 durumundaki konular i\u00e7i\u00e7edir. Ama\u00e7 konulardan kast\u0131m\u0131z dini olu\u015fturan itikad\u00ee konularla \u0130badet, Ahl\u00e2k ve Sosyal Hayat\u0131 d\u00fczenleyen ahk\u00e2m konular\u0131d\u0131r. Kur\u2019an-\u0131 Kerim i\u00e7in bu gibi konular. ama\u00e7 konular yani Kur\u2019an\u2019\u0131n ana konular\u0131d\u0131r. Kur\u2019an\u2019\u0131n hidayet ile nitelenmesi de bundan dolay\u0131d\u0131r. <\/p>\n","protected":false},"excerpt":{"rendered":"<p>Kur\u2019an-\u0131 Kerim\u2019in kendine \u00f6zg\u00fc bir anlat\u0131m metodu vard\u0131r. Ama\u00e7 konularla ara\u00e7 durumundaki konular i\u00e7i\u00e7edir. Ama\u00e7 konulardan kast\u0131m\u0131z dini olu\u015fturan itikad\u00ee konularla \u0130badet, Ahl\u00e2k ve Sosyal Hayat\u0131<span class=\"excerpt-hellip\"> [\u2026]<\/span><\/p>\n","protected":false},"featured_media":0,"template":"","meta":{"_monsterinsights_skip_tracking":false,"_monsterinsights_sitenote_active":false,"_monsterinsights_sitenote_note":"","_monsterinsights_sitenote_category":0},"product_brand":[],"product_cat":[12718,12719,17284],"product_tag":[],"class_list":{"0":"post-784069","1":"product","2":"type-product","3":"status-publish","5":"product_cat-din","6":"product_cat-islam","7":"product_cat-kuran-ve-kuran-uzerine","8":"pa_tur-kitap","9":"pa_yayinevi-beyan-yayinlari","10":"pa_yazar-m-sait-simsek","12":"first","13":"instock","14":"sale","15":"shipping-taxable","16":"purchasable","17":"product-type-simple"},"_links":{"self":[{"href":"https:\/\/roveyayinevi.com.tr\/index.php\/wp-json\/wp\/v2\/product\/784069","targetHints":{"allow":["GET"]}}],"collection":[{"href":"https:\/\/roveyayinevi.com.tr\/index.php\/wp-json\/wp\/v2\/product"}],"about":[{"href":"https:\/\/roveyayinevi.com.tr\/index.php\/wp-json\/wp\/v2\/types\/product"}],"wp:attachment":[{"href":"https:\/\/roveyayinevi.com.tr\/index.php\/wp-json\/wp\/v2\/media?parent=784069"}],"wp:term":[{"taxonomy":"product_brand","embeddable":true,"href":"https:\/\/roveyayinevi.com.tr\/index.php\/wp-json\/wp\/v2\/product_brand?post=784069"},{"taxonomy":"product_cat","embeddable":true,"href":"https:\/\/roveyayinevi.com.tr\/index.php\/wp-json\/wp\/v2\/product_cat?post=784069"},{"taxonomy":"product_tag","embeddable":true,"href":"https:\/\/roveyayinevi.com.tr\/index.php\/wp-json\/wp\/v2\/product_tag?post=784069"}],"curies":[{"name":"wp","href":"https:\/\/api.w.org\/{rel}","templated":true}]}}