{"id":784067,"date":"2026-02-26T23:55:15","date_gmt":"2026-02-26T20:55:15","guid":{"rendered":"https:\/\/roveyayinevi.com.tr\/index.php\/urun\/oluklu-sayi-kitabi-ucan-sihirli-kalem-ve-kalem-tutucu-hediyeli\/"},"modified":"2026-04-15T03:47:40","modified_gmt":"2026-04-15T00:47:40","slug":"oluklu-sayi-kitabi-ucan-sihirli-kalem-ve-kalem-tutucu-hediyeli","status":"publish","type":"product","link":"https:\/\/roveyayinevi.com.tr\/index.php\/urun\/oluklu-sayi-kitabi-ucan-sihirli-kalem-ve-kalem-tutucu-hediyeli\/","title":{"rendered":"Oluklu Say\u0131 Kitab\u0131 (U\u00e7an Sihirli Kalem ve Kalem Tutucu Hediyeli)"},"content":{"rendered":"<p>Bu kitap, i\u00e7indeki oluklu say\u0131larla \u00e7ocuklar\u0131n okuma yazmay\u0131 \u00f6\u011frenme s\u00fcrecini keyifli h\u00e2le getirir.Hediye olarak verdi\u011fimiz sihirli kalemle yaz\u0131lacak say\u0131lar kendili\u011finden silinir. B\u00f6ylece \u00e7ocuklar hata yapmaktan korkmadan tekrar tekrar deneme \u015fans\u0131 elde ederler.NASIL KULLANILIR?- Kitab\u0131n sa\u011f sayfalar\u0131nda yer alan oluklu say\u0131lar\u0131n \u00fczerinden ge\u00e7erek yaz\u0131 \u00e7al\u0131\u015fmas\u0131 yap\u0131n.- Yaz\u0131lar 15-20 dakika i\u00e7inde kendili\u011finden silinir.- Yaz\u0131lar silindi\u011fi i\u00e7in ayn\u0131 sayfalar\u0131 tekrar tekrar kullanabilirsiniz.- Kalemi yaln\u0131zca kitap \u00fczerinde ve yeti\u015fkin g\u00f6zetiminde kullan\u0131n.- Kullan\u0131m sonras\u0131 kalemin kapa\u011f\u0131n\u0131 kapatmay\u0131 unutmay\u0131n.<\/p>\n","protected":false},"excerpt":{"rendered":"<p>Bu kitap, i\u00e7indeki oluklu say\u0131larla \u00e7ocuklar\u0131n okuma yazmay\u0131 \u00f6\u011frenme s\u00fcrecini keyifli h\u00e2le getirir.Hediye olarak verdi\u011fimiz sihirli kalemle yaz\u0131lacak say\u0131lar kendili\u011finden silinir. B\u00f6ylece \u00e7ocuklar hata yapmaktan korkmadan<span class=\"excerpt-hellip\"> [\u2026]<\/span><\/p>\n","protected":false},"featured_media":0,"template":"","meta":{"_monsterinsights_skip_tracking":false,"_monsterinsights_sitenote_active":false,"_monsterinsights_sitenote_note":"","_monsterinsights_sitenote_category":0},"product_brand":[],"product_cat":[12274,12518],"product_tag":[],"class_list":{"0":"post-784067","1":"product","2":"type-product","3":"status-publish","5":"product_cat-cocuk-ve-genclik-kitaplari","6":"product_cat-okul-oncesi-kitaplar","7":"pa_cilt-ciltsiz","8":"pa_tur-kitap","9":"pa_yayinevi-bigkids-yayinlari","10":"pa_yazar-kolektif","12":"first","13":"instock","14":"sale","15":"shipping-taxable","16":"purchasable","17":"product-type-simple"},"_links":{"self":[{"href":"https:\/\/roveyayinevi.com.tr\/index.php\/wp-json\/wp\/v2\/product\/784067","targetHints":{"allow":["GET"]}}],"collection":[{"href":"https:\/\/roveyayinevi.com.tr\/index.php\/wp-json\/wp\/v2\/product"}],"about":[{"href":"https:\/\/roveyayinevi.com.tr\/index.php\/wp-json\/wp\/v2\/types\/product"}],"wp:attachment":[{"href":"https:\/\/roveyayinevi.com.tr\/index.php\/wp-json\/wp\/v2\/media?parent=784067"}],"wp:term":[{"taxonomy":"product_brand","embeddable":true,"href":"https:\/\/roveyayinevi.com.tr\/index.php\/wp-json\/wp\/v2\/product_brand?post=784067"},{"taxonomy":"product_cat","embeddable":true,"href":"https:\/\/roveyayinevi.com.tr\/index.php\/wp-json\/wp\/v2\/product_cat?post=784067"},{"taxonomy":"product_tag","embeddable":true,"href":"https:\/\/roveyayinevi.com.tr\/index.php\/wp-json\/wp\/v2\/product_tag?post=784067"}],"curies":[{"name":"wp","href":"https:\/\/api.w.org\/{rel}","templated":true}]}}