{"id":784061,"date":"2026-02-26T23:54:52","date_gmt":"2026-02-26T20:54:52","guid":{"rendered":"https:\/\/roveyayinevi.com.tr\/index.php\/urun\/bir-zamanlar-cocuktuk\/"},"modified":"2026-04-15T03:47:39","modified_gmt":"2026-04-15T00:47:39","slug":"bir-zamanlar-cocuktuk","status":"publish","type":"product","link":"https:\/\/roveyayinevi.com.tr\/index.php\/urun\/bir-zamanlar-cocuktuk\/","title":{"rendered":"Bir Zamanlar \u00c7ocuktuk"},"content":{"rendered":"<p>R\u00f6portaj, gazetecili\u011fin ana i\u015flevi olan haber gibi tekd\u00fcze, duygusuz ve donuk de\u011fildir. \u00d6yk\u00fc kadar sanatsal bir \u00e7abad\u0131r. Bi\u00e7em ve estetik kayg\u0131lar\u0131 vard\u0131r. R\u00f6portaj yapan elbette kendine g\u00f6re bir do\u011fruyu anlat\u0131r ama ger\u00e7ekten ayr\u0131lmaz. Tan\u0131kl\u0131klar g\u00f6stermek, kanl\u0131 canl\u0131 adlar, insanlar, mek\u00e2nlar, ya\u015fanm\u0131\u015fl\u0131klara yaslanmak zorundad\u0131r. Gazeteci, d\u00fcmd\u00fcz haberin donuklu\u011fundan s\u0131yr\u0131l\u0131p g\u00f6nl\u00fcn\u00fc ve akl\u0131n\u0131 ak\u0131t\u0131rken, bi\u00e7emini, yorumunu katarken r\u00f6portaja, kurmacan\u0131n dilini kullanabilir ama asla do\u011frudan kurmacaya y\u00f6nelemez.\u00d6yk\u00fcc\u00fc, s\u00f6zgelimi bir insan\u0131n \u00e7ocuklu\u011funu anlat\u0131rken d\u00fc\u015flerin sonsuzlu\u011funda ger\u00e7eklikten diledi\u011fince uzakla\u015fabilir. Ama ayn\u0131 insan\u0131n \u00e7ocuklu\u011funa ili\u015fkin bir r\u00f6portaj yapan gazeteciyi, ger\u00e7eklik, kaleminin ucundan tutar \u00e7eker a\u015fa\u011f\u0131ya, u\u00e7up gitmesin, var olandan uzakla\u015fmas\u0131n diye\u2026Gazeteci-yazar I\u015f\u0131k Kansu, Bir Zamanlar \u00c7ocuktuk\u2019ta \u00fclkemizde farkl\u0131 \u00f6zellikleriyle tan\u0131nm\u0131\u015f yedi ki\u015finin, \u00e7ocukluk an\u0131lar\u0131n\u0131n ya\u015fam\u00f6yk\u00fclerine olan izd\u00fc\u015f\u00fcmlerini ele al\u0131yor. \u0130lk a\u011f\u0131zdan aktar\u0131lan \u00f6yk\u00fclerle, bir ku\u015fa\u011f\u0131n \u00e7ocukluk ya\u015fant\u0131lar\u0131ndan bug\u00fcne ta\u015f\u0131nan yoksullu\u011fun, direncin, akl\u0131n, sevginin ve onurun ulusal bir kimlik tarih\u00e7esine d\u00f6n\u00fc\u015f\u00fcm\u00fc \u00f6rnekleniyor.<\/p>\n","protected":false},"excerpt":{"rendered":"<p>R\u00f6portaj, gazetecili\u011fin ana i\u015flevi olan haber gibi tekd\u00fcze, duygusuz ve donuk de\u011fildir. \u00d6yk\u00fc kadar sanatsal bir \u00e7abad\u0131r. Bi\u00e7em ve estetik kayg\u0131lar\u0131 vard\u0131r. R\u00f6portaj yapan elbette kendine<span class=\"excerpt-hellip\"> [\u2026]<\/span><\/p>\n","protected":false},"featured_media":0,"template":"","meta":{"_monsterinsights_skip_tracking":false,"_monsterinsights_sitenote_active":false,"_monsterinsights_sitenote_note":"","_monsterinsights_sitenote_category":0},"product_brand":[],"product_cat":[12291,30969],"product_tag":[],"class_list":{"0":"post-784061","1":"product","2":"type-product","3":"status-publish","5":"product_cat-edebiyat","6":"product_cat-soylesi-edebiyat","7":"pa_cilt-ciltsiz","8":"pa_tur-kitap","9":"pa_yayinevi-cumhuriyet-kitaplari","10":"pa_yazar-isik-kansu","12":"first","13":"instock","14":"sale","15":"shipping-taxable","16":"purchasable","17":"product-type-simple"},"_links":{"self":[{"href":"https:\/\/roveyayinevi.com.tr\/index.php\/wp-json\/wp\/v2\/product\/784061","targetHints":{"allow":["GET"]}}],"collection":[{"href":"https:\/\/roveyayinevi.com.tr\/index.php\/wp-json\/wp\/v2\/product"}],"about":[{"href":"https:\/\/roveyayinevi.com.tr\/index.php\/wp-json\/wp\/v2\/types\/product"}],"wp:attachment":[{"href":"https:\/\/roveyayinevi.com.tr\/index.php\/wp-json\/wp\/v2\/media?parent=784061"}],"wp:term":[{"taxonomy":"product_brand","embeddable":true,"href":"https:\/\/roveyayinevi.com.tr\/index.php\/wp-json\/wp\/v2\/product_brand?post=784061"},{"taxonomy":"product_cat","embeddable":true,"href":"https:\/\/roveyayinevi.com.tr\/index.php\/wp-json\/wp\/v2\/product_cat?post=784061"},{"taxonomy":"product_tag","embeddable":true,"href":"https:\/\/roveyayinevi.com.tr\/index.php\/wp-json\/wp\/v2\/product_tag?post=784061"}],"curies":[{"name":"wp","href":"https:\/\/api.w.org\/{rel}","templated":true}]}}