{"id":784060,"date":"2026-02-26T23:54:49","date_gmt":"2026-02-26T20:54:49","guid":{"rendered":"https:\/\/roveyayinevi.com.tr\/index.php\/urun\/kendine-can-olmakbeyaz-yakanin-uyanisi\/"},"modified":"2026-04-11T14:49:24","modified_gmt":"2026-04-11T11:49:24","slug":"kendine-can-olmakbeyaz-yakanin-uyanisi","status":"publish","type":"product","link":"https:\/\/roveyayinevi.com.tr\/index.php\/urun\/kendine-can-olmakbeyaz-yakanin-uyanisi\/","title":{"rendered":"Kendine Can Olmak;Beyaz Yakan\u0131n Uyan\u0131\u015f\u0131"},"content":{"rendered":"<p>\u201cD\u00fczenim bozulur, hayat\u0131m alt\u00fcst olur diye endi\u015fe etme. Nereden biliyorsun hayat\u0131n\u0131n alt\u0131n\u0131n \u00fcst\u00fcnden daha iyi olmayaca\u011f\u0131n\u0131?\u201d  -\u015eems-i Tebr\u00eez\u00eeBazen \u00e7\u00f6z\u00fcms\u00fczl\u00fck ve t\u00fckenmi\u015flik hissinin pesini b\u0131rakmad\u0131\u011f\u0131n\u0131, hayat\u0131nda ayn\u0131 d\u00f6ng\u00fclerin tekrar etti\u011fini fark edebiliyor musun? Peki bir g\u00fcn, birinin seni bu d\u00f6ng\u00fclerden \u00e7ekip \u00e7\u0131karmas\u0131n\u0131 m\u0131 bekliyorsun? M\u00fckemmeliyet\u00e7ilik, onay ihtiyac\u0131, s\u0131n\u0131r koyamama, is-yasam dengesizli\u011fi ve i\u00e7sel s\u0131k\u0131nt\u0131lar gibi beyaz yakalar\u0131n yak\u0131ndan deneyimledi\u011fi pek \u00e7ok mesele hayat\u0131m\u0131z\u0131 sarm\u0131\u015f durumda. \u0130htiya\u00e7 duydu\u011fumuz \u015fey ise d\u0131\u015far\u0131dan gelecek bir \u00e7\u00f6z\u00fcm de\u011fil, kendimize verece\u011fimiz cand\u0131r.Bu kitap, hayat\u0131 \u201cdo\u011fru bildi\u011fi gibi\u201d yasarken yolda kayboldu\u011funu hissedenler i\u00e7in sahici bir dille yaz\u0131ld\u0131. Gestalt yakla\u015f\u0131m\u0131n\u0131n fark\u0131ndal\u0131\u011f\u0131 ile Sufizm\u2019in kadim bilgeli\u011fini bir araya getirenKendine Can Olmak, haz\u0131r re\u00e7eteler sunmak yerine okuru do\u011fru sorularla kendi i\u00e7 sesini duymaya davet ediyor.\u201cKendine Can Olmak, su kurumsal d\u00fcnyada sistem bizi neye zorlarsa zorlas\u0131n, insan kalman\u0131n \u00f6nemini, \u2018\u015fifan\u0131n\u2019 neden ancak \u2018i\u00e7eriden\u2019 gelebilecek bir g\u00fc\u00e7 oldu\u011funu ve insan\u0131n ya\u015fad\u0131\u011f\u0131 her \u015feyin \u2018sadece kendisi i\u00e7in\u2019 birer ders olmas\u0131 gerekti\u011fini bize bir kere daha hat\u0131rlat\u0131yor\u2026\u201d &#8211; Sinan Canan<\/p>\n","protected":false},"excerpt":{"rendered":"<p>\u201cD\u00fczenim bozulur, hayat\u0131m alt\u00fcst olur diye endi\u015fe etme. Nereden biliyorsun hayat\u0131n\u0131n alt\u0131n\u0131n \u00fcst\u00fcnden daha iyi olmayaca\u011f\u0131n\u0131?\u201d -\u015eems-i Tebr\u00eez\u00eeBazen \u00e7\u00f6z\u00fcms\u00fczl\u00fck ve t\u00fckenmi\u015flik hissinin pesini b\u0131rakmad\u0131\u011f\u0131n\u0131, hayat\u0131nda ayn\u0131<span class=\"excerpt-hellip\"> [\u2026]<\/span><\/p>\n","protected":false},"featured_media":0,"template":"","meta":{"_monsterinsights_skip_tracking":false,"_monsterinsights_sitenote_active":false,"_monsterinsights_sitenote_note":"","_monsterinsights_sitenote_category":0},"product_brand":[],"product_cat":[12364,12376],"product_tag":[],"class_list":{"0":"post-784060","1":"product","2":"type-product","3":"status-publish","5":"product_cat-genel-konular","6":"product_cat-kisisel-gelisim","7":"pa_cilt-ciltsiz","8":"pa_tur-kitap","9":"pa_yayinevi-mona-kitap","10":"pa_yazar-gulhan-canturk","12":"first","13":"instock","14":"sale","15":"shipping-taxable","16":"purchasable","17":"product-type-simple"},"_links":{"self":[{"href":"https:\/\/roveyayinevi.com.tr\/index.php\/wp-json\/wp\/v2\/product\/784060","targetHints":{"allow":["GET"]}}],"collection":[{"href":"https:\/\/roveyayinevi.com.tr\/index.php\/wp-json\/wp\/v2\/product"}],"about":[{"href":"https:\/\/roveyayinevi.com.tr\/index.php\/wp-json\/wp\/v2\/types\/product"}],"wp:attachment":[{"href":"https:\/\/roveyayinevi.com.tr\/index.php\/wp-json\/wp\/v2\/media?parent=784060"}],"wp:term":[{"taxonomy":"product_brand","embeddable":true,"href":"https:\/\/roveyayinevi.com.tr\/index.php\/wp-json\/wp\/v2\/product_brand?post=784060"},{"taxonomy":"product_cat","embeddable":true,"href":"https:\/\/roveyayinevi.com.tr\/index.php\/wp-json\/wp\/v2\/product_cat?post=784060"},{"taxonomy":"product_tag","embeddable":true,"href":"https:\/\/roveyayinevi.com.tr\/index.php\/wp-json\/wp\/v2\/product_tag?post=784060"}],"curies":[{"name":"wp","href":"https:\/\/api.w.org\/{rel}","templated":true}]}}