{"id":784053,"date":"2026-02-26T23:54:24","date_gmt":"2026-02-26T20:54:24","guid":{"rendered":"https:\/\/roveyayinevi.com.tr\/index.php\/urun\/kadin-2-0ust-versiyonuna-hazir-misin\/"},"modified":"2026-04-11T03:47:36","modified_gmt":"2026-04-11T00:47:36","slug":"kadin-2-0ust-versiyonuna-hazir-misin","status":"publish","type":"product","link":"https:\/\/roveyayinevi.com.tr\/index.php\/urun\/kadin-2-0ust-versiyonuna-hazir-misin\/","title":{"rendered":"Kad\u0131n 2.0;\u00dcst Versiyonuna Haz\u0131r m\u0131s\u0131n?"},"content":{"rendered":"<p>Ya en y\u00fcksek benli\u011fine ula\u015fmak daha fazla \u00e7abalamak de\u011fil de, asl\u0131nda olmad\u0131\u011f\u0131n her \u015feyi b\u0131rakmaksa?Kad\u0131n 2.0\u2019da, d\u00fcnyaca tan\u0131nan insan davran\u0131\u015f uzman\u0131 Nev\u015fah, kad\u0131nlar\u0131 \u201ckendini geli\u015ftirme\u201d d\u00f6ng\u00fcs\u00fcn\u00fcn \u00f6tesine, ger\u00e7ek \u00f6z-fark\u0131ndal\u0131\u011fa davet ediyor.Bu kitap \u00e7aba, m\u00fckemmeliyet ya da kendini \u201cd\u00fczeltme\u201d \u00fczerine de\u011fil, seni s\u0131n\u0131rlayan hik\u00e2yeleri b\u0131rakmaya, toplumsal ko\u015fullanmalardan \u00f6zg\u00fcrle\u015fmeye ve en ba\u015f\u0131ndan beri sahip oldu\u011fun g\u00fcc\u00fc geri almaya \u00e7a\u011f\u0131r\u0131yor.Bu kitab\u0131n i\u00e7inde:\u03a6 D\u00fc\u015f\u00fcncenin ger\u00e7ek olmad\u0131\u011f\u0131n\u0131 ve i\u00e7 ele\u015ftirmeni nas\u0131l susturabilece\u011fini,\u03a6 Bilin\u00e7li nefesle berrakl\u0131k, fark\u0131ndal\u0131k ve huzura nas\u0131l ula\u015f\u0131laca\u011f\u0131n\u0131,\u03a6 Sevilirken, severken ve liderlik ederken kendini kaybetmeden var olmay\u0131,\u03a6 Korkuya de\u011fil, \u00f6zg\u00fcrl\u00fc\u011fe dayanan yeni bir ba\u015far\u0131 tan\u0131m\u0131n\u0131 ke\u015ffedeceksin.Kad\u0131n 2.0, ba\u015fka biri olmay\u0131 de\u011fil, zaten oldu\u011fun kad\u0131nla yeniden bulu\u015fmay\u0131 anlat\u0131yor. E\u011fer varl\u0131\u011f\u0131n\u0131 g\u00fc\u00e7, fark\u0131ndal\u0131k ve ama\u00e7la ortaya koymaya haz\u0131rsan, bu kitap senin davetin.Kullan\u0131lan Reklam Mecralar\u0131:Instagram, Facebook, X sayfalar\u0131nda \u00fccretli reklam \u00e7al\u0131\u015fmalar\u0131&#8230;Kalem Kahve Klavye, Edebiyat Haber, Litera Edebiyat banner alanlar\u0131&#8230;Gazete ve dergilerde reklam, haber ve yorum&#8230;Metro duraklar\u0131nda panolar, Modyo dijital ekranlar\u0131, sokak afi\u015fleri&#8230;<\/p>\n","protected":false},"excerpt":{"rendered":"<p>Ya en y\u00fcksek benli\u011fine ula\u015fmak daha fazla \u00e7abalamak de\u011fil de, asl\u0131nda olmad\u0131\u011f\u0131n her \u015feyi b\u0131rakmaksa?Kad\u0131n 2.0\u2019da, d\u00fcnyaca tan\u0131nan insan davran\u0131\u015f uzman\u0131 Nev\u015fah, kad\u0131nlar\u0131 \u201ckendini geli\u015ftirme\u201d d\u00f6ng\u00fcs\u00fcn\u00fcn<span class=\"excerpt-hellip\"> [\u2026]<\/span><\/p>\n","protected":false},"featured_media":0,"template":"","meta":{"_monsterinsights_skip_tracking":false,"_monsterinsights_sitenote_active":false,"_monsterinsights_sitenote_note":"","_monsterinsights_sitenote_category":0},"product_brand":[],"product_cat":[12364,12376],"product_tag":[],"class_list":{"0":"post-784053","1":"product","2":"type-product","3":"status-publish","5":"product_cat-genel-konular","6":"product_cat-kisisel-gelisim","7":"pa_cilt-ciltsiz","8":"pa_tur-kitap","9":"pa_yayinevi-destek-yayinlari","10":"pa_yazar-nevsah","12":"first","13":"instock","14":"sale","15":"shipping-taxable","16":"purchasable","17":"product-type-simple"},"_links":{"self":[{"href":"https:\/\/roveyayinevi.com.tr\/index.php\/wp-json\/wp\/v2\/product\/784053","targetHints":{"allow":["GET"]}}],"collection":[{"href":"https:\/\/roveyayinevi.com.tr\/index.php\/wp-json\/wp\/v2\/product"}],"about":[{"href":"https:\/\/roveyayinevi.com.tr\/index.php\/wp-json\/wp\/v2\/types\/product"}],"wp:attachment":[{"href":"https:\/\/roveyayinevi.com.tr\/index.php\/wp-json\/wp\/v2\/media?parent=784053"}],"wp:term":[{"taxonomy":"product_brand","embeddable":true,"href":"https:\/\/roveyayinevi.com.tr\/index.php\/wp-json\/wp\/v2\/product_brand?post=784053"},{"taxonomy":"product_cat","embeddable":true,"href":"https:\/\/roveyayinevi.com.tr\/index.php\/wp-json\/wp\/v2\/product_cat?post=784053"},{"taxonomy":"product_tag","embeddable":true,"href":"https:\/\/roveyayinevi.com.tr\/index.php\/wp-json\/wp\/v2\/product_tag?post=784053"}],"curies":[{"name":"wp","href":"https:\/\/api.w.org\/{rel}","templated":true}]}}