{"id":784052,"date":"2026-02-26T23:54:21","date_gmt":"2026-02-26T20:54:21","guid":{"rendered":"https:\/\/roveyayinevi.com.tr\/index.php\/urun\/felaktan-felaha-felak-suresi\/"},"modified":"2026-04-15T03:47:35","modified_gmt":"2026-04-15T00:47:35","slug":"felaktan-felaha-felak-suresi","status":"publish","type":"product","link":"https:\/\/roveyayinevi.com.tr\/index.php\/urun\/felaktan-felaha-felak-suresi\/","title":{"rendered":"Felak\u2019tan Fel\u00e2h\u2019a: Felak Suresi"},"content":{"rendered":"<p>\u201cYARATTI\u011eI \u015eEYLER\u0130N \u015eERR\u0130NDEN, FELAK\u2019IN RABB\u2019\u0130NE SI\u011eINIRIM&#8230;\u201dAs\u0131rlard\u0131r s\u00fcregelen ezberci anlay\u0131\u015f, bizi Kur\u2019an\u2019\u0131n bilimsel ve duygusal derinli\u011finden ve kozmik ufkundan mahrum b\u0131rakt\u0131. Kur\u2019an-\u0131 Kerim, kozmolojiye dair 600\u2019e yak\u0131n ayet bar\u0131nd\u0131rmas\u0131na ra\u011fmen, fen ilimlerinden uzakla\u015fm\u0131\u015f din e\u011fitimi anlay\u0131\u015f\u0131, bu derinli\u011fin \u00fczerini \u00f6rtm\u00fc\u015ft\u00fcr. Elinizdeki bu eser, Felak s\u00fbresini sadece bir dua olarak de\u011fil, bir \u201cYarat\u0131l\u0131\u015f ve Varolu\u015f Manifestosu\u201d olarak yeniden okumaya davet ediyor. Yusuf Y\u0131ld\u0131z, Felak\u2019tan Fel\u00e2h\u2019a: Felak S\u00fbresi kitab\u0131nda; tefsir ilminin derinli\u011fini modern bilimin verileriyle harmanlayarak, 14 as\u0131r \u00f6ncesinden gelen ilahi mesaj\u0131n g\u00fcn\u00fcm\u00fcz\u00fc nas\u0131l ayd\u0131nlatt\u0131\u011f\u0131n\u0131 g\u00f6zler \u00f6n\u00fcne seriyor. Bu bir tefsir kitab\u0131 de\u011fil; fizi\u011fi metafizikle, akl\u0131 kalple, ilmi irfanla bulu\u015fturan bir uyan\u0131\u015f \u00e7a\u011fr\u0131s\u0131d\u0131r\u2026 Karanl\u0131ktan ayd\u0131nl\u0131\u011fa, korkudan emniyete, Felak\u2019tan Fel\u00e2h\u2019a y\u00fcr\u00fcmek isteyenler i\u00e7in<\/p>\n","protected":false},"excerpt":{"rendered":"<p>\u201cYARATTI\u011eI \u015eEYLER\u0130N \u015eERR\u0130NDEN, FELAK\u2019IN RABB\u2019\u0130NE SI\u011eINIRIM&#8230;\u201dAs\u0131rlard\u0131r s\u00fcregelen ezberci anlay\u0131\u015f, bizi Kur\u2019an\u2019\u0131n bilimsel ve duygusal derinli\u011finden ve kozmik ufkundan mahrum b\u0131rakt\u0131. Kur\u2019an-\u0131 Kerim, kozmolojiye dair 600\u2019e yak\u0131n<span class=\"excerpt-hellip\"> [\u2026]<\/span><\/p>\n","protected":false},"featured_media":0,"template":"","meta":{"_monsterinsights_skip_tracking":false,"_monsterinsights_sitenote_active":false,"_monsterinsights_sitenote_note":"","_monsterinsights_sitenote_category":0},"product_brand":[],"product_cat":[12718,12719,12720],"product_tag":[],"class_list":{"0":"post-784052","1":"product","2":"type-product","3":"status-publish","5":"product_cat-din","6":"product_cat-islam","7":"product_cat-tasavvuf-mezhepler-tarikatlar","8":"pa_cilt-ciltsiz","9":"pa_tur-kitap","10":"pa_yayinevi-destek-yayinlari","11":"pa_yazar-yusuf-yildiz","13":"first","14":"instock","15":"sale","16":"shipping-taxable","17":"purchasable","18":"product-type-simple"},"_links":{"self":[{"href":"https:\/\/roveyayinevi.com.tr\/index.php\/wp-json\/wp\/v2\/product\/784052","targetHints":{"allow":["GET"]}}],"collection":[{"href":"https:\/\/roveyayinevi.com.tr\/index.php\/wp-json\/wp\/v2\/product"}],"about":[{"href":"https:\/\/roveyayinevi.com.tr\/index.php\/wp-json\/wp\/v2\/types\/product"}],"wp:attachment":[{"href":"https:\/\/roveyayinevi.com.tr\/index.php\/wp-json\/wp\/v2\/media?parent=784052"}],"wp:term":[{"taxonomy":"product_brand","embeddable":true,"href":"https:\/\/roveyayinevi.com.tr\/index.php\/wp-json\/wp\/v2\/product_brand?post=784052"},{"taxonomy":"product_cat","embeddable":true,"href":"https:\/\/roveyayinevi.com.tr\/index.php\/wp-json\/wp\/v2\/product_cat?post=784052"},{"taxonomy":"product_tag","embeddable":true,"href":"https:\/\/roveyayinevi.com.tr\/index.php\/wp-json\/wp\/v2\/product_tag?post=784052"}],"curies":[{"name":"wp","href":"https:\/\/api.w.org\/{rel}","templated":true}]}}