{"id":784050,"date":"2026-02-26T23:54:15","date_gmt":"2026-02-26T20:54:15","guid":{"rendered":"https:\/\/roveyayinevi.com.tr\/index.php\/urun\/feodalite-ve-klasik-donem-osmanli-uretim-tarzi-2\/"},"modified":"2026-02-28T04:08:16","modified_gmt":"2026-02-28T01:08:16","slug":"feodalite-ve-klasik-donem-osmanli-uretim-tarzi-2","status":"publish","type":"product","link":"https:\/\/roveyayinevi.com.tr\/index.php\/urun\/feodalite-ve-klasik-donem-osmanli-uretim-tarzi-2\/","title":{"rendered":"Feodalite ve Klasik D\u00f6nem Osmanl\u0131 \u00dcretim Tarz\u0131"},"content":{"rendered":"<p>Bu \u00e7al\u0131\u015fmada iktisat tarihinin i\u00e7inde bir yap\u0131 ara\u015ft\u0131rmas\u0131 yap\u0131lmaktad\u0131r. Yola \u00e7\u0131k\u0131\u015f noktas\u0131, Marc Bloch\u2019un dedi\u011fi gibi, \u201cbug\u00fcn\u00fc anlayabilmek i\u00e7in d\u00fcn\u00fc anlaman\u0131n zorunlu\u201d olmas\u0131d\u0131r.Modern T\u00fcrkiye 600 y\u0131ll\u0131k Osmanl\u0131 miras\u0131ndan soyutlanamaz. Bu olgunun bilinci i\u00e7inde, \u201cbug\u00fcn\u00fc anla-man\u0131n\u201d bir y\u00f6ntemi olarak Osmanl\u0131 \u00fcretim tarz\u0131 olu\u015fumunun i\u00e7inde incelenmektedir.Bu kitap, T\u00fcrk ekonomisinin sadece tarihini de\u011fil, bug\u00fcn\u00fcn\u00fc anlamak i\u00e7in \u00f6nemli tezler i\u00e7eren bir \u00e7a-l\u0131\u015fman\u0131n \u00fcr\u00fcn\u00fcd\u00fcr. Osmanl\u0131 \u00dcretim Tarz\u0131, analitik olarak b\u00fcy\u00fck bir imparatorlu\u011fun toplumsal yap\u0131s\u0131n\u0131, kamusal i\u015fleyi\u015fini kavramak i\u00e7in fevkal\u00e2de gereklidir. Bu ba\u011flamda elinizdeki kitap sadece bir iktisad\u00ee ara\u015ft\u0131rma de\u011fil, d\u00fc\u015f\u00fcnce problemati\u011fimize katk\u0131 yapan bir eserdir.<\/p>\n","protected":false},"excerpt":{"rendered":"<p>Bu \u00e7al\u0131\u015fmada iktisat tarihinin i\u00e7inde bir yap\u0131 ara\u015ft\u0131rmas\u0131 yap\u0131lmaktad\u0131r. Yola \u00e7\u0131k\u0131\u015f noktas\u0131, Marc Bloch\u2019un dedi\u011fi gibi, \u201cbug\u00fcn\u00fc anlayabilmek i\u00e7in d\u00fcn\u00fc anlaman\u0131n zorunlu\u201d olmas\u0131d\u0131r.Modern T\u00fcrkiye 600 y\u0131ll\u0131k<span class=\"excerpt-hellip\"> [\u2026]<\/span><\/p>\n","protected":false},"featured_media":0,"template":"","meta":{"_monsterinsights_skip_tracking":false,"_monsterinsights_sitenote_active":false,"_monsterinsights_sitenote_note":"","_monsterinsights_sitenote_category":0},"product_brand":[],"product_cat":[13043],"product_tag":[],"class_list":{"0":"post-784050","1":"product","2":"type-product","3":"status-publish","5":"product_cat-ekonomi","6":"pa_cilt-ciltsiz","7":"pa_tur-kitap","8":"pa_yayinevi-sia-kitap","9":"pa_yazar-mehmet-ali-kilicbay","11":"first","12":"instock","13":"sale","14":"shipping-taxable","15":"purchasable","16":"product-type-simple"},"_links":{"self":[{"href":"https:\/\/roveyayinevi.com.tr\/index.php\/wp-json\/wp\/v2\/product\/784050","targetHints":{"allow":["GET"]}}],"collection":[{"href":"https:\/\/roveyayinevi.com.tr\/index.php\/wp-json\/wp\/v2\/product"}],"about":[{"href":"https:\/\/roveyayinevi.com.tr\/index.php\/wp-json\/wp\/v2\/types\/product"}],"wp:attachment":[{"href":"https:\/\/roveyayinevi.com.tr\/index.php\/wp-json\/wp\/v2\/media?parent=784050"}],"wp:term":[{"taxonomy":"product_brand","embeddable":true,"href":"https:\/\/roveyayinevi.com.tr\/index.php\/wp-json\/wp\/v2\/product_brand?post=784050"},{"taxonomy":"product_cat","embeddable":true,"href":"https:\/\/roveyayinevi.com.tr\/index.php\/wp-json\/wp\/v2\/product_cat?post=784050"},{"taxonomy":"product_tag","embeddable":true,"href":"https:\/\/roveyayinevi.com.tr\/index.php\/wp-json\/wp\/v2\/product_tag?post=784050"}],"curies":[{"name":"wp","href":"https:\/\/api.w.org\/{rel}","templated":true}]}}