{"id":784049,"date":"2026-02-26T23:54:10","date_gmt":"2026-02-26T20:54:10","guid":{"rendered":"https:\/\/roveyayinevi.com.tr\/index.php\/urun\/ben-frida-kahlo-yasasin-hayat\/"},"modified":"2026-04-15T03:47:34","modified_gmt":"2026-04-15T00:47:34","slug":"ben-frida-kahlo-yasasin-hayat","status":"publish","type":"product","link":"https:\/\/roveyayinevi.com.tr\/index.php\/urun\/ben-frida-kahlo-yasasin-hayat\/","title":{"rendered":"Ben Frida Kahlo &#8211; Ya\u015fas\u0131n Hayat"},"content":{"rendered":"<p>Frida Kahlo\u2019nun reng\u00e2renk ruhu, benzersiz \u00f6zellikleriyle bar\u0131\u015f\u0131k ve hayat\u0131 tutkuyla ya\u015fayan herkesin kalbinde var olmaya devam ediyor! Bu Frida Kahlo kitab\u0131, etkileyici ill\u00fcstrasyonlar\u0131 ve boyama i\u00e7in ayr\u0131lm\u0131\u015f etkile\u015fimli alanlar\u0131 sayesinde, \u00e7ocuklar\u0131n sanat yoluyla kendilerini ifade edebilecekleri benzersiz bir tuvale d\u00f6n\u00fc\u015f\u00fcyor. Frida\u2019n\u0131n b\u00fcy\u00fcleyici hik\u00e2yesi, \u00e7ocuklara ilham a\u015f\u0131lamak ve de\u011ferli ya\u015fam dersleri kazand\u0131rmak i\u00e7in harika bir kaynakt\u0131r. Ayn\u0131 zamanda, gen\u00e7 zihinleri kendilerinin en iyi h\u00e2line ula\u015fmalar\u0131 i\u00e7in cesaretlendiren bir rehber niteli\u011fi ta\u015f\u0131r. Her \u00e7ocu\u011fun kitapl\u0131\u011f\u0131nda bulunmas\u0131 gereken \u00f6zel ve de\u011ferli bir eser!<\/p>\n","protected":false},"excerpt":{"rendered":"<p>Frida Kahlo\u2019nun reng\u00e2renk ruhu, benzersiz \u00f6zellikleriyle bar\u0131\u015f\u0131k ve hayat\u0131 tutkuyla ya\u015fayan herkesin kalbinde var olmaya devam ediyor! Bu Frida Kahlo kitab\u0131, etkileyici ill\u00fcstrasyonlar\u0131 ve boyama i\u00e7in<span class=\"excerpt-hellip\"> [\u2026]<\/span><\/p>\n","protected":false},"featured_media":0,"template":"","meta":{"_monsterinsights_skip_tracking":false,"_monsterinsights_sitenote_active":false,"_monsterinsights_sitenote_note":"","_monsterinsights_sitenote_category":0},"product_brand":[],"product_cat":[12274,14573],"product_tag":[],"class_list":{"0":"post-784049","1":"product","2":"type-product","3":"status-publish","5":"product_cat-cocuk-ve-genclik-kitaplari","6":"product_cat-referans-kitaplar-cocuk-ve-genclik-kitaplari","7":"pa_cilt-ciltsiz","8":"pa_tur-kitap","9":"pa_yayinevi-dogan-cocuk","10":"pa_yazar-kolektif","12":"first","13":"instock","14":"sale","15":"shipping-taxable","16":"purchasable","17":"product-type-simple"},"_links":{"self":[{"href":"https:\/\/roveyayinevi.com.tr\/index.php\/wp-json\/wp\/v2\/product\/784049","targetHints":{"allow":["GET"]}}],"collection":[{"href":"https:\/\/roveyayinevi.com.tr\/index.php\/wp-json\/wp\/v2\/product"}],"about":[{"href":"https:\/\/roveyayinevi.com.tr\/index.php\/wp-json\/wp\/v2\/types\/product"}],"wp:attachment":[{"href":"https:\/\/roveyayinevi.com.tr\/index.php\/wp-json\/wp\/v2\/media?parent=784049"}],"wp:term":[{"taxonomy":"product_brand","embeddable":true,"href":"https:\/\/roveyayinevi.com.tr\/index.php\/wp-json\/wp\/v2\/product_brand?post=784049"},{"taxonomy":"product_cat","embeddable":true,"href":"https:\/\/roveyayinevi.com.tr\/index.php\/wp-json\/wp\/v2\/product_cat?post=784049"},{"taxonomy":"product_tag","embeddable":true,"href":"https:\/\/roveyayinevi.com.tr\/index.php\/wp-json\/wp\/v2\/product_tag?post=784049"}],"curies":[{"name":"wp","href":"https:\/\/api.w.org\/{rel}","templated":true}]}}