{"id":784044,"date":"2026-02-26T23:53:56","date_gmt":"2026-02-26T20:53:56","guid":{"rendered":"https:\/\/roveyayinevi.com.tr\/index.php\/urun\/goosebumps-8-yasayan-mumyanin-gecesi\/"},"modified":"2026-04-15T03:47:34","modified_gmt":"2026-04-15T00:47:34","slug":"goosebumps-8-yasayan-mumyanin-gecesi","status":"publish","type":"product","link":"https:\/\/roveyayinevi.com.tr\/index.php\/urun\/goosebumps-8-yasayan-mumyanin-gecesi\/","title":{"rendered":"Goosebumps 8 Ya\u015fayan Mumyan\u0131n Gecesi"},"content":{"rendered":"<p>GE\u00c7M\u0130\u015eTEN KA\u00c7AMAZSIN!  Harry Silverman s\u0131n\u0131f\u0131yla birlikte m\u00fcze gezisine gidece\u011fi i\u00e7in \u00e7ok heyecanl\u0131yd\u0131. Antik M\u0131s\u0131r\u2019a b\u00fcy\u00fck ilgi uyuyordu ve ger\u00e7ek bir mumya g\u00f6rmek i\u00e7in sab\u0131rs\u0131zlan\u0131yordu.  M\u00fczede mumya vitrininin \u00f6n\u00fcne olabildi\u011fince yakla\u015f\u0131nca garip bir \u015fey oldu.  Ba\u015f\u0131 d\u00f6nd\u00fc, zihninde yabanc\u0131 bir ses \u00e7\u0131nlamaya ba\u015flad\u0131. Mumyaya do\u011fru \u00e7ekildi\u011fini hissetti.  Art\u0131k mumya beyninin i\u00e7indeydi ve ondan yard\u0131m istiyordu. Ama bu \u00e7a\u011fr\u0131 onu d\u00fc\u015f\u00fcnd\u00fc\u011f\u00fcnden daha b\u00fcy\u00fck bir tehlikenin i\u00e7ine s\u00fcr\u00fckleyecekti.  \u201cKaranl\u0131k bir koridorda y\u00fcr\u00fcyordum. Ad\u0131mlar\u0131m\u0131n ta\u015f duvarlarda yank\u0131land\u0131\u011f\u0131n\u0131 duyabiliyordum. Kaybolmu\u015ftum. S\u0131n\u0131f\u0131m\u0131n geri kalan\u0131 neredeydi? Y\u00fcr\u00fcmeye devam ettim. Ortal\u0131k zifir\u00ee karanl\u0131kt\u0131. Zar zor g\u00f6rebiliyordum. Sonra bir \u015fey beni yakalad\u0131.\u201d<\/p>\n","protected":false},"excerpt":{"rendered":"<p>GE\u00c7M\u0130\u015eTEN KA\u00c7AMAZSIN! Harry Silverman s\u0131n\u0131f\u0131yla birlikte m\u00fcze gezisine gidece\u011fi i\u00e7in \u00e7ok heyecanl\u0131yd\u0131. Antik M\u0131s\u0131r\u2019a b\u00fcy\u00fck ilgi uyuyordu ve ger\u00e7ek bir mumya g\u00f6rmek i\u00e7in sab\u0131rs\u0131zlan\u0131yordu. M\u00fczede mumya<span class=\"excerpt-hellip\"> [\u2026]<\/span><\/p>\n","protected":false},"featured_media":0,"template":"","meta":{"_monsterinsights_skip_tracking":false,"_monsterinsights_sitenote_active":false,"_monsterinsights_sitenote_note":"","_monsterinsights_sitenote_category":0},"product_brand":[],"product_cat":[12274,12284],"product_tag":[],"class_list":{"0":"post-784044","1":"product","2":"type-product","3":"status-publish","5":"product_cat-cocuk-ve-genclik-kitaplari","6":"product_cat-hikayeler","7":"pa_cilt-ciltsiz","8":"pa_tur-kitap","9":"pa_yayinevi-x-libris","10":"pa_yazar-r-l-stine","12":"first","13":"instock","14":"sale","15":"shipping-taxable","16":"purchasable","17":"product-type-simple"},"_links":{"self":[{"href":"https:\/\/roveyayinevi.com.tr\/index.php\/wp-json\/wp\/v2\/product\/784044","targetHints":{"allow":["GET"]}}],"collection":[{"href":"https:\/\/roveyayinevi.com.tr\/index.php\/wp-json\/wp\/v2\/product"}],"about":[{"href":"https:\/\/roveyayinevi.com.tr\/index.php\/wp-json\/wp\/v2\/types\/product"}],"wp:attachment":[{"href":"https:\/\/roveyayinevi.com.tr\/index.php\/wp-json\/wp\/v2\/media?parent=784044"}],"wp:term":[{"taxonomy":"product_brand","embeddable":true,"href":"https:\/\/roveyayinevi.com.tr\/index.php\/wp-json\/wp\/v2\/product_brand?post=784044"},{"taxonomy":"product_cat","embeddable":true,"href":"https:\/\/roveyayinevi.com.tr\/index.php\/wp-json\/wp\/v2\/product_cat?post=784044"},{"taxonomy":"product_tag","embeddable":true,"href":"https:\/\/roveyayinevi.com.tr\/index.php\/wp-json\/wp\/v2\/product_tag?post=784044"}],"curies":[{"name":"wp","href":"https:\/\/api.w.org\/{rel}","templated":true}]}}