{"id":784042,"date":"2026-02-26T23:53:48","date_gmt":"2026-02-26T20:53:48","guid":{"rendered":"https:\/\/roveyayinevi.com.tr\/index.php\/urun\/golge-calismasi\/"},"modified":"2026-04-05T03:39:00","modified_gmt":"2026-04-05T00:39:00","slug":"golge-calismasi","status":"publish","type":"product","link":"https:\/\/roveyayinevi.com.tr\/index.php\/urun\/golge-calismasi\/","title":{"rendered":"G\u00f6lge \u00c7al\u0131\u015fmas\u0131"},"content":{"rendered":"<p>Sizi engelleyen d\u0131\u015f d\u00fcnya de\u011fil, i\u00e7inizde saklanan g\u00f6lgedir&#8230;Hayat\u0131n\u0131zda tekrar eden k\u0131rg\u0131nl\u0131klar, ili\u015fkilerinizdeki t\u0131kanmalar ve bir t\u00fcrl\u00fc ge\u00e7meyen \u201ceksik bir \u015fey var\u201d hissi tesad\u00fcf de\u011fil. Bast\u0131rd\u0131\u011f\u0131n\u0131z duygular, g\u00f6rmezden geldi\u011finiz ihtiya\u00e7lar ve \u00e7ocukluktan kalan yaralar, fark edilmeden ya\u015fam\u0131n\u0131z\u0131 y\u00f6netmeye devam eder.Milyonlarca okura ula\u015fan G\u00f6lge \u00c7al\u0131\u015fmas\u0131, Jung\u2019un psikoloji \u00f6\u011fretisine dayanan g\u00fc\u00e7l\u00fc egzersizlerle interaktif bir yolculuk sunuyor. Bu kitap, g\u00f6lgenizle y\u00fczle\u015fmeyi de\u011fil; onu anlaman\u0131z\u0131, kabul etmenizi ve d\u00f6n\u00fc\u015ft\u00fcrmenizi hedefliyor.Karanl\u0131ktan ka\u00e7mak de\u011fil, onu ayd\u0131nlatmak sizi iyile\u015ftirir&#8230; Bu sayfalarda kendinize daha d\u00fcr\u00fcst, daha \u015fefkatli ve daha b\u00fct\u00fcn bir yerden bakmay\u0131 \u00f6\u011freneceksiniz.\u201cG\u00f6lge \u00c7al\u0131\u015fmas\u0131, insanlar\u0131n bilin\u00e7d\u0131\u015f\u0131 d\u00fc\u015f\u00fcncelerini bilin\u00e7 d\u00fczeyine \u00e7\u0131kar\u0131p i\u015flemesine ve iyile\u015fmesine yard\u0131mc\u0131 olan sa\u011falt\u0131c\u0131 bir kaynak.\u201dTisha Juggins,Klinik Psikolog ve Travma Uzman\u0131<\/p>\n","protected":false},"excerpt":{"rendered":"<p>Sizi engelleyen d\u0131\u015f d\u00fcnya de\u011fil, i\u00e7inizde saklanan g\u00f6lgedir&#8230;Hayat\u0131n\u0131zda tekrar eden k\u0131rg\u0131nl\u0131klar, ili\u015fkilerinizdeki t\u0131kanmalar ve bir t\u00fcrl\u00fc ge\u00e7meyen \u201ceksik bir \u015fey var\u201d hissi tesad\u00fcf de\u011fil. Bast\u0131rd\u0131\u011f\u0131n\u0131z duygular,<span class=\"excerpt-hellip\"> [\u2026]<\/span><\/p>\n","protected":false},"featured_media":0,"template":"","meta":{"_monsterinsights_skip_tracking":false,"_monsterinsights_sitenote_active":false,"_monsterinsights_sitenote_note":"","_monsterinsights_sitenote_category":0},"product_brand":[],"product_cat":[12364,12376],"product_tag":[],"class_list":{"0":"post-784042","1":"product","2":"type-product","3":"status-publish","5":"product_cat-genel-konular","6":"product_cat-kisisel-gelisim","7":"pa_cilt-ciltsiz","8":"pa_tur-kitap","9":"pa_yayinevi-dogan-novus","10":"pa_yazar-keila-shaheen","12":"first","13":"instock","14":"sale","15":"shipping-taxable","16":"purchasable","17":"product-type-simple"},"_links":{"self":[{"href":"https:\/\/roveyayinevi.com.tr\/index.php\/wp-json\/wp\/v2\/product\/784042","targetHints":{"allow":["GET"]}}],"collection":[{"href":"https:\/\/roveyayinevi.com.tr\/index.php\/wp-json\/wp\/v2\/product"}],"about":[{"href":"https:\/\/roveyayinevi.com.tr\/index.php\/wp-json\/wp\/v2\/types\/product"}],"wp:attachment":[{"href":"https:\/\/roveyayinevi.com.tr\/index.php\/wp-json\/wp\/v2\/media?parent=784042"}],"wp:term":[{"taxonomy":"product_brand","embeddable":true,"href":"https:\/\/roveyayinevi.com.tr\/index.php\/wp-json\/wp\/v2\/product_brand?post=784042"},{"taxonomy":"product_cat","embeddable":true,"href":"https:\/\/roveyayinevi.com.tr\/index.php\/wp-json\/wp\/v2\/product_cat?post=784042"},{"taxonomy":"product_tag","embeddable":true,"href":"https:\/\/roveyayinevi.com.tr\/index.php\/wp-json\/wp\/v2\/product_tag?post=784042"}],"curies":[{"name":"wp","href":"https:\/\/api.w.org\/{rel}","templated":true}]}}