{"id":784041,"date":"2026-02-26T23:53:41","date_gmt":"2026-02-26T20:53:41","guid":{"rendered":"https:\/\/roveyayinevi.com.tr\/index.php\/urun\/gitme-gul-yanaklarin-solar\/"},"modified":"2026-04-15T03:47:34","modified_gmt":"2026-04-15T00:47:34","slug":"gitme-gul-yanaklarin-solar","status":"publish","type":"product","link":"https:\/\/roveyayinevi.com.tr\/index.php\/urun\/gitme-gul-yanaklarin-solar\/","title":{"rendered":"Gitme G\u00fcl Yanaklar\u0131n Solar"},"content":{"rendered":"<p>\u201cG\u00f6\u00e7 a\u011fr\u0131s\u0131, yer a\u011fr\u0131s\u0131, yurt a\u011fr\u0131s\u0131, toprak a\u011fr\u0131s\u0131 \u00e7ekendi onlar.\u201dGitme, G\u00fcl Yanaklar\u0131n Solar, m\u00fcbadil bir ailenin d\u00f6rt ku\u015fa\u011fa yay\u0131lan dokunakl\u0131 hik\u00e2yesi.Evini bir gecede terk etmek zorunda kalan Nafia Han\u0131m; c\u00fcmleleri yar\u0131m kalan Mediha; annesinin suskunlu\u011funda b\u00fcy\u00fcyen Leman ve kalbi Ege\u2019nin iki yakas\u0131nda atan bir kad\u0131n yazar\u2026 Bir sand\u0131k dolusu yas, sessizlik ve g\u00f6\u00e7 haf\u0131zas\u0131.1923 T\u00fcrkiye-Yunanistan N\u00fcfus M\u00fcbadelesi\u2019ni yaln\u0131zca tarihsel bir k\u0131r\u0131lma olarak de\u011fil, ku\u015faktan ku\u015fa\u011fa aktar\u0131lan derin bir haf\u0131za yaras\u0131 olarak anlatan roman; Serez ve Midilli\u2019den Edremit\u2019e, oradan do\u011fuya uzanan bir yolculukta 1920\u2019lerin T\u00fcrkiye\u2019sini ve suskun b\u0131rak\u0131lan ac\u0131lar\u0131n kad\u0131nlar \u00fczerindeki izlerini g\u00f6r\u00fcn\u00fcr k\u0131l\u0131yor.Bu topraklar\u0131n b\u00fcy\u00fck ac\u0131s\u0131na yak\u0131lm\u0131\u015f bir a\u011f\u0131t; zeytin a\u011fa\u00e7lar\u0131n\u0131n hasret y\u00fckl\u00fc ezgisi; Ege\u2019nin iki yakas\u0131n\u0131n mak\u00fbs talihine bir isyan\u2026 Yak\u0131n tarihin h\u00fcz\u00fcnl\u00fc hat\u0131ralar\u0131nda i\u00e7li bir yolculuk.T\u00fcrk edebiyat\u0131n\u0131n g\u00fc\u00e7l\u00fc kalemi \u0130rem Uzunhasano\u011flu, bu ilk roman\u0131nda anneannesinin izini s\u00fcrerken k\u00f6klerini, unutulmaya zorlanan ama hep hat\u0131rlanan ac\u0131lar\u0131 ve suskunlu\u011fun i\u00e7inden s\u0131zan haf\u0131zay\u0131 g\u00fcn y\u00fcz\u00fcne \u00e7\u0131kar\u0131yor.Sahipleri g\u00f6\u00e7 edince ba\u015fka diyarlara, yaln\u0131z kalan a\u011fa\u00e7lar ne yapard\u0131?<\/p>\n","protected":false},"excerpt":{"rendered":"<p>\u201cG\u00f6\u00e7 a\u011fr\u0131s\u0131, yer a\u011fr\u0131s\u0131, yurt a\u011fr\u0131s\u0131, toprak a\u011fr\u0131s\u0131 \u00e7ekendi onlar.\u201dGitme, G\u00fcl Yanaklar\u0131n Solar, m\u00fcbadil bir ailenin d\u00f6rt ku\u015fa\u011fa yay\u0131lan dokunakl\u0131 hik\u00e2yesi.Evini bir gecede terk etmek zorunda<span class=\"excerpt-hellip\"> [\u2026]<\/span><\/p>\n","protected":false},"featured_media":0,"template":"","meta":{"_monsterinsights_skip_tracking":false,"_monsterinsights_sitenote_active":false,"_monsterinsights_sitenote_note":"","_monsterinsights_sitenote_category":0},"product_brand":[],"product_cat":[12291,12711],"product_tag":[],"class_list":{"0":"post-784041","1":"product","2":"type-product","3":"status-publish","5":"product_cat-edebiyat","6":"product_cat-roman-oyku","7":"pa_cilt-ciltsiz","8":"pa_tur-kitap","9":"pa_yayinevi-dogan-kitap","10":"pa_yazar-irem-uzunhasanoglu","12":"first","13":"instock","14":"sale","15":"shipping-taxable","16":"purchasable","17":"product-type-simple"},"_links":{"self":[{"href":"https:\/\/roveyayinevi.com.tr\/index.php\/wp-json\/wp\/v2\/product\/784041","targetHints":{"allow":["GET"]}}],"collection":[{"href":"https:\/\/roveyayinevi.com.tr\/index.php\/wp-json\/wp\/v2\/product"}],"about":[{"href":"https:\/\/roveyayinevi.com.tr\/index.php\/wp-json\/wp\/v2\/types\/product"}],"wp:attachment":[{"href":"https:\/\/roveyayinevi.com.tr\/index.php\/wp-json\/wp\/v2\/media?parent=784041"}],"wp:term":[{"taxonomy":"product_brand","embeddable":true,"href":"https:\/\/roveyayinevi.com.tr\/index.php\/wp-json\/wp\/v2\/product_brand?post=784041"},{"taxonomy":"product_cat","embeddable":true,"href":"https:\/\/roveyayinevi.com.tr\/index.php\/wp-json\/wp\/v2\/product_cat?post=784041"},{"taxonomy":"product_tag","embeddable":true,"href":"https:\/\/roveyayinevi.com.tr\/index.php\/wp-json\/wp\/v2\/product_tag?post=784041"}],"curies":[{"name":"wp","href":"https:\/\/api.w.org\/{rel}","templated":true}]}}