{"id":784038,"date":"2026-02-26T23:53:33","date_gmt":"2026-02-26T20:53:33","guid":{"rendered":"https:\/\/roveyayinevi.com.tr\/index.php\/urun\/ortakoy-sapinuva-tabletleri\/"},"modified":"2026-04-15T03:47:33","modified_gmt":"2026-04-15T00:47:33","slug":"ortakoy-sapinuva-tabletleri","status":"publish","type":"product","link":"https:\/\/roveyayinevi.com.tr\/index.php\/urun\/ortakoy-sapinuva-tabletleri\/","title":{"rendered":"Ortak\u00f6y-\u015eapinuva Tabletleri"},"content":{"rendered":"<p>Hitit \u00e7ivi yaz\u0131l\u0131 tabletler, \u00e7a\u011f\u0131ndan g\u00fcn\u00fcm\u00fcze bilgi yans\u0131tan y\u00fcksek bir medeniyetin bize b\u0131rakt\u0131\u011f\u0131 \u00e7ok k\u0131ymetli malzemelerdir. Onlar kilden yap\u0131lm\u0131\u015f, cans\u0131z ruhsuz g\u00f6r\u00fcnseler de konu\u015ftu\u011fu zaman insan\u0131 \u00e7a\u011f\u0131na g\u00f6t\u00fcren, bir medeniyetin tarihini, dilini, k\u00fclt\u00fcr\u00fcn\u00fc g\u00fcn\u00fcm\u00fcze ta\u015f\u0131yan \u00e7ok de\u011ferli hazinelerdir.\u00c7ivi yaz\u0131l\u0131 tabletleri elinize ald\u0131\u011f\u0131n\u0131zda hele bir de toprakta kar\u015f\u0131la\u015ft\u0131\u011f\u0131n\u0131z zaman heyecanla size ne anlataca\u011f\u0131n\u0131 merak edersiniz. \u201cKim yazm\u0131\u015f, neyi anlat\u0131yor?\u201d sorular\u0131n\u0131 i\u00e7inizden ge\u00e7irerek, elleriniz titreyerek onu tutars\u0131n\u0131z. Onu okumak o kadar kolay de\u011fildir. \u00c7\u00fcnk\u00fc g\u00fcn\u00fcm\u00fczde kullan\u0131lmayan bir yaz\u0131 sistemi ve bug\u00fcn kar\u015f\u0131la\u015fmad\u0131\u011f\u0131m\u0131z \u00f6l\u00fc bir dille yaz\u0131lm\u0131\u015ft\u0131r. Bilinmeyeni \u00e7oktur, onun yaz\u0131ld\u0131\u011f\u0131 d\u00f6neme giderek ne anlatmak istedi\u011fine odaklanmak, onunla empati kurmak gerekir.Ortak\u00f6y tabletleri, Hitit Uygarl\u0131\u011f\u0131ndan bize bilgi ula\u015ft\u0131ran \u00e7ok de\u011ferli hazinelerdir. Bu kitap, b\u00fcy\u00fck bir ar\u015fivin bilgilerini sizlere aktarmak \u00fczere haz\u0131rlanm\u0131\u015ft\u0131r. \u00c7ok zor ve uzun bir \u00e7al\u0131\u015fmay\u0131 i\u00e7eren bu kitab\u0131n Hititologlara, Hititler ve onlar\u0131n dili, yaz\u0131s\u0131, tarihi ile u\u011fra\u015fanlara ayr\u0131ca din, t\u0131p, hukuk, ziraat vs. tarihi ile u\u011fra\u015fanlara bir alt yap\u0131 olaca\u011f\u0131 inanc\u0131nday\u0131m\u2026<\/p>\n","protected":false},"excerpt":{"rendered":"<p>Hitit \u00e7ivi yaz\u0131l\u0131 tabletler, \u00e7a\u011f\u0131ndan g\u00fcn\u00fcm\u00fcze bilgi yans\u0131tan y\u00fcksek bir medeniyetin bize b\u0131rakt\u0131\u011f\u0131 \u00e7ok k\u0131ymetli malzemelerdir. Onlar kilden yap\u0131lm\u0131\u015f, cans\u0131z ruhsuz g\u00f6r\u00fcnseler de konu\u015ftu\u011fu zaman insan\u0131<span class=\"excerpt-hellip\"> [\u2026]<\/span><\/p>\n","protected":false},"featured_media":0,"template":"","meta":{"_monsterinsights_skip_tracking":false,"_monsterinsights_sitenote_active":false,"_monsterinsights_sitenote_note":"","_monsterinsights_sitenote_category":0},"product_brand":[],"product_cat":[52477,52478],"product_tag":[],"class_list":{"0":"post-784038","1":"product","2":"type-product","3":"status-publish","5":"product_cat-arastirma","6":"product_cat-arkeoloji","7":"pa_cilt-ciltli","8":"pa_tur-kitap","9":"pa_yayinevi-bilgin-kultur-sanat","10":"pa_yazar-aygul-suel","12":"first","13":"instock","14":"sale","15":"shipping-taxable","16":"purchasable","17":"product-type-simple"},"_links":{"self":[{"href":"https:\/\/roveyayinevi.com.tr\/index.php\/wp-json\/wp\/v2\/product\/784038","targetHints":{"allow":["GET"]}}],"collection":[{"href":"https:\/\/roveyayinevi.com.tr\/index.php\/wp-json\/wp\/v2\/product"}],"about":[{"href":"https:\/\/roveyayinevi.com.tr\/index.php\/wp-json\/wp\/v2\/types\/product"}],"wp:attachment":[{"href":"https:\/\/roveyayinevi.com.tr\/index.php\/wp-json\/wp\/v2\/media?parent=784038"}],"wp:term":[{"taxonomy":"product_brand","embeddable":true,"href":"https:\/\/roveyayinevi.com.tr\/index.php\/wp-json\/wp\/v2\/product_brand?post=784038"},{"taxonomy":"product_cat","embeddable":true,"href":"https:\/\/roveyayinevi.com.tr\/index.php\/wp-json\/wp\/v2\/product_cat?post=784038"},{"taxonomy":"product_tag","embeddable":true,"href":"https:\/\/roveyayinevi.com.tr\/index.php\/wp-json\/wp\/v2\/product_tag?post=784038"}],"curies":[{"name":"wp","href":"https:\/\/api.w.org\/{rel}","templated":true}]}}