{"id":784037,"date":"2026-02-26T23:53:31","date_gmt":"2026-02-26T20:53:31","guid":{"rendered":"https:\/\/roveyayinevi.com.tr\/index.php\/urun\/via-tauri-ve-cevresindeki-yerlesimleri-1\/"},"modified":"2026-04-15T03:47:33","modified_gmt":"2026-04-15T00:47:33","slug":"via-tauri-ve-cevresindeki-yerlesimleri-1","status":"publish","type":"product","link":"https:\/\/roveyayinevi.com.tr\/index.php\/urun\/via-tauri-ve-cevresindeki-yerlesimleri-1\/","title":{"rendered":"V\u0131a Taur\u0131 ve \u00c7evresindeki Yerle\u015fimleri 1"},"content":{"rendered":"<p>Do\u011fu Akdeniz&#8217;in kadim kentlerinden olan Tarsus, T\u00fcrkiy&#8217;nin g\u00fcneyinde Mersin \u0130linin do\u011fu s\u0131n\u0131r\u0131nda yer alan bug\u00fcn yakla\u015f\u0131k 400.000 n\u00fcfuslu bir il\u00e7edir. Antik d\u00f6nemden g\u00fcn\u00fcm\u00fcze ayn\u0131 yerde iskan g\u00f6ren kent, \u00e7ok katmanl\u0131d\u0131r ve her bir katmana ait an\u0131tlar kent merkezinde g\u00f6r\u00fclebilir. Bu durum kentin, h\u00f6y\u00fckle\u015fmenin\/katmanla\u015fman\u0131n devam etti\u011fi, hala ya\u015fayan bir a\u00e7\u0131k hava m\u00fczesi olmas\u0131n\u0131 sa\u011flar. Kentin halihaz\u0131rda ayn\u0131 yerde ya\u015famaya devam etmesi, antik Tarsus&#8217;a ait verilere ula\u015f\u0131lmas\u0131na ve kent merkezinde kapsaml\u0131 bilimsel ara\u015ft\u0131rmalar\u0131n ve kaz\u0131lar\u0131n yap\u0131lmas\u0131na engel olmaktad\u0131r. Ancak, kent merkezi d\u0131\u015f\u0131ndaki Tarsus&#8217;a ba\u011fl\u0131 k\u0131rsal alanlar\u0131n antik d\u00f6nem bakiyeleri de 2016 y\u0131l\u0131na kadar kapsaml\u0131 bir bilimsel ara\u015ft\u0131rman\u0131n par\u00e7as\u0131 olmam\u0131\u015f, k\u00fclt\u00fcrel miras a\u00e7\u0131s\u0131ndan ele al\u0131nmam\u0131\u015ft\u0131r. 2016 y\u0131l\u0131nda K\u00fclt\u00fcr ve Turizm Bakanl\u0131\u011f\u0131, K\u00fclt\u00fcr Varl\u0131klar\u0131 ve M\u00fczeler Genel M\u00fcd\u00fcrl\u00fc\u011f\u00fc Kaz\u0131lar ve Ara\u015ft\u0131rmalar\u0131 Dairesi Ba\u015fkanl\u0131\u011f\u0131nca verilen izin ile Tarsus Hinterland\u0131nda bu kitab\u0131n yazarlar\u0131 taraf\u0131ndan arkeolojik y\u00fczey ara\u015ft\u0131rma projesi ba\u015flat\u0131lm\u0131\u015ft\u0131r. S\u00f6z konusu proje, yeni bir kitap dizininin ortaya \u00e7\u0131kmas\u0131na vesile olmu\u015ftur. &#8220;Tarsus Ara\u015ft\u0131rmalar\u0131&#8221;; ba\u015fl\u0131kl\u0131 dizin, merkezinde Tarsus&#8217;un oldu\u011fu \u00e7al\u0131\u015fmalara ev sahipli\u011fi yapmaktad\u0131r. Elinizdeki bu kitap, Tarsus Ara\u015ft\u0131rmalar\u0131 dizisinin IV. kitab\u0131d\u0131r.<\/p>\n","protected":false},"excerpt":{"rendered":"<p>Do\u011fu Akdeniz&#8217;in kadim kentlerinden olan Tarsus, T\u00fcrkiy&#8217;nin g\u00fcneyinde Mersin \u0130linin do\u011fu s\u0131n\u0131r\u0131nda yer alan bug\u00fcn yakla\u015f\u0131k 400.000 n\u00fcfuslu bir il\u00e7edir. Antik d\u00f6nemden g\u00fcn\u00fcm\u00fcze ayn\u0131 yerde iskan<span class=\"excerpt-hellip\"> [\u2026]<\/span><\/p>\n","protected":false},"featured_media":0,"template":"","meta":{"_monsterinsights_skip_tracking":false,"_monsterinsights_sitenote_active":false,"_monsterinsights_sitenote_note":"","_monsterinsights_sitenote_category":0},"product_brand":[],"product_cat":[52477,52478],"product_tag":[],"class_list":{"0":"post-784037","1":"product","2":"type-product","3":"status-publish","5":"product_cat-arastirma","6":"product_cat-arkeoloji","7":"pa_cilt-ciltli","8":"pa_tur-kitap","9":"pa_yayinevi-bilgin-kultur-sanat","10":"pa_yazar-deniz-kaplan","12":"first","13":"instock","14":"sale","15":"shipping-taxable","16":"purchasable","17":"product-type-simple"},"_links":{"self":[{"href":"https:\/\/roveyayinevi.com.tr\/index.php\/wp-json\/wp\/v2\/product\/784037","targetHints":{"allow":["GET"]}}],"collection":[{"href":"https:\/\/roveyayinevi.com.tr\/index.php\/wp-json\/wp\/v2\/product"}],"about":[{"href":"https:\/\/roveyayinevi.com.tr\/index.php\/wp-json\/wp\/v2\/types\/product"}],"wp:attachment":[{"href":"https:\/\/roveyayinevi.com.tr\/index.php\/wp-json\/wp\/v2\/media?parent=784037"}],"wp:term":[{"taxonomy":"product_brand","embeddable":true,"href":"https:\/\/roveyayinevi.com.tr\/index.php\/wp-json\/wp\/v2\/product_brand?post=784037"},{"taxonomy":"product_cat","embeddable":true,"href":"https:\/\/roveyayinevi.com.tr\/index.php\/wp-json\/wp\/v2\/product_cat?post=784037"},{"taxonomy":"product_tag","embeddable":true,"href":"https:\/\/roveyayinevi.com.tr\/index.php\/wp-json\/wp\/v2\/product_tag?post=784037"}],"curies":[{"name":"wp","href":"https:\/\/api.w.org\/{rel}","templated":true}]}}