{"id":784032,"date":"2026-02-26T23:53:14","date_gmt":"2026-02-26T20:53:14","guid":{"rendered":"https:\/\/roveyayinevi.com.tr\/index.php\/urun\/kendine-iyi-baksaglikli-yasam-rehberi\/"},"modified":"2026-04-15T03:46:55","modified_gmt":"2026-04-15T00:46:55","slug":"kendine-iyi-baksaglikli-yasam-rehberi","status":"publish","type":"product","link":"https:\/\/roveyayinevi.com.tr\/index.php\/urun\/kendine-iyi-baksaglikli-yasam-rehberi\/","title":{"rendered":"Kendine \u0130yi Bak;Sa\u011fl\u0131kl\u0131 Ya\u015fam Rehberi"},"content":{"rendered":"<p>Sa\u011fl\u0131kl\u0131 Ya\u015famak, Kendine \u0130yi Bakmak Sanat\u0131d\u0131r.\u2022Bir ila\u00e7 size iyi gelirken neden bir ba\u015fkas\u0131na iyi gelmez? \u2022Check-up yapt\u0131rmak kalp krizi riskini anlamak i\u00e7in ne kadar yeterli? \u2022Ba\u011f\u0131rsak sa\u011fl\u0131\u011f\u0131m\u0131z\u0131n ya\u015fam s\u00fcresini uzatmadaki s\u0131rr\u0131 ne? \u2022Y\u00fcksek tansiyonun \u00f6l\u00fcmc\u00fcl etkisinin yeterince fark\u0131nda m\u0131y\u0131z? \u2022Stresle g\u00fcnl\u00fck hayatta nas\u0131l ba\u015f edebiliriz? \u2022Uzun ya\u015faman\u0131n pratik form\u00fclleri nelerdir? \u2022Kad\u0131nlar menopoz tedavisinde biyoe\u015fde\u011fer hormonlar\u0131n fark\u0131nda m\u0131? \u2022Andropoz tarih mi oldu? \u2022Her unutkanl\u0131k bunama m\u0131d\u0131r?\u2022Ak\u0131ll\u0131 saat kullanmak sa\u011fl\u0131\u011f\u0131m\u0131za ne fayda sa\u011flar? \u2022Sa\u011fl\u0131\u011f\u0131m\u0131z\u0131 Chat-GPT\u2019ye soral\u0131m m\u0131? \u2022A\u015fk kalbe faydal\u0131 m\u0131d\u0131r?..Kendine \u0130yi Bak sa\u011fl\u0131kl\u0131 ya\u015fam rehberi, g\u00fcnl\u00fck hayatta kar\u015f\u0131la\u015f\u0131lan en s\u0131k sa\u011fl\u0131k sorunlar\u0131na \u00e7\u00f6z\u00fcmc\u00fc yakla\u015f\u0131mlar sunmaktad\u0131r. Bu yakla\u015f\u0131mlar, g\u00fcncel t\u0131bbi bilgilerin g\u00fcnl\u00fck hayat\u0131m\u0131zda nas\u0131l kullan\u0131l\u0131r hale gelebilece\u011fine dair yol haritas\u0131n\u0131 i\u00e7ermektedir.Hipokrat\u2019\u0131n i\u015faret etti\u011fi gibi; \u201cEn iyi tedavi \u00f6nlemektir\u2019\u2019.<\/p>\n","protected":false},"excerpt":{"rendered":"<p>Sa\u011fl\u0131kl\u0131 Ya\u015famak, Kendine \u0130yi Bakmak Sanat\u0131d\u0131r.\u2022Bir ila\u00e7 size iyi gelirken neden bir ba\u015fkas\u0131na iyi gelmez? \u2022Check-up yapt\u0131rmak kalp krizi riskini anlamak i\u00e7in ne kadar yeterli? \u2022Ba\u011f\u0131rsak<span class=\"excerpt-hellip\"> [\u2026]<\/span><\/p>\n","protected":false},"featured_media":0,"template":"","meta":{"_monsterinsights_skip_tracking":false,"_monsterinsights_sitenote_active":false,"_monsterinsights_sitenote_note":"","_monsterinsights_sitenote_category":0},"product_brand":[],"product_cat":[13366,13365],"product_tag":[],"class_list":{"0":"post-784032","1":"product","2":"type-product","3":"status-publish","5":"product_cat-diger-saglik","6":"product_cat-saglik","7":"pa_cilt-ciltsiz","8":"pa_tur-kitap","9":"pa_yayinevi-destek-yayinlari","10":"pa_yazar-ebru-ozenc","12":"first","13":"instock","14":"sale","15":"shipping-taxable","16":"purchasable","17":"product-type-simple"},"_links":{"self":[{"href":"https:\/\/roveyayinevi.com.tr\/index.php\/wp-json\/wp\/v2\/product\/784032","targetHints":{"allow":["GET"]}}],"collection":[{"href":"https:\/\/roveyayinevi.com.tr\/index.php\/wp-json\/wp\/v2\/product"}],"about":[{"href":"https:\/\/roveyayinevi.com.tr\/index.php\/wp-json\/wp\/v2\/types\/product"}],"wp:attachment":[{"href":"https:\/\/roveyayinevi.com.tr\/index.php\/wp-json\/wp\/v2\/media?parent=784032"}],"wp:term":[{"taxonomy":"product_brand","embeddable":true,"href":"https:\/\/roveyayinevi.com.tr\/index.php\/wp-json\/wp\/v2\/product_brand?post=784032"},{"taxonomy":"product_cat","embeddable":true,"href":"https:\/\/roveyayinevi.com.tr\/index.php\/wp-json\/wp\/v2\/product_cat?post=784032"},{"taxonomy":"product_tag","embeddable":true,"href":"https:\/\/roveyayinevi.com.tr\/index.php\/wp-json\/wp\/v2\/product_tag?post=784032"}],"curies":[{"name":"wp","href":"https:\/\/api.w.org\/{rel}","templated":true}]}}