{"id":784029,"date":"2026-02-26T23:52:58","date_gmt":"2026-02-26T20:52:58","guid":{"rendered":"https:\/\/roveyayinevi.com.tr\/index.php\/urun\/feminist-erkek-cocuklari-yetistirmek\/"},"modified":"2026-04-15T03:46:53","modified_gmt":"2026-04-15T00:46:53","slug":"feminist-erkek-cocuklari-yetistirmek","status":"publish","type":"product","link":"https:\/\/roveyayinevi.com.tr\/index.php\/urun\/feminist-erkek-cocuklari-yetistirmek\/","title":{"rendered":"Feminist Erkek \u00c7ocuklar\u0131 Yeti\u015ftirmek"},"content":{"rendered":"<p>O\u011flunuzun odas\u0131ndaki d\u00fc\u015fman\u0131n fark\u0131nda m\u0131s\u0131n\u0131z? \u0130nternet, sosyal medya, akran zorbal\u0131\u011f\u0131 siz sustu\u011funuz her an o\u011flunuzun zihnindeki erkeklik alg\u0131s\u0131n\u0131 kendi kurallar\u0131yla in\u015fa ediyor. Her \u015feyi ak\u0131\u015fa b\u0131rakmak yerine ona hayat boyu rehberlik edecek o sa\u011flam i\u00e7 pusulay\u0131 kazand\u0131rman\u0131n zaman\u0131 gelmedi mi? Harvard \u00dcniversitesi&#8217;nde \u00f6\u011fretim g\u00f6revlisi ve klinik psikolog Dr. Bobbi Wegner ebeveynli\u011fi toplumsal de\u011fi\u015fimin en g\u00fc\u00e7l\u00fc arac\u0131 olarak tan\u0131ml\u0131yor. Bizi kendi \u00f6rt\u00fck \u00f6nyarg\u0131lar\u0131m\u0131zla y\u00fczle\u015fmeye davet ederken, \u00e7ocuk geli\u015fim evrelerine uygun ve bilimsel verilerle desteklenen somut ileti\u015fim stratejileri sunuyor. Duygusal zek\u00e2s\u0131 y\u00fcksek, empati sahibi \u00e7ocuklar yeti\u015ftirmenin yolunu \u015fefkatli bir anlat\u0131mla ayd\u0131nlat\u0131yor. E\u015fitli\u011fe inanan bir \u00e7ocuk yeti\u015ftirmek her \u015feyden \u00f6nce fark\u0131ndal\u0131k ve cesaret gerektirir. R\u0131za, e\u015fitlik ve adalet \u00fczerine konu\u015fmay\u0131 m\u00fcmk\u00fcn k\u0131lan Feminist Erkek \u00c7ocuklar\u0131 Yeti\u015ftirmek d\u00fcnyay\u0131 o\u011flunuzun g\u00f6z\u00fcnden g\u00f6r\u00fcp gelece\u011fi daha adil bir yer olarak birlikte in\u015fa etmeniz i\u00e7in a\u00e7\u0131k bir davet.<\/p>\n","protected":false},"excerpt":{"rendered":"<p>O\u011flunuzun odas\u0131ndaki d\u00fc\u015fman\u0131n fark\u0131nda m\u0131s\u0131n\u0131z? \u0130nternet, sosyal medya, akran zorbal\u0131\u011f\u0131 siz sustu\u011funuz her an o\u011flunuzun zihnindeki erkeklik alg\u0131s\u0131n\u0131 kendi kurallar\u0131yla in\u015fa ediyor. Her \u015feyi ak\u0131\u015fa b\u0131rakmak<span class=\"excerpt-hellip\"> [\u2026]<\/span><\/p>\n","protected":false},"featured_media":0,"template":"","meta":{"_monsterinsights_skip_tracking":false,"_monsterinsights_sitenote_active":false,"_monsterinsights_sitenote_note":"","_monsterinsights_sitenote_category":0},"product_brand":[],"product_cat":[17996,12364],"product_tag":[],"class_list":{"0":"post-784029","1":"product","2":"type-product","3":"status-publish","5":"product_cat-ebeveyn-kitaplari","6":"product_cat-genel-konular","7":"pa_cilt-ciltsiz","8":"pa_tur-kitap","9":"pa_yayinevi-aganta","10":"pa_yazar-bobbi-wegner","12":"first","13":"instock","14":"sale","15":"shipping-taxable","16":"purchasable","17":"product-type-simple"},"_links":{"self":[{"href":"https:\/\/roveyayinevi.com.tr\/index.php\/wp-json\/wp\/v2\/product\/784029","targetHints":{"allow":["GET"]}}],"collection":[{"href":"https:\/\/roveyayinevi.com.tr\/index.php\/wp-json\/wp\/v2\/product"}],"about":[{"href":"https:\/\/roveyayinevi.com.tr\/index.php\/wp-json\/wp\/v2\/types\/product"}],"wp:attachment":[{"href":"https:\/\/roveyayinevi.com.tr\/index.php\/wp-json\/wp\/v2\/media?parent=784029"}],"wp:term":[{"taxonomy":"product_brand","embeddable":true,"href":"https:\/\/roveyayinevi.com.tr\/index.php\/wp-json\/wp\/v2\/product_brand?post=784029"},{"taxonomy":"product_cat","embeddable":true,"href":"https:\/\/roveyayinevi.com.tr\/index.php\/wp-json\/wp\/v2\/product_cat?post=784029"},{"taxonomy":"product_tag","embeddable":true,"href":"https:\/\/roveyayinevi.com.tr\/index.php\/wp-json\/wp\/v2\/product_tag?post=784029"}],"curies":[{"name":"wp","href":"https:\/\/api.w.org\/{rel}","templated":true}]}}