{"id":784027,"date":"2026-02-26T23:52:49","date_gmt":"2026-02-26T20:52:49","guid":{"rendered":"https:\/\/roveyayinevi.com.tr\/index.php\/urun\/islami-hareketin-ahlaki-temelleri\/"},"modified":"2026-04-15T03:46:53","modified_gmt":"2026-04-15T00:46:53","slug":"islami-hareketin-ahlaki-temelleri","status":"publish","type":"product","link":"https:\/\/roveyayinevi.com.tr\/index.php\/urun\/islami-hareketin-ahlaki-temelleri\/","title":{"rendered":"\u0130slami Hareketin Ahlaki Temelleri"},"content":{"rendered":"<p>\u0130slami Hareketin Ahlaki Temelleri, \u0130slami m\u00fccadelenin hangi de\u011ferler \u00fczeriney\u00fckseldi\u011fini ahlak merkezli bir bak\u0131\u015fla ele alan bir eserdir. Ebu\u2019l-A\u2018l\u00e2 Mevdud\u00ee, bu\u00e7al\u0131\u015fmada hareket fikrini yaln\u0131zca siyas\u00ee veya toplumsal bir olgu olarak de\u011fil, insan\u0131ni\u00e7 d\u00fcnyas\u0131ndan ba\u015flayarak \u015fekillenen ahlaki bir sorumluluk alan\u0131 olarak ele al\u0131r.Metin, g\u00fc\u00e7, liderlik ve ba\u015far\u0131 kavramlar\u0131n\u0131 ahlakla birlikte d\u00fc\u015f\u00fcnmeyi esas al\u0131r.Eserde iman, takva, ihsan ve temel insani erdemler; bireysel karakterin olu\u015fumu vetoplumsal y\u00f6neli\u015f ba\u011flam\u0131nda de\u011ferlendirilir. Ahlak\u0131n, tarihsel y\u00fckseli\u015f ve \u00e7\u00f6z\u00fclmes\u00fcre\u00e7lerindeki belirleyici rol\u00fc, Kur\u2019an\u00ee ilkeler ve insani tecr\u00fcbeler \u00fczerinden eleal\u0131n\u0131r. Mevdud\u00ee\u2019nin yakla\u015f\u0131m\u0131, hareketin s\u00fcreklili\u011fini sa\u011flayan unsurlar\u0131 disiplin,bilin\u00e7 ve sorumluluk kavramlar\u0131 etraf\u0131nda temellendirir.<\/p>\n","protected":false},"excerpt":{"rendered":"<p>\u0130slami Hareketin Ahlaki Temelleri, \u0130slami m\u00fccadelenin hangi de\u011ferler \u00fczeriney\u00fckseldi\u011fini ahlak merkezli bir bak\u0131\u015fla ele alan bir eserdir. Ebu\u2019l-A\u2018l\u00e2 Mevdud\u00ee, bu\u00e7al\u0131\u015fmada hareket fikrini yaln\u0131zca siyas\u00ee veya toplumsal<span class=\"excerpt-hellip\"> [\u2026]<\/span><\/p>\n","protected":false},"featured_media":0,"template":"","meta":{"_monsterinsights_skip_tracking":false,"_monsterinsights_sitenote_active":false,"_monsterinsights_sitenote_note":"","_monsterinsights_sitenote_category":0},"product_brand":[],"product_cat":[12718,12719],"product_tag":[],"class_list":{"0":"post-784027","1":"product","2":"type-product","3":"status-publish","5":"product_cat-din","6":"product_cat-islam","7":"pa_cilt-ciltsiz","8":"pa_tur-kitap","9":"pa_yayinevi-vera-kitap-yayinlari","10":"pa_yazar-kolektif","12":"first","13":"instock","14":"sale","15":"shipping-taxable","16":"purchasable","17":"product-type-simple"},"_links":{"self":[{"href":"https:\/\/roveyayinevi.com.tr\/index.php\/wp-json\/wp\/v2\/product\/784027","targetHints":{"allow":["GET"]}}],"collection":[{"href":"https:\/\/roveyayinevi.com.tr\/index.php\/wp-json\/wp\/v2\/product"}],"about":[{"href":"https:\/\/roveyayinevi.com.tr\/index.php\/wp-json\/wp\/v2\/types\/product"}],"wp:attachment":[{"href":"https:\/\/roveyayinevi.com.tr\/index.php\/wp-json\/wp\/v2\/media?parent=784027"}],"wp:term":[{"taxonomy":"product_brand","embeddable":true,"href":"https:\/\/roveyayinevi.com.tr\/index.php\/wp-json\/wp\/v2\/product_brand?post=784027"},{"taxonomy":"product_cat","embeddable":true,"href":"https:\/\/roveyayinevi.com.tr\/index.php\/wp-json\/wp\/v2\/product_cat?post=784027"},{"taxonomy":"product_tag","embeddable":true,"href":"https:\/\/roveyayinevi.com.tr\/index.php\/wp-json\/wp\/v2\/product_tag?post=784027"}],"curies":[{"name":"wp","href":"https:\/\/api.w.org\/{rel}","templated":true}]}}