{"id":784025,"date":"2026-02-26T23:52:43","date_gmt":"2026-02-26T20:52:43","guid":{"rendered":"https:\/\/roveyayinevi.com.tr\/index.php\/urun\/ruhun-ispatiyeni-bir-ruh-tanimi\/"},"modified":"2026-04-15T03:46:53","modified_gmt":"2026-04-15T00:46:53","slug":"ruhun-ispatiyeni-bir-ruh-tanimi","status":"publish","type":"product","link":"https:\/\/roveyayinevi.com.tr\/index.php\/urun\/ruhun-ispatiyeni-bir-ruh-tanimi\/","title":{"rendered":"Ruhun \u0130spat\u0131;Yeni Bir Ruh Tan\u0131m\u0131"},"content":{"rendered":"<p>Ruhun \u0130spat\u0131, insan\u0131n varolu\u015funu anlamada merkezi bir yere sahip olan ruhkavram\u0131n\u0131 disiplinler aras\u0131 bir zeminde ele alan kapsaml\u0131 bir \u00e7al\u0131\u015fmad\u0131r. Dr. SametYahya Bal, bu eserde ruhu yaln\u0131zca kelam\u00ee bir tart\u0131\u015fma ba\u015fl\u0131\u011f\u0131 olarak de\u011fil, insandavran\u0131\u015flar\u0131n\u0131, bilincini ve iradeyi anlamaya imk\u00e2n veren kurucu bir unsur olarakinceler. Metin, ruh ile beden aras\u0131ndaki ili\u015fkiyi \u00e7a\u011fda\u015f bilimsel verilerle birlikted\u00fc\u015f\u00fcnerek yeni bir kavramsal \u00e7er\u00e7eve ortaya koyar.Eserde genetik biliminden psikolojiye, felsefeden teolojiye uzanan geni\u015f bir literat\u00fcrdikkate al\u0131n\u0131r. Bilin\u00e7, zihin, irade ve ki\u015filik gibi alanlar ruh merkezli bir bak\u0131\u015flade\u011ferlendirilir. \u201cPsikonsal t\u00f6z\u201d kavram\u0131, insan\u0131n biyolojik yap\u0131s\u0131 ile manev\u00ee y\u00f6n\u00fcaras\u0131ndaki etkile\u015fimi a\u00e7\u0131klayan \u00f6zg\u00fcn bir yakla\u015f\u0131m olarak ele al\u0131n\u0131r. Anlat\u0131m,akademik titizli\u011fi korurken a\u00e7\u0131k ve d\u00fczenli bir d\u00fc\u015f\u00fcnce hatt\u0131 izler.<\/p>\n","protected":false},"excerpt":{"rendered":"<p>Ruhun \u0130spat\u0131, insan\u0131n varolu\u015funu anlamada merkezi bir yere sahip olan ruhkavram\u0131n\u0131 disiplinler aras\u0131 bir zeminde ele alan kapsaml\u0131 bir \u00e7al\u0131\u015fmad\u0131r. Dr. SametYahya Bal, bu eserde ruhu<span class=\"excerpt-hellip\"> [\u2026]<\/span><\/p>\n","protected":false},"featured_media":0,"template":"","meta":{"_monsterinsights_skip_tracking":false,"_monsterinsights_sitenote_active":false,"_monsterinsights_sitenote_note":"","_monsterinsights_sitenote_category":0},"product_brand":[],"product_cat":[16038,12388],"product_tag":[],"class_list":{"0":"post-784025","1":"product","2":"type-product","3":"status-publish","5":"product_cat-arastirma-inceleme-referans-felsefe","6":"product_cat-felsefe","7":"pa_cilt-ciltsiz","8":"pa_tur-kitap","9":"pa_yayinevi-vera-kitap-yayinlari","10":"pa_yazar-samet-yahya-bal","12":"first","13":"instock","14":"sale","15":"shipping-taxable","16":"purchasable","17":"product-type-simple"},"_links":{"self":[{"href":"https:\/\/roveyayinevi.com.tr\/index.php\/wp-json\/wp\/v2\/product\/784025","targetHints":{"allow":["GET"]}}],"collection":[{"href":"https:\/\/roveyayinevi.com.tr\/index.php\/wp-json\/wp\/v2\/product"}],"about":[{"href":"https:\/\/roveyayinevi.com.tr\/index.php\/wp-json\/wp\/v2\/types\/product"}],"wp:attachment":[{"href":"https:\/\/roveyayinevi.com.tr\/index.php\/wp-json\/wp\/v2\/media?parent=784025"}],"wp:term":[{"taxonomy":"product_brand","embeddable":true,"href":"https:\/\/roveyayinevi.com.tr\/index.php\/wp-json\/wp\/v2\/product_brand?post=784025"},{"taxonomy":"product_cat","embeddable":true,"href":"https:\/\/roveyayinevi.com.tr\/index.php\/wp-json\/wp\/v2\/product_cat?post=784025"},{"taxonomy":"product_tag","embeddable":true,"href":"https:\/\/roveyayinevi.com.tr\/index.php\/wp-json\/wp\/v2\/product_tag?post=784025"}],"curies":[{"name":"wp","href":"https:\/\/api.w.org\/{rel}","templated":true}]}}