{"id":784024,"date":"2026-02-26T23:52:40","date_gmt":"2026-02-26T20:52:40","guid":{"rendered":"https:\/\/roveyayinevi.com.tr\/index.php\/urun\/istikbal-islamindir\/"},"modified":"2026-04-15T03:46:53","modified_gmt":"2026-04-15T00:46:53","slug":"istikbal-islamindir","status":"publish","type":"product","link":"https:\/\/roveyayinevi.com.tr\/index.php\/urun\/istikbal-islamindir\/","title":{"rendered":"\u0130stikbal \u0130slam&#8217;\u0131nd\u0131r"},"content":{"rendered":"<p>\u0130stikbal \u0130slam\u0131nd\u0131r, modern d\u00fcnyan\u0131n y\u00f6n kayb\u0131 i\u00e7inde insan\u0131n arad\u0131\u011f\u0131 anlam ve d\u00fczen fikrinimerkeze alan d\u00fc\u015f\u00fcnsel bir metindir. Seyyid Kutub, bu eserde inanc\u0131 yaln\u0131zca bireysel bir alanlas\u0131n\u0131rl\u0131 g\u00f6rmeyen bir yakla\u015f\u0131m geli\u015ftirir; hayat\u0131n tamam\u0131n\u0131 ku\u015fatan bir bak\u0131\u015f a\u00e7\u0131s\u0131 \u00f6nerir. Kitap,insan\u0131n de\u011ferlerle, toplumla ve iktidarla kurdu\u011fu ili\u015fkiyi temel sorular e\u015fli\u011finde ele al\u0131r.Metin boyunca okur, \u00e7a\u011fda\u015f ideolojilerin a\u00e7t\u0131\u011f\u0131 bo\u015fluklar\u0131, insan\u0131n i\u00e7 d\u00fcnyas\u0131nda olu\u015fan \u00e7atlaklar\u0131ve bu \u00e7atlaklar\u0131n toplumsal sonu\u00e7lar\u0131n\u0131 izler. Kutub\u2019un dili, teorik bir anlat\u0131m\u0131n \u00f6tesine ge\u00e7erekd\u00fc\u015f\u00fcnceyi canl\u0131 bir sorguya d\u00f6n\u00fc\u015ft\u00fcr\u00fcr. \u0130nan\u00e7, sorumluluk ve \u00f6zg\u00fcrl\u00fck kavramlar\u0131, insan\u0131nvarolu\u015fuyla do\u011frudan temas eden bir \u00e7er\u00e7evede yeniden d\u00fc\u015f\u00fcn\u00fcl\u00fcr.Bu eser, gelece\u011fe dair bir y\u00f6n aray\u0131\u015f\u0131n\u0131 merkeze al\u0131rken, okuru kendi \u00e7a\u011f\u0131n\u0131 yeniden okumayadavet eder. \u0130stikbal \u0130slam\u0131nd\u0131r, d\u00fc\u015f\u00fcnce ile hayat aras\u0131ndaki ba\u011f\u0131 ciddiyetle ele alan bir aray\u0131\u015f metniolarak \u00f6ne \u00e7\u0131kar.<\/p>\n","protected":false},"excerpt":{"rendered":"<p>\u0130stikbal \u0130slam\u0131nd\u0131r, modern d\u00fcnyan\u0131n y\u00f6n kayb\u0131 i\u00e7inde insan\u0131n arad\u0131\u011f\u0131 anlam ve d\u00fczen fikrinimerkeze alan d\u00fc\u015f\u00fcnsel bir metindir. Seyyid Kutub, bu eserde inanc\u0131 yaln\u0131zca bireysel bir alanlas\u0131n\u0131rl\u0131<span class=\"excerpt-hellip\"> [\u2026]<\/span><\/p>\n","protected":false},"featured_media":0,"template":"","meta":{"_monsterinsights_skip_tracking":false,"_monsterinsights_sitenote_active":false,"_monsterinsights_sitenote_note":"","_monsterinsights_sitenote_category":0},"product_brand":[],"product_cat":[12718,12719,13025],"product_tag":[],"class_list":{"0":"post-784024","1":"product","2":"type-product","3":"status-publish","5":"product_cat-din","6":"product_cat-islam","7":"product_cat-islam-ve-gunumuz-islam-dusuncesi","8":"pa_cilt-ciltsiz","9":"pa_tur-kitap","10":"pa_yayinevi-vera-kitap-yayinlari","11":"pa_yazar-seyyid-kutub","13":"first","14":"instock","15":"sale","16":"shipping-taxable","17":"purchasable","18":"product-type-simple"},"_links":{"self":[{"href":"https:\/\/roveyayinevi.com.tr\/index.php\/wp-json\/wp\/v2\/product\/784024","targetHints":{"allow":["GET"]}}],"collection":[{"href":"https:\/\/roveyayinevi.com.tr\/index.php\/wp-json\/wp\/v2\/product"}],"about":[{"href":"https:\/\/roveyayinevi.com.tr\/index.php\/wp-json\/wp\/v2\/types\/product"}],"wp:attachment":[{"href":"https:\/\/roveyayinevi.com.tr\/index.php\/wp-json\/wp\/v2\/media?parent=784024"}],"wp:term":[{"taxonomy":"product_brand","embeddable":true,"href":"https:\/\/roveyayinevi.com.tr\/index.php\/wp-json\/wp\/v2\/product_brand?post=784024"},{"taxonomy":"product_cat","embeddable":true,"href":"https:\/\/roveyayinevi.com.tr\/index.php\/wp-json\/wp\/v2\/product_cat?post=784024"},{"taxonomy":"product_tag","embeddable":true,"href":"https:\/\/roveyayinevi.com.tr\/index.php\/wp-json\/wp\/v2\/product_tag?post=784024"}],"curies":[{"name":"wp","href":"https:\/\/api.w.org\/{rel}","templated":true}]}}