{"id":784023,"date":"2026-02-26T23:52:37","date_gmt":"2026-02-26T20:52:37","guid":{"rendered":"https:\/\/roveyayinevi.com.tr\/index.php\/urun\/din-budur-2\/"},"modified":"2026-04-15T03:46:53","modified_gmt":"2026-04-15T00:46:53","slug":"din-budur-2","status":"publish","type":"product","link":"https:\/\/roveyayinevi.com.tr\/index.php\/urun\/din-budur-2\/","title":{"rendered":"Din Budur"},"content":{"rendered":"<p>Din Budur, inanc\u0131n hayatla kurdu\u011fu ili\u015fkiyi k\u00f6kten ele alan, sahih bir din anlay\u0131\u015f\u0131n\u0131n s\u0131n\u0131rlar\u0131n\u0131yeniden d\u00fc\u015f\u00fcnmeye \u00e7a\u011f\u0131ran bir eserdir. Seyyid Kutub, bu metinde dini soyut bir inan\u00e7 alan\u0131 olarakde\u011fil, insan\u0131n iradesini, ahlak\u0131n\u0131 ve toplumsal y\u00f6neli\u015fini \u015fekillendiren canl\u0131 bir sistem olarak eleal\u0131r. Kitap, insan\u0131n sorumlulu\u011funu, \u00e7abas\u0131n\u0131 ve tercihlerini merkeze alan bir bak\u0131\u015f a\u00e7\u0131s\u0131 geli\u015ftirir.Eser boyunca dinin insan f\u0131trat\u0131yla nas\u0131l temas etti\u011fi, ilahi d\u00fczenin hayatta hangi ilkeler \u00fczerindenkar\u015f\u0131l\u0131k buldu\u011fu ve bireyin bu d\u00fczen i\u00e7indeki konumu sorgulan\u0131r. Kutub\u2019un dili, okuru do\u011frudanh\u00fck\u00fcmlere de\u011fil, d\u00fc\u015f\u00fcnmeye ve y\u00fczle\u015fmeye davet eder. \u0130nan\u00e7 ile eylem aras\u0131ndaki ba\u011f, tarihseltecr\u00fcbeler ve insani ger\u00e7eklik \u00fczerinden ele al\u0131n\u0131r.Din Budur, okura \u015fu temel sorular\u0131 y\u00f6neltir: Din hayat\u0131n neresinde durur? \u0130nan\u00e7, insan\u0131 nas\u0131ld\u00f6n\u00fc\u015ft\u00fcr\u00fcr? \u0130lahi \u00e7a\u011fr\u0131, insan\u0131n \u00e7abas\u0131yla nas\u0131l anlam kazan\u0131r? Bu eser, dinin \u00f6z\u00fcne dair sahici biraray\u0131\u015f\u0131n metni olarak dikkatle okunmay\u0131 hak eder.<\/p>\n","protected":false},"excerpt":{"rendered":"<p>Din Budur, inanc\u0131n hayatla kurdu\u011fu ili\u015fkiyi k\u00f6kten ele alan, sahih bir din anlay\u0131\u015f\u0131n\u0131n s\u0131n\u0131rlar\u0131n\u0131yeniden d\u00fc\u015f\u00fcnmeye \u00e7a\u011f\u0131ran bir eserdir. Seyyid Kutub, bu metinde dini soyut bir inan\u00e7<span class=\"excerpt-hellip\"> [\u2026]<\/span><\/p>\n","protected":false},"featured_media":0,"template":"","meta":{"_monsterinsights_skip_tracking":false,"_monsterinsights_sitenote_active":false,"_monsterinsights_sitenote_note":"","_monsterinsights_sitenote_category":0},"product_brand":[],"product_cat":[12718,12719,13025],"product_tag":[],"class_list":{"0":"post-784023","1":"product","2":"type-product","3":"status-publish","5":"product_cat-din","6":"product_cat-islam","7":"product_cat-islam-ve-gunumuz-islam-dusuncesi","8":"pa_cilt-ciltsiz","9":"pa_tur-kitap","10":"pa_yayinevi-vera-kitap-yayinlari","11":"pa_yazar-seyyid-kutub","13":"first","14":"instock","15":"sale","16":"shipping-taxable","17":"purchasable","18":"product-type-simple"},"_links":{"self":[{"href":"https:\/\/roveyayinevi.com.tr\/index.php\/wp-json\/wp\/v2\/product\/784023","targetHints":{"allow":["GET"]}}],"collection":[{"href":"https:\/\/roveyayinevi.com.tr\/index.php\/wp-json\/wp\/v2\/product"}],"about":[{"href":"https:\/\/roveyayinevi.com.tr\/index.php\/wp-json\/wp\/v2\/types\/product"}],"wp:attachment":[{"href":"https:\/\/roveyayinevi.com.tr\/index.php\/wp-json\/wp\/v2\/media?parent=784023"}],"wp:term":[{"taxonomy":"product_brand","embeddable":true,"href":"https:\/\/roveyayinevi.com.tr\/index.php\/wp-json\/wp\/v2\/product_brand?post=784023"},{"taxonomy":"product_cat","embeddable":true,"href":"https:\/\/roveyayinevi.com.tr\/index.php\/wp-json\/wp\/v2\/product_cat?post=784023"},{"taxonomy":"product_tag","embeddable":true,"href":"https:\/\/roveyayinevi.com.tr\/index.php\/wp-json\/wp\/v2\/product_tag?post=784023"}],"curies":[{"name":"wp","href":"https:\/\/api.w.org\/{rel}","templated":true}]}}