{"id":784021,"date":"2026-02-26T23:52:29","date_gmt":"2026-02-26T20:52:29","guid":{"rendered":"https:\/\/roveyayinevi.com.tr\/index.php\/urun\/diken-ve-karanfilbir-komutanin-kaleminden\/"},"modified":"2026-04-15T03:46:52","modified_gmt":"2026-04-15T00:46:52","slug":"diken-ve-karanfilbir-komutanin-kaleminden","status":"publish","type":"product","link":"https:\/\/roveyayinevi.com.tr\/index.php\/urun\/diken-ve-karanfilbir-komutanin-kaleminden\/","title":{"rendered":"Diken ve Karanfil;Bir Komutan\u0131n Kaleminden"},"content":{"rendered":"<p>Baz\u0131 kitaplar vard\u0131r ki yaln\u0131zca bir d\u00f6nemi de\u011fil, insanl\u0131k vicdan\u0131n\u0131 da kay\u0131t alt\u0131na al\u0131r. Diken ve Karanfil i\u015fte b\u00f6yle bir eser\u2026 Bir yanda s\u00f6m\u00fcr\u00fcn\u00fcn, bask\u0131n\u0131n, yok say\u0131lman\u0131n ac\u0131 ger\u00e7ekleri; di\u011fer yanda inanc\u0131n, direni\u015fin ve umudun ye\u015ferdi\u011fi bir toprak: Filistin. Bu kitap, bir halk\u0131n yok edilmek istenen kimli\u011fine, sesine ve varolu\u015f m\u00fccadelesine tutulmu\u015f g\u00fc\u00e7l\u00fc bir aynad\u0131r. Dikenle \u00e7evrili bir co\u011frafyada a\u00e7an karanfillerin, yani Filistinli direni\u015f\u00e7ilerin ve \u00f6nc\u00fclerinin hik\u00e2yesidir bu anlat\u0131lan.G\u00fcn\u00fcm\u00fczde Filistin\u2019de ya\u015fanan insanl\u0131k trajedisi, art\u0131k sadece haber ba\u015fl\u0131klar\u0131nda de\u011fil, vicdanlarda yank\u0131 bulan bir \u00e7\u0131\u011fl\u0131kt\u0131r. \u00c7ocuklar\u0131n, kad\u0131nlar\u0131n, sivillerin hayatlar\u0131n\u0131n hedef al\u0131nd\u0131\u011f\u0131; hastanelerin, okullar\u0131n bombaland\u0131\u011f\u0131; temel insan haklar\u0131n\u0131n sistematik \u015fekilde \u00e7i\u011fnendi\u011fi bir \u00e7a\u011fda ya\u015f\u0131yoruz. Diken ve Karanfil, bu karanl\u0131k tablonun ge\u00e7mi\u015fteki k\u00f6klerine \u0131\u015f\u0131k tutarken, bug\u00fcn\u00fc daha iyi anlayabilmemiz i\u00e7in bizlere tarihsel ve ahlaki bir zemin sunuyor.Diken ve Karanfil, sadece Filistin\u2019in de\u011fil, t\u00fcm mazlum halklar\u0131n sesi olmay\u0131 hak eden bir direni\u015f manifestosudur. Bu kitapla, gen\u00e7ler ba\u015fta olmak \u00fczere t\u00fcm okuyuculara hem tarihle y\u00fczle\u015fme hem de bug\u00fcn ya\u015fananlara kar\u015f\u0131 bilin\u00e7li bir duru\u015f sergileme \u00e7a\u011fr\u0131s\u0131nda bulunuyoruz.<\/p>\n","protected":false},"excerpt":{"rendered":"<p>Baz\u0131 kitaplar vard\u0131r ki yaln\u0131zca bir d\u00f6nemi de\u011fil, insanl\u0131k vicdan\u0131n\u0131 da kay\u0131t alt\u0131na al\u0131r. Diken ve Karanfil i\u015fte b\u00f6yle bir eser\u2026 Bir yanda s\u00f6m\u00fcr\u00fcn\u00fcn, bask\u0131n\u0131n, yok<span class=\"excerpt-hellip\"> [\u2026]<\/span><\/p>\n","protected":false},"featured_media":0,"template":"","meta":{"_monsterinsights_skip_tracking":false,"_monsterinsights_sitenote_active":false,"_monsterinsights_sitenote_note":"","_monsterinsights_sitenote_category":0},"product_brand":[],"product_cat":[13701,12291],"product_tag":[],"class_list":{"0":"post-784021","1":"product","2":"type-product","3":"status-publish","5":"product_cat-ani-mektup-gunluk","6":"product_cat-edebiyat","7":"pa_cilt-ciltsiz","8":"pa_tur-kitap","9":"pa_yayinevi-vera-kitap-yayinlari","10":"pa_yazar-yahya-sinvar","12":"first","13":"instock","14":"sale","15":"shipping-taxable","16":"purchasable","17":"product-type-simple"},"_links":{"self":[{"href":"https:\/\/roveyayinevi.com.tr\/index.php\/wp-json\/wp\/v2\/product\/784021","targetHints":{"allow":["GET"]}}],"collection":[{"href":"https:\/\/roveyayinevi.com.tr\/index.php\/wp-json\/wp\/v2\/product"}],"about":[{"href":"https:\/\/roveyayinevi.com.tr\/index.php\/wp-json\/wp\/v2\/types\/product"}],"wp:attachment":[{"href":"https:\/\/roveyayinevi.com.tr\/index.php\/wp-json\/wp\/v2\/media?parent=784021"}],"wp:term":[{"taxonomy":"product_brand","embeddable":true,"href":"https:\/\/roveyayinevi.com.tr\/index.php\/wp-json\/wp\/v2\/product_brand?post=784021"},{"taxonomy":"product_cat","embeddable":true,"href":"https:\/\/roveyayinevi.com.tr\/index.php\/wp-json\/wp\/v2\/product_cat?post=784021"},{"taxonomy":"product_tag","embeddable":true,"href":"https:\/\/roveyayinevi.com.tr\/index.php\/wp-json\/wp\/v2\/product_tag?post=784021"}],"curies":[{"name":"wp","href":"https:\/\/api.w.org\/{rel}","templated":true}]}}