{"id":784020,"date":"2026-02-26T23:52:26","date_gmt":"2026-02-26T20:52:26","guid":{"rendered":"https:\/\/roveyayinevi.com.tr\/index.php\/urun\/yoldaki-isaretler\/"},"modified":"2026-04-15T03:46:52","modified_gmt":"2026-04-15T00:46:52","slug":"yoldaki-isaretler","status":"publish","type":"product","link":"https:\/\/roveyayinevi.com.tr\/index.php\/urun\/yoldaki-isaretler\/","title":{"rendered":"Yoldaki \u0130\u015faretler"},"content":{"rendered":"<p>Seyyid Kutub\u2019un kaleminden \u00e7\u0131kan Yoldaki \u0130\u015faretler, yaln\u0131zca bir d\u00fc\u015f\u00fcnce metnide\u011fil, \u00e7a\u011f\u0131n y\u00f6n\u00fcn\u00fc sorgulayan, imanla \u015fekillenmi\u015f bir ink\u0131lap manifestosudur. Bueser, insan\u0131 ve toplumu d\u00f6n\u00fc\u015ft\u00fcrmeyi hedefleyen bir d\u00fcnya g\u00f6r\u00fc\u015f\u00fcn\u00fcn izlerinis\u00fcrerken, \u0130slam\u2019\u0131 hayat\u0131n merkezine alan k\u00f6kl\u00fc bir yeniden yap\u0131lanma \u00e7a\u011fr\u0131s\u0131 sunar.Kutub\u2019a g\u00f6re, as\u0131l de\u011fi\u015fim insan\u0131n kalbinde ba\u015flar. Bu y\u00fczden Yoldaki \u0130\u015faretler,bireysel ar\u0131nmadan toplumsal dirili\u015fe uzanan bir y\u00fcr\u00fcy\u00fc\u015f\u00fcn haritas\u0131d\u0131r. Kur\u2019anmerkezli bir bilin\u00e7le in\u015fa edilen bu metin, sahte otoritelerin ve \u00e7arp\u0131k sistemlerinkar\u015f\u0131s\u0131nda hakikatin sars\u0131lmaz duru\u015funu temsil eder.Her sat\u0131r\u0131 bir hesapla\u015fma, her paragraf\u0131 bir in\u015fa \u00e7abas\u0131 olan bu kitap, okuyucusunusadece d\u00fc\u015f\u00fcnmeye de\u011fil; ya\u015famaya, d\u00f6n\u00fc\u015ft\u00fcrmeye ve sorumluluk almaya davet eder.\u00c7\u00fcnk\u00fc bu yol, s\u0131radan bir yol de\u011fildir \u2014 bu yol, iz s\u00fcrmeyi de\u011fil, iz b\u0131rakmay\u0131gerektirir.<\/p>\n","protected":false},"excerpt":{"rendered":"<p>Seyyid Kutub\u2019un kaleminden \u00e7\u0131kan Yoldaki \u0130\u015faretler, yaln\u0131zca bir d\u00fc\u015f\u00fcnce metnide\u011fil, \u00e7a\u011f\u0131n y\u00f6n\u00fcn\u00fc sorgulayan, imanla \u015fekillenmi\u015f bir ink\u0131lap manifestosudur. Bueser, insan\u0131 ve toplumu d\u00f6n\u00fc\u015ft\u00fcrmeyi hedefleyen bir d\u00fcnya<span class=\"excerpt-hellip\"> [\u2026]<\/span><\/p>\n","protected":false},"featured_media":0,"template":"","meta":{"_monsterinsights_skip_tracking":false,"_monsterinsights_sitenote_active":false,"_monsterinsights_sitenote_note":"","_monsterinsights_sitenote_category":0},"product_brand":[],"product_cat":[12718,12719],"product_tag":[],"class_list":{"0":"post-784020","1":"product","2":"type-product","3":"status-publish","5":"product_cat-din","6":"product_cat-islam","7":"pa_cilt-ciltsiz","8":"pa_tur-kitap","9":"pa_yayinevi-vera-kitap-yayinlari","10":"pa_yazar-seyyid-kutub","12":"first","13":"instock","14":"sale","15":"shipping-taxable","16":"purchasable","17":"product-type-simple"},"_links":{"self":[{"href":"https:\/\/roveyayinevi.com.tr\/index.php\/wp-json\/wp\/v2\/product\/784020","targetHints":{"allow":["GET"]}}],"collection":[{"href":"https:\/\/roveyayinevi.com.tr\/index.php\/wp-json\/wp\/v2\/product"}],"about":[{"href":"https:\/\/roveyayinevi.com.tr\/index.php\/wp-json\/wp\/v2\/types\/product"}],"wp:attachment":[{"href":"https:\/\/roveyayinevi.com.tr\/index.php\/wp-json\/wp\/v2\/media?parent=784020"}],"wp:term":[{"taxonomy":"product_brand","embeddable":true,"href":"https:\/\/roveyayinevi.com.tr\/index.php\/wp-json\/wp\/v2\/product_brand?post=784020"},{"taxonomy":"product_cat","embeddable":true,"href":"https:\/\/roveyayinevi.com.tr\/index.php\/wp-json\/wp\/v2\/product_cat?post=784020"},{"taxonomy":"product_tag","embeddable":true,"href":"https:\/\/roveyayinevi.com.tr\/index.php\/wp-json\/wp\/v2\/product_tag?post=784020"}],"curies":[{"name":"wp","href":"https:\/\/api.w.org\/{rel}","templated":true}]}}