{"id":784017,"date":"2026-02-26T23:52:09","date_gmt":"2026-02-26T20:52:09","guid":{"rendered":"https:\/\/roveyayinevi.com.tr\/index.php\/urun\/direnisin-doktorusehit-abdulaziz-rantisinin-hayati-ve-mucadelesi\/"},"modified":"2026-04-15T03:46:52","modified_gmt":"2026-04-15T00:46:52","slug":"direnisin-doktorusehit-abdulaziz-rantisinin-hayati-ve-mucadelesi","status":"publish","type":"product","link":"https:\/\/roveyayinevi.com.tr\/index.php\/urun\/direnisin-doktorusehit-abdulaziz-rantisinin-hayati-ve-mucadelesi\/","title":{"rendered":"Direni\u015fin Doktoru;\u015eehit Abdulaziz Rantisi\u2019nin Hayat\u0131 ve M\u00fccadelesi"},"content":{"rendered":"<p>Gazze\u2019nin ufku, top mermilerinin \u0131\u015f\u0131\u011f\u0131nda ayd\u0131nlan\u0131yor; sirenler geceyi y\u0131rtarken, dar sokaklarda bir adam ilerliyor\u2026 Elinde silah yok, ama her kelimesi bir kur\u015fun, her c\u00fcmlesi bir meydan okuma. Bu adam, Abdulaziz er-Rantisi,  halk\u0131n\u0131n \u201cDireni\u015fin Doktoru\u201d dedi\u011fi lider.\u00c7ocuk ya\u015fta tan\u0131k oldu\u011fu g\u00f6\u00e7, y\u00fcre\u011fine kaz\u0131nan ilk yara oldu. M\u00fclteci kamp\u0131nda b\u00fcy\u00fcrken, hastal\u0131kla bo\u011fu\u015fan bedenlerin ve yoksullu\u011fun kokusunu unutmamak \u00fczere haf\u0131zas\u0131na m\u00fch\u00fcrledi. T\u0131p fak\u00fcltesinde \u00f6\u011frendi\u011fi her bilgi, halk\u0131n\u0131 iyile\u015ftirmek kadar, \u00f6zg\u00fcrle\u015ftirmek i\u00e7in de bir silaht\u0131 onun elinde.\u0130srail zindanlar\u0131nda y\u0131llar\u0131n\u0131 \u00e7\u00fcr\u00fct\u00fcrken bile, sesi duvarlar\u0131n \u00f6tesine ula\u015ft\u0131. H\u00fccre karanl\u0131\u011f\u0131nda yazd\u0131\u011f\u0131 mektuplar, Gazze\u2019nin sokaklar\u0131nda yank\u0131land\u0131. O, d\u00fc\u015fmana boyun e\u011fmeyen bir iradenin, diz \u00e7\u00f6kmeyen bir onurun sembol\u00fcyd\u00fc. Hamas\u2019\u0131n siyasi lideri olarak, en zor g\u00fcnlerde halk\u0131n\u0131n \u00f6n\u00fcnde durdu; bombalar\u0131n g\u00f6lgesinde bile umut tohumlar\u0131 ekti.Her suikast giri\u015fimi, onun ad\u0131n\u0131 daha da b\u00fcy\u00fctt\u00fc. Gazze sahilinde \u00e7ocuklar\u0131yla y\u00fcr\u00fcrken bile, hedefte oldu\u011funu biliyordu. 17 Nisan 2004\u2019te, g\u00f6ky\u00fcz\u00fcnden inen f\u00fczeler, bedenini parampar\u00e7a etti; ama o an, bir liderin \u00f6l\u00fcms\u00fczl\u00fc\u011fe imza att\u0131\u011f\u0131 and\u0131.Bu kitap, yaln\u0131zca bir doktorun hik\u00e2yesini de\u011fil, bir halk\u0131n direni\u015f senaryosunu beyazperdeye ta\u015f\u0131r gibi anlat\u0131yor. Her sayfa, patlayan bir roketin g\u00f6lgesinde, bir yaral\u0131n\u0131n ba\u015f\u0131nda e\u011filen doktorun nefesini hissettiriyor. Her sat\u0131r, bir halk\u0131n kaderini de\u011fi\u015ftiren anlar\u0131n nabz\u0131n\u0131 tutuyor.\u201cDireni\u015fin Doktoru\u201dnda, \u00f6l\u00fcm\u00fcn g\u00f6lgesinde ya\u015fayan ama korkuya teslim olmayan bir adam\u0131n, Gazze\u2019nin dar sokaklar\u0131ndan tarihin en g\u00fcr sesli meydan okumalar\u0131na uzanan yolculu\u011funa tan\u0131k olacaks\u0131n\u0131z.<\/p>\n","protected":false},"excerpt":{"rendered":"<p>Gazze\u2019nin ufku, top mermilerinin \u0131\u015f\u0131\u011f\u0131nda ayd\u0131nlan\u0131yor; sirenler geceyi y\u0131rtarken, dar sokaklarda bir adam ilerliyor\u2026 Elinde silah yok, ama her kelimesi bir kur\u015fun, her c\u00fcmlesi bir meydan<span class=\"excerpt-hellip\"> [\u2026]<\/span><\/p>\n","protected":false},"featured_media":0,"template":"","meta":{"_monsterinsights_skip_tracking":false,"_monsterinsights_sitenote_active":false,"_monsterinsights_sitenote_note":"","_monsterinsights_sitenote_category":0},"product_brand":[],"product_cat":[14009,12291],"product_tag":[],"class_list":{"0":"post-784017","1":"product","2":"type-product","3":"status-publish","5":"product_cat-biyografi-otobiyografi-edebiyat","6":"product_cat-edebiyat","7":"pa_cilt-ciltsiz","8":"pa_tur-kitap","9":"pa_yayinevi-vera-kitap-yayinlari","10":"pa_yazar-kolektif","12":"first","13":"instock","14":"sale","15":"shipping-taxable","16":"purchasable","17":"product-type-simple"},"_links":{"self":[{"href":"https:\/\/roveyayinevi.com.tr\/index.php\/wp-json\/wp\/v2\/product\/784017","targetHints":{"allow":["GET"]}}],"collection":[{"href":"https:\/\/roveyayinevi.com.tr\/index.php\/wp-json\/wp\/v2\/product"}],"about":[{"href":"https:\/\/roveyayinevi.com.tr\/index.php\/wp-json\/wp\/v2\/types\/product"}],"wp:attachment":[{"href":"https:\/\/roveyayinevi.com.tr\/index.php\/wp-json\/wp\/v2\/media?parent=784017"}],"wp:term":[{"taxonomy":"product_brand","embeddable":true,"href":"https:\/\/roveyayinevi.com.tr\/index.php\/wp-json\/wp\/v2\/product_brand?post=784017"},{"taxonomy":"product_cat","embeddable":true,"href":"https:\/\/roveyayinevi.com.tr\/index.php\/wp-json\/wp\/v2\/product_cat?post=784017"},{"taxonomy":"product_tag","embeddable":true,"href":"https:\/\/roveyayinevi.com.tr\/index.php\/wp-json\/wp\/v2\/product_tag?post=784017"}],"curies":[{"name":"wp","href":"https:\/\/api.w.org\/{rel}","templated":true}]}}