{"id":784012,"date":"2026-02-26T23:51:48","date_gmt":"2026-02-26T20:51:48","guid":{"rendered":"https:\/\/roveyayinevi.com.tr\/index.php\/urun\/malcolm-xofkenin-ve-adaletin-sesi\/"},"modified":"2026-04-15T03:46:52","modified_gmt":"2026-04-15T00:46:52","slug":"malcolm-xofkenin-ve-adaletin-sesi","status":"publish","type":"product","link":"https:\/\/roveyayinevi.com.tr\/index.php\/urun\/malcolm-xofkenin-ve-adaletin-sesi\/","title":{"rendered":"Malcolm X;\u00d6fkenin ve Adaletin Sesi"},"content":{"rendered":"<p>1925 y\u0131l\u0131n\u0131n bahar\u0131nda Omaha\u2019da do\u011fan bir \u00e7ocuk, otuz dokuz y\u0131l sonra Harlem\u2019de u\u011frad\u0131\u011f\u0131 suikastla hayata veda etti\u011finde, ard\u0131nda yaln\u0131zca k\u0131sa bir \u00f6m\u00fcr de\u011fil; Amerika\u2019n\u0131n vicdan\u0131na kaz\u0131nm\u0131\u015f bir isyan b\u0131rakm\u0131\u015ft\u0131. O \u00e7ocuk, Malcolm Little; yeralt\u0131 d\u00fcnyas\u0131nda \u201cDetroit Red\u201d; bir \u00f6m\u00fcrl\u00fck m\u00fccadelede \u201cMalcolm X\u201d; ve sonunda hac yolculu\u011funun ard\u0131ndan \u201cEl-Hac Malik e\u015f-\u015eahbaz\u201d olarak an\u0131lacakt\u0131.\u00d6fkenin ve Adaletin Sesi, bu isimlerin her birinin ard\u0131ndaki d\u00f6n\u00fc\u015f\u00fcm\u00fc ve her ad\u0131mda yeniden do\u011fan bir kimli\u011fin hik\u00e2yesini anlat\u0131yor. Yoksullukla, \u0131rk\u00e7\u0131l\u0131kla ve \u015fiddetle ku\u015fat\u0131lm\u0131\u015f bir \u00e7ocukluktan; hapishane h\u00fccrelerinin karanl\u0131\u011f\u0131nda ye\u015feren bir uyan\u0131\u015fa; oradan da milyonlar\u0131 pe\u015finden s\u00fcr\u00fckleyen bir liderli\u011fe uzanan ser\u00fcven, tarihin en \u00e7arp\u0131c\u0131 biyografilerinden birine d\u00f6n\u00fc\u015f\u00fcyor.Kitap, Nation of Islam k\u00fcrs\u00fclerinden y\u00fckselen keskin s\u00f6zleri, Harlem sokaklar\u0131ndaki mitingleri, televizyon ekranlar\u0131na yans\u0131yan tart\u0131\u015fmalar\u0131 ve Mekke\u2019deki hac yolculu\u011funda do\u011fan evrensel karde\u015flik fikrini sahne sahne g\u00f6zler \u00f6n\u00fcne seriyor. K\u0131saca Malcolm X\u2019in \u00f6fkesi, intikam\u0131n yan\u0131 s\u0131ra adaletin, onurun ve e\u015fitli\u011fin ate\u015fini tutu\u015fturuyordu.<\/p>\n","protected":false},"excerpt":{"rendered":"<p>1925 y\u0131l\u0131n\u0131n bahar\u0131nda Omaha\u2019da do\u011fan bir \u00e7ocuk, otuz dokuz y\u0131l sonra Harlem\u2019de u\u011frad\u0131\u011f\u0131 suikastla hayata veda etti\u011finde, ard\u0131nda yaln\u0131zca k\u0131sa bir \u00f6m\u00fcr de\u011fil; Amerika\u2019n\u0131n vicdan\u0131na kaz\u0131nm\u0131\u015f<span class=\"excerpt-hellip\"> [\u2026]<\/span><\/p>\n","protected":false},"featured_media":0,"template":"","meta":{"_monsterinsights_skip_tracking":false,"_monsterinsights_sitenote_active":false,"_monsterinsights_sitenote_note":"","_monsterinsights_sitenote_category":0},"product_brand":[],"product_cat":[12370,12304],"product_tag":[],"class_list":{"0":"post-784012","1":"product","2":"type-product","3":"status-publish","5":"product_cat-arastirma-inceleme","6":"product_cat-tarih","7":"pa_cilt-ciltsiz","8":"pa_tur-kitap","9":"pa_yayinevi-vera-kitap-yayinlari","10":"pa_yazar-kolektif","12":"first","13":"instock","14":"sale","15":"shipping-taxable","16":"purchasable","17":"product-type-simple"},"_links":{"self":[{"href":"https:\/\/roveyayinevi.com.tr\/index.php\/wp-json\/wp\/v2\/product\/784012","targetHints":{"allow":["GET"]}}],"collection":[{"href":"https:\/\/roveyayinevi.com.tr\/index.php\/wp-json\/wp\/v2\/product"}],"about":[{"href":"https:\/\/roveyayinevi.com.tr\/index.php\/wp-json\/wp\/v2\/types\/product"}],"wp:attachment":[{"href":"https:\/\/roveyayinevi.com.tr\/index.php\/wp-json\/wp\/v2\/media?parent=784012"}],"wp:term":[{"taxonomy":"product_brand","embeddable":true,"href":"https:\/\/roveyayinevi.com.tr\/index.php\/wp-json\/wp\/v2\/product_brand?post=784012"},{"taxonomy":"product_cat","embeddable":true,"href":"https:\/\/roveyayinevi.com.tr\/index.php\/wp-json\/wp\/v2\/product_cat?post=784012"},{"taxonomy":"product_tag","embeddable":true,"href":"https:\/\/roveyayinevi.com.tr\/index.php\/wp-json\/wp\/v2\/product_tag?post=784012"}],"curies":[{"name":"wp","href":"https:\/\/api.w.org\/{rel}","templated":true}]}}