{"id":784009,"date":"2026-02-26T23:51:39","date_gmt":"2026-02-26T20:51:39","guid":{"rendered":"https:\/\/roveyayinevi.com.tr\/index.php\/urun\/islamda-ihya-hareketleri-2\/"},"modified":"2026-04-15T03:46:52","modified_gmt":"2026-04-15T00:46:52","slug":"islamda-ihya-hareketleri-2","status":"publish","type":"product","link":"https:\/\/roveyayinevi.com.tr\/index.php\/urun\/islamda-ihya-hareketleri-2\/","title":{"rendered":"\u0130slam\u2019da \u0130hya Hareketleri"},"content":{"rendered":"<p>\u0130slam\u2019da \u0130hya Hareketleri, \u0130slam tarihinin farkl\u0131 d\u00f6nemlerinde ortaya \u00e7\u0131kan yenilenme\u00e7abalar\u0131n\u0131 d\u00fc\u015f\u00fcnsel bir b\u00fct\u00fcnl\u00fck i\u00e7inde ele alan kapsaml\u0131 bir \u00e7al\u0131\u015fmad\u0131r. Ebu\u2019l-A\u2018l\u00e2Mevdud\u00ee, bu eserde ihya fikrini tarihsel bir refleks olarak de\u011fil, dinin canl\u0131l\u0131\u011f\u0131n\u0131koruyan s\u00fcreklilik bilinci olarak de\u011ferlendirir. Metin, \u0130slam\u2019\u0131n kar\u015f\u0131la\u015ft\u0131\u011f\u0131 fikr\u00ee, ahlak\u00eeve toplumsal meydan okumalar kar\u015f\u0131s\u0131nda geli\u015ftirilen tecdid hamlelerinin anlam\u0131n\u0131a\u00e7\u0131\u011fa \u00e7\u0131kar\u0131r.Kitap boyunca peygamberlerin miras\u0131, ra\u015fid halifeler d\u00f6nemi ve m\u00fcceddidlerinortaya koydu\u011fu \u00e7abalar belirli ilkeler \u00e7er\u00e7evesinde ele al\u0131n\u0131r. Cahiliye kavram\u0131,tarihsel bir arka plan olman\u0131n \u00f6tesinde, zihinsel ve ahlak\u00ee bir durum olarak incelenir.\u0130hya fikrinin hangi \u015fartlarda ortaya \u00e7\u0131kt\u0131\u011f\u0131, hangi sorumluluklar\u0131 beraberindegetirdi\u011fi ve hangi s\u0131n\u0131rlar i\u00e7inde anlam kazand\u0131\u011f\u0131 dikkatle i\u015flenir.<\/p>\n","protected":false},"excerpt":{"rendered":"<p>\u0130slam\u2019da \u0130hya Hareketleri, \u0130slam tarihinin farkl\u0131 d\u00f6nemlerinde ortaya \u00e7\u0131kan yenilenme\u00e7abalar\u0131n\u0131 d\u00fc\u015f\u00fcnsel bir b\u00fct\u00fcnl\u00fck i\u00e7inde ele alan kapsaml\u0131 bir \u00e7al\u0131\u015fmad\u0131r. Ebu\u2019l-A\u2018l\u00e2Mevdud\u00ee, bu eserde ihya fikrini tarihsel bir<span class=\"excerpt-hellip\"> [\u2026]<\/span><\/p>\n","protected":false},"featured_media":0,"template":"","meta":{"_monsterinsights_skip_tracking":false,"_monsterinsights_sitenote_active":false,"_monsterinsights_sitenote_note":"","_monsterinsights_sitenote_category":0},"product_brand":[],"product_cat":[12718,12719],"product_tag":[],"class_list":{"0":"post-784009","1":"product","2":"type-product","3":"status-publish","5":"product_cat-din","6":"product_cat-islam","7":"pa_cilt-ciltsiz","8":"pa_tur-kitap","9":"pa_yayinevi-vera-kitap-yayinlari","10":"pa_yazar-kolektif","12":"first","13":"instock","14":"sale","15":"shipping-taxable","16":"purchasable","17":"product-type-simple"},"_links":{"self":[{"href":"https:\/\/roveyayinevi.com.tr\/index.php\/wp-json\/wp\/v2\/product\/784009","targetHints":{"allow":["GET"]}}],"collection":[{"href":"https:\/\/roveyayinevi.com.tr\/index.php\/wp-json\/wp\/v2\/product"}],"about":[{"href":"https:\/\/roveyayinevi.com.tr\/index.php\/wp-json\/wp\/v2\/types\/product"}],"wp:attachment":[{"href":"https:\/\/roveyayinevi.com.tr\/index.php\/wp-json\/wp\/v2\/media?parent=784009"}],"wp:term":[{"taxonomy":"product_brand","embeddable":true,"href":"https:\/\/roveyayinevi.com.tr\/index.php\/wp-json\/wp\/v2\/product_brand?post=784009"},{"taxonomy":"product_cat","embeddable":true,"href":"https:\/\/roveyayinevi.com.tr\/index.php\/wp-json\/wp\/v2\/product_cat?post=784009"},{"taxonomy":"product_tag","embeddable":true,"href":"https:\/\/roveyayinevi.com.tr\/index.php\/wp-json\/wp\/v2\/product_tag?post=784009"}],"curies":[{"name":"wp","href":"https:\/\/api.w.org\/{rel}","templated":true}]}}