{"id":784008,"date":"2026-02-26T23:51:36","date_gmt":"2026-02-26T20:51:36","guid":{"rendered":"https:\/\/roveyayinevi.com.tr\/index.php\/urun\/kurana-gore-dort-terim-3\/"},"modified":"2026-04-15T03:46:52","modified_gmt":"2026-04-15T00:46:52","slug":"kurana-gore-dort-terim-3","status":"publish","type":"product","link":"https:\/\/roveyayinevi.com.tr\/index.php\/urun\/kurana-gore-dort-terim-3\/","title":{"rendered":"Kur\u2019an\u2019a G\u00f6re D\u00f6rt Terim"},"content":{"rendered":"<p>Kur\u2019an\u2019a G\u00f6re D\u00f6rt Terim, Kur\u2019an\u2019\u0131n anlam d\u00fcnyas\u0131nda merkezi bir yere sahip olanilah, rab, ibadet ve din kavramlar\u0131n\u0131 derinlikli bir d\u00fc\u015f\u00fcnce zemini \u00fczerinde ele alantemel bir eserdir. Ebul-A\u2018l\u00e2 Mevdud\u00ee, bu \u00e7al\u0131\u015fmada Kur\u2019an\u2019\u0131n b\u00fct\u00fcnc\u00fcl mesaj\u0131n\u0131nhangi kavramsal yap\u0131 \u00fczerine kuruldu\u011funu a\u00e7\u0131kl\u0131kla ortaya koyar. Metin, bu d\u00f6rtterimin ta\u015f\u0131d\u0131\u011f\u0131 anlam y\u00fck\u00fcn\u00fc, tarihsel arka plan\u0131 ve zihinsel sonu\u00e7lar\u0131yla birliktede\u011ferlendirir.Eserde kavramlar\u0131n dilsel k\u00f6kenleri, Kur\u2019an\u2019daki kullan\u0131mlar\u0131 ve insan d\u00fc\u015f\u00fcncesindeolu\u015fturdu\u011fu y\u00f6nelimler dikkatle incelenir. \u0130lah ve rab tasavvurunun insan\u0131n otoriteanlay\u0131\u015f\u0131yla ili\u015fkisi, ibadetin hayat i\u00e7indeki yeri ve dinin kapsaml\u0131 bir ya\u015fam d\u00fczeniolarak anlam\u0131 belirgin bir \u00e7er\u00e7eve i\u00e7inde ele al\u0131n\u0131r. Anlat\u0131m, Kur\u2019an\u2019\u0131n temel \u00e7a\u011fr\u0131s\u0131n\u0131kavramsal bir berrakl\u0131kla g\u00f6r\u00fcn\u00fcr k\u0131lar.<\/p>\n","protected":false},"excerpt":{"rendered":"<p>Kur\u2019an\u2019a G\u00f6re D\u00f6rt Terim, Kur\u2019an\u2019\u0131n anlam d\u00fcnyas\u0131nda merkezi bir yere sahip olanilah, rab, ibadet ve din kavramlar\u0131n\u0131 derinlikli bir d\u00fc\u015f\u00fcnce zemini \u00fczerinde ele alantemel bir eserdir.<span class=\"excerpt-hellip\"> [\u2026]<\/span><\/p>\n","protected":false},"featured_media":0,"template":"","meta":{"_monsterinsights_skip_tracking":false,"_monsterinsights_sitenote_active":false,"_monsterinsights_sitenote_note":"","_monsterinsights_sitenote_category":0},"product_brand":[],"product_cat":[12718,12719,17284],"product_tag":[],"class_list":{"0":"post-784008","1":"product","2":"type-product","3":"status-publish","5":"product_cat-din","6":"product_cat-islam","7":"product_cat-kuran-ve-kuran-uzerine","8":"pa_cilt-ciltsiz","9":"pa_tur-kitap","10":"pa_yayinevi-vera-kitap-yayinlari","11":"pa_yazar-kolektif","13":"first","14":"instock","15":"sale","16":"shipping-taxable","17":"purchasable","18":"product-type-simple"},"_links":{"self":[{"href":"https:\/\/roveyayinevi.com.tr\/index.php\/wp-json\/wp\/v2\/product\/784008","targetHints":{"allow":["GET"]}}],"collection":[{"href":"https:\/\/roveyayinevi.com.tr\/index.php\/wp-json\/wp\/v2\/product"}],"about":[{"href":"https:\/\/roveyayinevi.com.tr\/index.php\/wp-json\/wp\/v2\/types\/product"}],"wp:attachment":[{"href":"https:\/\/roveyayinevi.com.tr\/index.php\/wp-json\/wp\/v2\/media?parent=784008"}],"wp:term":[{"taxonomy":"product_brand","embeddable":true,"href":"https:\/\/roveyayinevi.com.tr\/index.php\/wp-json\/wp\/v2\/product_brand?post=784008"},{"taxonomy":"product_cat","embeddable":true,"href":"https:\/\/roveyayinevi.com.tr\/index.php\/wp-json\/wp\/v2\/product_cat?post=784008"},{"taxonomy":"product_tag","embeddable":true,"href":"https:\/\/roveyayinevi.com.tr\/index.php\/wp-json\/wp\/v2\/product_tag?post=784008"}],"curies":[{"name":"wp","href":"https:\/\/api.w.org\/{rel}","templated":true}]}}