{"id":784007,"date":"2026-02-26T23:51:33","date_gmt":"2026-02-26T20:51:33","guid":{"rendered":"https:\/\/roveyayinevi.com.tr\/index.php\/urun\/gelin-musluman-olalim-2\/"},"modified":"2026-04-15T03:46:52","modified_gmt":"2026-04-15T00:46:52","slug":"gelin-musluman-olalim-2","status":"publish","type":"product","link":"https:\/\/roveyayinevi.com.tr\/index.php\/urun\/gelin-musluman-olalim-2\/","title":{"rendered":"Gelin M\u00fcsl\u00fcman Olal\u0131m"},"content":{"rendered":"<p>Gelin M\u00fcsl\u00fcman Olal\u0131m, \u0130slam\u2019\u0131n insan hayat\u0131ndaki yerini bilgi, sorumluluk ve bilin\u00e7kavramlar\u0131 etraf\u0131nda ele alan temel bir eserdir. Ebul-A\u2018l\u00e2 Mevdud\u00ee, bu \u00e7al\u0131\u015fmadaM\u00fcsl\u00fcmanl\u0131\u011f\u0131 yaln\u0131zca kabul edilen bir inan\u00e7 alan\u0131 olarak de\u011fil, d\u00fc\u015f\u00fcnceyle kavrananve hayatla \u015fekillenen bir y\u00f6neli\u015f olarak de\u011ferlendirir. Metin, iman\u0131n anlam\u0131n\u0131,ibadetlerin gayesini ve dinin insan davran\u0131\u015flar\u0131 \u00fczerindeki etkisini a\u00e7\u0131k bir d\u00fc\u015f\u00fcncediliyle ortaya koyar.Kitapta iman, ibadet ve toplumsal sorumluluk ba\u015fl\u0131klar\u0131, insan\u0131n g\u00fcndelik hayat\u0131ndakikar\u015f\u0131l\u0131klar\u0131yla birlikte ele al\u0131n\u0131r. Bilginin inanc\u0131 derinle\u015ftirmedeki rol\u00fc ve dinin bilin\u00e7libir tercih olarak nas\u0131l ya\u015fand\u0131\u011f\u0131 \u00fczerinde durulur. Anlat\u0131m, a\u00e7\u0131klay\u0131c\u0131 ve sade bir\u00e7izgide ilerler.<\/p>\n","protected":false},"excerpt":{"rendered":"<p>Gelin M\u00fcsl\u00fcman Olal\u0131m, \u0130slam\u2019\u0131n insan hayat\u0131ndaki yerini bilgi, sorumluluk ve bilin\u00e7kavramlar\u0131 etraf\u0131nda ele alan temel bir eserdir. Ebul-A\u2018l\u00e2 Mevdud\u00ee, bu \u00e7al\u0131\u015fmadaM\u00fcsl\u00fcmanl\u0131\u011f\u0131 yaln\u0131zca kabul edilen bir inan\u00e7<span class=\"excerpt-hellip\"> [\u2026]<\/span><\/p>\n","protected":false},"featured_media":0,"template":"","meta":{"_monsterinsights_skip_tracking":false,"_monsterinsights_sitenote_active":false,"_monsterinsights_sitenote_note":"","_monsterinsights_sitenote_category":0},"product_brand":[],"product_cat":[12718,12719],"product_tag":[],"class_list":{"0":"post-784007","1":"product","2":"type-product","3":"status-publish","5":"product_cat-din","6":"product_cat-islam","7":"pa_cilt-ciltsiz","8":"pa_tur-kitap","9":"pa_yayinevi-vera-kitap-yayinlari","10":"pa_yazar-ebul-ala-el-mevdudi","12":"first","13":"instock","14":"sale","15":"shipping-taxable","16":"purchasable","17":"product-type-simple"},"_links":{"self":[{"href":"https:\/\/roveyayinevi.com.tr\/index.php\/wp-json\/wp\/v2\/product\/784007","targetHints":{"allow":["GET"]}}],"collection":[{"href":"https:\/\/roveyayinevi.com.tr\/index.php\/wp-json\/wp\/v2\/product"}],"about":[{"href":"https:\/\/roveyayinevi.com.tr\/index.php\/wp-json\/wp\/v2\/types\/product"}],"wp:attachment":[{"href":"https:\/\/roveyayinevi.com.tr\/index.php\/wp-json\/wp\/v2\/media?parent=784007"}],"wp:term":[{"taxonomy":"product_brand","embeddable":true,"href":"https:\/\/roveyayinevi.com.tr\/index.php\/wp-json\/wp\/v2\/product_brand?post=784007"},{"taxonomy":"product_cat","embeddable":true,"href":"https:\/\/roveyayinevi.com.tr\/index.php\/wp-json\/wp\/v2\/product_cat?post=784007"},{"taxonomy":"product_tag","embeddable":true,"href":"https:\/\/roveyayinevi.com.tr\/index.php\/wp-json\/wp\/v2\/product_tag?post=784007"}],"curies":[{"name":"wp","href":"https:\/\/api.w.org\/{rel}","templated":true}]}}