{"id":784006,"date":"2026-02-26T23:51:29","date_gmt":"2026-02-26T20:51:29","guid":{"rendered":"https:\/\/roveyayinevi.com.tr\/index.php\/urun\/kalbin-hakimligi\/"},"modified":"2026-04-15T03:46:52","modified_gmt":"2026-04-15T00:46:52","slug":"kalbin-hakimligi","status":"publish","type":"product","link":"https:\/\/roveyayinevi.com.tr\/index.php\/urun\/kalbin-hakimligi\/","title":{"rendered":"Kalbin Hakimli\u011fi"},"content":{"rendered":"<p>Perde a\u00e7\u0131ld\u0131\u011f\u0131 zaman her \u015fey oldu\u011fu gibi a\u00e7\u0131\u011fa \u00e7\u0131kar. Bunun neticesinde; bilen rahat eder, cahil ise b\u00fcy\u00fck bir h\u00fcsrana u\u011frar.O halde \u00f6l\u00fcmden \u00f6nce ilim arac\u0131l\u0131\u011f\u0131yla kendi nefsini idrak et. \u00c7\u00fcnk\u00fc karanl\u0131k \u00f6n\u00fcndedir ve onda ilminden ba\u015fka bir \u0131\u015f\u0131kyoktur. Amellerinin en \u015fereflisi de ilimdir.Seni senin i\u00e7in seven herkese g\u00fcven. \u00c7\u00fcnk\u00fc bu, sahih bir sevgidir.Allah&#8217;\u0131n kullar\u0131n\u0131 sevmesi de bu kabildendir. Onlar\u0131kendileri i\u00e7in seviyor, kendisi i\u00e7in de\u011fil.Hak teala mutlak c\u00f6merttir; kim O&#8217;na gelirse, onu se\u00e7er. Kim de O&#8217;ndan y\u00fcz \u00e7evirirse, onu terk eder. E\u011fer Hakka icabetederse, Hakla bulu\u015fur. Ama y\u00fcz \u00e7evirmeye devam ederse ve bu durumunu O&#8217;na var\u0131ncaya, yani b\u00fct\u00fcn varl\u0131klar\u0131n gitti\u011fi yere ula\u015f\u0131ncaya kadar s\u00fcrd\u00fcr\u00fcrse Hakk\u0131n kendisinden y\u00fcz \u00e7evirdi\u011fini g\u00f6r\u00fcr. Hakk\u0131n kendisiyle bulu\u015fmas\u0131n\u0131 ister. Ona denir ki:Bu,senin y\u00fcz \u00e7evirmendir. Bu, senin suretindir. Ama sen onu inkar ediyorsun.<\/p>\n","protected":false},"excerpt":{"rendered":"<p>Perde a\u00e7\u0131ld\u0131\u011f\u0131 zaman her \u015fey oldu\u011fu gibi a\u00e7\u0131\u011fa \u00e7\u0131kar. Bunun neticesinde; bilen rahat eder, cahil ise b\u00fcy\u00fck bir h\u00fcsrana u\u011frar.O halde \u00f6l\u00fcmden \u00f6nce ilim arac\u0131l\u0131\u011f\u0131yla kendi<span class=\"excerpt-hellip\"> [\u2026]<\/span><\/p>\n","protected":false},"featured_media":0,"template":"","meta":{"_monsterinsights_skip_tracking":false,"_monsterinsights_sitenote_active":false,"_monsterinsights_sitenote_note":"","_monsterinsights_sitenote_category":0},"product_brand":[],"product_cat":[16789,12718,12719],"product_tag":[],"class_list":{"0":"post-784006","1":"product","2":"type-product","3":"status-publish","5":"product_cat-diger-islam","6":"product_cat-din","7":"product_cat-islam","8":"pa_cilt-ciltsiz","9":"pa_tur-kitap","10":"pa_yayinevi-gelenek-yayincilik","11":"pa_yazar-ibni-arabi","13":"first","14":"instock","15":"sale","16":"shipping-taxable","17":"purchasable","18":"product-type-simple"},"_links":{"self":[{"href":"https:\/\/roveyayinevi.com.tr\/index.php\/wp-json\/wp\/v2\/product\/784006","targetHints":{"allow":["GET"]}}],"collection":[{"href":"https:\/\/roveyayinevi.com.tr\/index.php\/wp-json\/wp\/v2\/product"}],"about":[{"href":"https:\/\/roveyayinevi.com.tr\/index.php\/wp-json\/wp\/v2\/types\/product"}],"wp:attachment":[{"href":"https:\/\/roveyayinevi.com.tr\/index.php\/wp-json\/wp\/v2\/media?parent=784006"}],"wp:term":[{"taxonomy":"product_brand","embeddable":true,"href":"https:\/\/roveyayinevi.com.tr\/index.php\/wp-json\/wp\/v2\/product_brand?post=784006"},{"taxonomy":"product_cat","embeddable":true,"href":"https:\/\/roveyayinevi.com.tr\/index.php\/wp-json\/wp\/v2\/product_cat?post=784006"},{"taxonomy":"product_tag","embeddable":true,"href":"https:\/\/roveyayinevi.com.tr\/index.php\/wp-json\/wp\/v2\/product_tag?post=784006"}],"curies":[{"name":"wp","href":"https:\/\/api.w.org\/{rel}","templated":true}]}}