{"id":784003,"date":"2026-02-26T23:51:17","date_gmt":"2026-02-26T20:51:17","guid":{"rendered":"https:\/\/roveyayinevi.com.tr\/index.php\/urun\/giybeti-biraktiran-kitap\/"},"modified":"2026-04-15T03:46:52","modified_gmt":"2026-04-15T00:46:52","slug":"giybeti-biraktiran-kitap","status":"publish","type":"product","link":"https:\/\/roveyayinevi.com.tr\/index.php\/urun\/giybeti-biraktiran-kitap\/","title":{"rendered":"G\u0131ybeti B\u0131rakt\u0131ran Kitap"},"content":{"rendered":"<p>GIYBET\u0130 BIRAKTIRAN K\u0130TAP&#8221;Ey iman edenler; zandan \u00e7ok sak\u0131n\u0131n; \u00e7\u00fcnk\u00fc zann\u0131n bir k\u0131sm\u0131 g\u00fcnaht\u0131r. Birbirinizin gizli y\u00f6nlerini ara\u015ft\u0131rmay\u0131n. Kiminiz kiminizin g\u0131ybetini yapmas\u0131n. Sizden biriniz, \u00f6l\u00fc karde\u015finin etini yemeyi sever mi? \u0130\u015fte, bundan tiksindiniz. All\u00e2h&#8217;tan korkup-sak\u0131n\u0131n. \u015e\u00fcphesiz Allah, tevbeleri kabul edendir, \u00e7ok esirgeyendir.&#8221; Hucur\u00e2t  12<\/p>\n","protected":false},"excerpt":{"rendered":"<p>GIYBET\u0130 BIRAKTIRAN K\u0130TAP&#8221;Ey iman edenler; zandan \u00e7ok sak\u0131n\u0131n; \u00e7\u00fcnk\u00fc zann\u0131n bir k\u0131sm\u0131 g\u00fcnaht\u0131r. Birbirinizin gizli y\u00f6nlerini ara\u015ft\u0131rmay\u0131n. Kiminiz kiminizin g\u0131ybetini yapmas\u0131n. Sizden biriniz, \u00f6l\u00fc karde\u015finin etini<span class=\"excerpt-hellip\"> [\u2026]<\/span><\/p>\n","protected":false},"featured_media":0,"template":"","meta":{"_monsterinsights_skip_tracking":false,"_monsterinsights_sitenote_active":false,"_monsterinsights_sitenote_note":"","_monsterinsights_sitenote_category":0},"product_brand":[],"product_cat":[16789,12718,12719],"product_tag":[],"class_list":{"0":"post-784003","1":"product","2":"type-product","3":"status-publish","5":"product_cat-diger-islam","6":"product_cat-din","7":"product_cat-islam","8":"pa_cilt-ciltsiz","9":"pa_tur-kitap","10":"pa_yayinevi-gelenek-yayincilik","11":"pa_yazar-kolektif","13":"first","14":"instock","15":"sale","16":"shipping-taxable","17":"purchasable","18":"product-type-simple"},"_links":{"self":[{"href":"https:\/\/roveyayinevi.com.tr\/index.php\/wp-json\/wp\/v2\/product\/784003","targetHints":{"allow":["GET"]}}],"collection":[{"href":"https:\/\/roveyayinevi.com.tr\/index.php\/wp-json\/wp\/v2\/product"}],"about":[{"href":"https:\/\/roveyayinevi.com.tr\/index.php\/wp-json\/wp\/v2\/types\/product"}],"wp:attachment":[{"href":"https:\/\/roveyayinevi.com.tr\/index.php\/wp-json\/wp\/v2\/media?parent=784003"}],"wp:term":[{"taxonomy":"product_brand","embeddable":true,"href":"https:\/\/roveyayinevi.com.tr\/index.php\/wp-json\/wp\/v2\/product_brand?post=784003"},{"taxonomy":"product_cat","embeddable":true,"href":"https:\/\/roveyayinevi.com.tr\/index.php\/wp-json\/wp\/v2\/product_cat?post=784003"},{"taxonomy":"product_tag","embeddable":true,"href":"https:\/\/roveyayinevi.com.tr\/index.php\/wp-json\/wp\/v2\/product_tag?post=784003"}],"curies":[{"name":"wp","href":"https:\/\/api.w.org\/{rel}","templated":true}]}}