{"id":784002,"date":"2026-02-26T23:51:14","date_gmt":"2026-02-26T20:51:14","guid":{"rendered":"https:\/\/roveyayinevi.com.tr\/index.php\/urun\/goz-zinasini-biraktiran-kitap\/"},"modified":"2026-04-15T03:46:52","modified_gmt":"2026-04-15T00:46:52","slug":"goz-zinasini-biraktiran-kitap","status":"publish","type":"product","link":"https:\/\/roveyayinevi.com.tr\/index.php\/urun\/goz-zinasini-biraktiran-kitap\/","title":{"rendered":"G\u00f6z Zinas\u0131n\u0131 B\u0131rakt\u0131ran Kitap"},"content":{"rendered":"<p>G\u00d6Z Z\u0130NASINI BIRAKTIRAN K\u0130TAP&#8221;Habibim, m\u00fc&#8217;min erkeklere s\u00f6yle; g\u00f6zlerini harama bakmaktan sak\u0131ns\u0131nlar ve \u0131rzlar\u0131n\u0131 korusunlar. Bu kendileri i\u00e7in daha nezihtir. \u015e\u00fcphe yok ki, Allah, yapt\u0131\u011f\u0131n\u0131z \u015feylerden haberdard\u0131r. M\u00fc&#8217;min kad\u0131nlarada s\u00f6yle; g\u00f6zlerini harama bakmaktan sak\u0131ns\u0131nlar, \u0131rzlar\u0131n\u0131 korusunlar&#8230;&#8221; En-N\u00fbr 30,31<\/p>\n","protected":false},"excerpt":{"rendered":"<p>G\u00d6Z Z\u0130NASINI BIRAKTIRAN K\u0130TAP&#8221;Habibim, m\u00fc&#8217;min erkeklere s\u00f6yle; g\u00f6zlerini harama bakmaktan sak\u0131ns\u0131nlar ve \u0131rzlar\u0131n\u0131 korusunlar. Bu kendileri i\u00e7in daha nezihtir. \u015e\u00fcphe yok ki, Allah, yapt\u0131\u011f\u0131n\u0131z \u015feylerden haberdard\u0131r.<span class=\"excerpt-hellip\"> [\u2026]<\/span><\/p>\n","protected":false},"featured_media":0,"template":"","meta":{"_monsterinsights_skip_tracking":false,"_monsterinsights_sitenote_active":false,"_monsterinsights_sitenote_note":"","_monsterinsights_sitenote_category":0},"product_brand":[],"product_cat":[16789,12718,12719],"product_tag":[],"class_list":{"0":"post-784002","1":"product","2":"type-product","3":"status-publish","5":"product_cat-diger-islam","6":"product_cat-din","7":"product_cat-islam","8":"pa_cilt-ciltsiz","9":"pa_tur-kitap","10":"pa_yayinevi-gelenek-yayincilik","11":"pa_yazar-cuneyt-gezer","13":"first","14":"instock","15":"sale","16":"shipping-taxable","17":"purchasable","18":"product-type-simple"},"_links":{"self":[{"href":"https:\/\/roveyayinevi.com.tr\/index.php\/wp-json\/wp\/v2\/product\/784002","targetHints":{"allow":["GET"]}}],"collection":[{"href":"https:\/\/roveyayinevi.com.tr\/index.php\/wp-json\/wp\/v2\/product"}],"about":[{"href":"https:\/\/roveyayinevi.com.tr\/index.php\/wp-json\/wp\/v2\/types\/product"}],"wp:attachment":[{"href":"https:\/\/roveyayinevi.com.tr\/index.php\/wp-json\/wp\/v2\/media?parent=784002"}],"wp:term":[{"taxonomy":"product_brand","embeddable":true,"href":"https:\/\/roveyayinevi.com.tr\/index.php\/wp-json\/wp\/v2\/product_brand?post=784002"},{"taxonomy":"product_cat","embeddable":true,"href":"https:\/\/roveyayinevi.com.tr\/index.php\/wp-json\/wp\/v2\/product_cat?post=784002"},{"taxonomy":"product_tag","embeddable":true,"href":"https:\/\/roveyayinevi.com.tr\/index.php\/wp-json\/wp\/v2\/product_tag?post=784002"}],"curies":[{"name":"wp","href":"https:\/\/api.w.org\/{rel}","templated":true}]}}