{"id":784001,"date":"2026-02-26T23:51:10","date_gmt":"2026-02-26T20:51:10","guid":{"rendered":"https:\/\/roveyayinevi.com.tr\/index.php\/urun\/dualar-ve-zikirler\/"},"modified":"2026-04-15T03:46:52","modified_gmt":"2026-04-15T00:46:52","slug":"dualar-ve-zikirler","status":"publish","type":"product","link":"https:\/\/roveyayinevi.com.tr\/index.php\/urun\/dualar-ve-zikirler\/","title":{"rendered":"Dualar ve Zikirler"},"content":{"rendered":"<p>Dualar ve Zikirler    Kulun hayat\u0131ndaki en \u00f6nemli \u015feylerden biri de dua ve zikirdir. Y\u00fcce Allah&#8217;\u0131n &#8220;Allah&#8217;\u0131 \u00e7ok\u00e7a zikredin ve O&#8217;nu sabah-ak\u015fam tesbih edin.&#8221; (Ahzab, 41) &#8220;Ben \u00e7ok yak\u0131n\u0131m. Bana dua etti\u011fi vakit dua edenin duas\u0131na kar\u015f\u0131l\u0131k veririm.&#8221; (Bakara,186) buyurdu\u011fu ayetler ile Peygamber (sallall\u00e2hu aleyhi ve sellem)&#8217;in, y\u00fcce Allah&#8217;\u0131n gecenin son \u00fc\u00e7te birinde d\u00fcnya semas\u0131na indi\u011fini ve &#8220;yok mu dua eden, duas\u0131na icabet edeyim&#8221; buyurdu\u011funu bildirdi\u011fi hadis zikrin \u00f6nemini ortaya koyan apa\u00e7\u0131k delillerden birka\u00e7\u0131d\u0131r. Yap\u0131lan dua, isti\u011ffar ve zikirleri, Kur&#8217;an ve S\u00fcnnette geldi\u011fi \u015fekliyle uygulamak tabii ki daha g\u00fczel ve daha evlad\u0131r.      B\u00fcy\u00fck \u00e2lim \u0130mam-\u0131 Gazali Hazretleri Kur&#8217;an&#8217;da, S\u00fcnnette yer alan, sahabelerin okudu\u011fu ve \u0130slam b\u00fcy\u00fcklerinin eserlerinde tavsiye edilmi\u015f dualar\u0131 kendine has \u00fcslubuyla bizlere aktarmakta, zikir ve duaya muhta\u00e7 olan yaral\u0131 g\u00f6n\u00fcllere k\u0131lavuzluk yapmaktad\u0131r.<\/p>\n","protected":false},"excerpt":{"rendered":"<p>Dualar ve Zikirler Kulun hayat\u0131ndaki en \u00f6nemli \u015feylerden biri de dua ve zikirdir. Y\u00fcce Allah&#8217;\u0131n &#8220;Allah&#8217;\u0131 \u00e7ok\u00e7a zikredin ve O&#8217;nu sabah-ak\u015fam tesbih edin.&#8221; (Ahzab, 41) &#8220;Ben<span class=\"excerpt-hellip\"> [\u2026]<\/span><\/p>\n","protected":false},"featured_media":0,"template":"","meta":{"_monsterinsights_skip_tracking":false,"_monsterinsights_sitenote_active":false,"_monsterinsights_sitenote_note":"","_monsterinsights_sitenote_category":0},"product_brand":[],"product_cat":[12718,12719],"product_tag":[],"class_list":{"0":"post-784001","1":"product","2":"type-product","3":"status-publish","5":"product_cat-din","6":"product_cat-islam","7":"pa_cilt-ciltsiz","8":"pa_tur-kitap","9":"pa_yayinevi-gelenek-yayincilik","10":"pa_yazar-imam-i-gazali","12":"first","13":"instock","14":"sale","15":"shipping-taxable","16":"purchasable","17":"product-type-simple"},"_links":{"self":[{"href":"https:\/\/roveyayinevi.com.tr\/index.php\/wp-json\/wp\/v2\/product\/784001","targetHints":{"allow":["GET"]}}],"collection":[{"href":"https:\/\/roveyayinevi.com.tr\/index.php\/wp-json\/wp\/v2\/product"}],"about":[{"href":"https:\/\/roveyayinevi.com.tr\/index.php\/wp-json\/wp\/v2\/types\/product"}],"wp:attachment":[{"href":"https:\/\/roveyayinevi.com.tr\/index.php\/wp-json\/wp\/v2\/media?parent=784001"}],"wp:term":[{"taxonomy":"product_brand","embeddable":true,"href":"https:\/\/roveyayinevi.com.tr\/index.php\/wp-json\/wp\/v2\/product_brand?post=784001"},{"taxonomy":"product_cat","embeddable":true,"href":"https:\/\/roveyayinevi.com.tr\/index.php\/wp-json\/wp\/v2\/product_cat?post=784001"},{"taxonomy":"product_tag","embeddable":true,"href":"https:\/\/roveyayinevi.com.tr\/index.php\/wp-json\/wp\/v2\/product_tag?post=784001"}],"curies":[{"name":"wp","href":"https:\/\/api.w.org\/{rel}","templated":true}]}}