{"id":784000,"date":"2026-02-26T23:51:07","date_gmt":"2026-02-26T20:51:07","guid":{"rendered":"https:\/\/roveyayinevi.com.tr\/index.php\/urun\/cilaul-hatir\/"},"modified":"2026-04-15T03:46:52","modified_gmt":"2026-04-15T00:46:52","slug":"cilaul-hatir","status":"publish","type":"product","link":"https:\/\/roveyayinevi.com.tr\/index.php\/urun\/cilaul-hatir\/","title":{"rendered":"Cilau&#8217;l &#8211; Hat\u0131r"},"content":{"rendered":"<p>&#8216;Arif \u00f6yle bir nura sahiptir ki, bu sayede Allah&#8217;a ne derece yak\u0131n oldu\u011funu g\u00f6r\u00fcr; Allah&#8217;\u0131n da kendi kalbine ne kadar yak\u0131n oldu\u011funu bilir. Meleklerin ve neb\u00eelerin ruhlar\u0131n\u0131 g\u00f6r\u00fcr. S\u0131dd\u0131klar\u0131n ruhlar\u0131n\u0131 ve kalplerini g\u00f6r\u00fcr. Onlar\u0131n hal ve makamlar\u0131n\u0131 seyreder. B\u00fct\u00fcn bunlar onun kalbinin derinliklerinde ve s\u0131rr\u0131n\u0131n safhas\u0131nda ger\u00e7ekle, ir.0 Rabbi ile ebed\u00ee bir ferahl\u0131k i\u00e7erisindedir.0 art\u0131k Rabbinden alan ve O&#8217;nun halk\u0131na da\u011f\u0131tan bir vas\u0131tad\u0131r. E\u011fer Allah Teala ve O&#8217;nun zikri seninle beraber ise korkma; kalbin O&#8217;nun kurbiyeti ile dolar. \u015eeytan, heva ve d\u00fcnyadan gelen havat\u0131r senden ka\u00e7ar. E\u011fer nefis, heva, \u015feytan ve d\u00fcnyadan gelen h\u00e2t\u0131rdan y\u00fcz \u00e7evirirsen ahiret h\u00e2t\u0131r\u0131 sana gelir. Sonra melekten sana hat\u0131r gelir. Son olarak da Hak&#8217;tan sana bir h\u00e2t\u0131r gelir ki, bu hedeftir.&#8217; Geylani Kitapl\u0131\u011f\u0131&#8217;n\u0131n T\u00fcrk\u00e7e&#8217;de ilk defa yay\u0131nlanan bu \u00fc\u00e7\u00fcnc\u00fc kitab\u0131nda, Gavs-\u0131 Azam ruhlara ve g\u00f6n\u00fcllere hitap etmeyi s\u00fcrd\u00fcr\u00fcyor, tasavvufun inceliklerini ve bu yolun esaslar\u0131n\u0131 \u00f6\u011fretiyor.<\/p>\n","protected":false},"excerpt":{"rendered":"<p>&#8216;Arif \u00f6yle bir nura sahiptir ki, bu sayede Allah&#8217;a ne derece yak\u0131n oldu\u011funu g\u00f6r\u00fcr; Allah&#8217;\u0131n da kendi kalbine ne kadar yak\u0131n oldu\u011funu bilir. Meleklerin ve neb\u00eelerin<span class=\"excerpt-hellip\"> [\u2026]<\/span><\/p>\n","protected":false},"featured_media":0,"template":"","meta":{"_monsterinsights_skip_tracking":false,"_monsterinsights_sitenote_active":false,"_monsterinsights_sitenote_note":"","_monsterinsights_sitenote_category":0},"product_brand":[],"product_cat":[12718,12719,12720],"product_tag":[],"class_list":{"0":"post-784000","1":"product","2":"type-product","3":"status-publish","5":"product_cat-din","6":"product_cat-islam","7":"product_cat-tasavvuf-mezhepler-tarikatlar","8":"pa_cilt-ciltsiz","9":"pa_tur-kitap","10":"pa_yayinevi-gelenek-yayincilik","11":"pa_yazar-abdulkadir-geylani","13":"first","14":"instock","15":"sale","16":"shipping-taxable","17":"purchasable","18":"product-type-simple"},"_links":{"self":[{"href":"https:\/\/roveyayinevi.com.tr\/index.php\/wp-json\/wp\/v2\/product\/784000","targetHints":{"allow":["GET"]}}],"collection":[{"href":"https:\/\/roveyayinevi.com.tr\/index.php\/wp-json\/wp\/v2\/product"}],"about":[{"href":"https:\/\/roveyayinevi.com.tr\/index.php\/wp-json\/wp\/v2\/types\/product"}],"wp:attachment":[{"href":"https:\/\/roveyayinevi.com.tr\/index.php\/wp-json\/wp\/v2\/media?parent=784000"}],"wp:term":[{"taxonomy":"product_brand","embeddable":true,"href":"https:\/\/roveyayinevi.com.tr\/index.php\/wp-json\/wp\/v2\/product_brand?post=784000"},{"taxonomy":"product_cat","embeddable":true,"href":"https:\/\/roveyayinevi.com.tr\/index.php\/wp-json\/wp\/v2\/product_cat?post=784000"},{"taxonomy":"product_tag","embeddable":true,"href":"https:\/\/roveyayinevi.com.tr\/index.php\/wp-json\/wp\/v2\/product_tag?post=784000"}],"curies":[{"name":"wp","href":"https:\/\/api.w.org\/{rel}","templated":true}]}}