{"id":783999,"date":"2026-02-26T23:51:05","date_gmt":"2026-02-26T20:51:05","guid":{"rendered":"https:\/\/roveyayinevi.com.tr\/index.php\/urun\/arabi-kulliyati\/"},"modified":"2026-04-15T03:46:52","modified_gmt":"2026-04-15T00:46:52","slug":"arabi-kulliyati","status":"publish","type":"product","link":"https:\/\/roveyayinevi.com.tr\/index.php\/urun\/arabi-kulliyati\/","title":{"rendered":"Arabi K\u00fclliyat\u0131"},"content":{"rendered":"<p>ARAB\u0130 K\u00dcLL\u0130YATI\u015eeyh-i Ekber Muhyiddin\u0130bn Arabi&#8217;nin maneviyolculu\u011funda m\u00fc\u015fahede etti\u011fi makamlar ve tecellilerianlatt\u0131\u011f\u0131 bu eser, tasavvufun \u00e7ok \u00f6zel y\u00f6nlerine ilgiduyanlar i\u00e7in bir k\u0131lavuz niteli\u011finde&#8230;Tevhidi s\u00f6zle de\u011fil, h\u00e2lle anlatan \u0130bn Arabi&#8217;ninsembolik \u00fcslubunun yo\u011fun olarak yer ald\u0131\u011f\u0131 kitapmana b\u00fcy\u00fcklerinin g\u00f6rd\u00fc\u011f\u00fc makam ve manevi halleride ortaya koyuyor.<\/p>\n","protected":false},"excerpt":{"rendered":"<p>ARAB\u0130 K\u00dcLL\u0130YATI\u015eeyh-i Ekber Muhyiddin\u0130bn Arabi&#8217;nin maneviyolculu\u011funda m\u00fc\u015fahede etti\u011fi makamlar ve tecellilerianlatt\u0131\u011f\u0131 bu eser, tasavvufun \u00e7ok \u00f6zel y\u00f6nlerine ilgiduyanlar i\u00e7in bir k\u0131lavuz niteli\u011finde&#8230;Tevhidi s\u00f6zle de\u011fil, h\u00e2lle anlatan<span class=\"excerpt-hellip\"> [\u2026]<\/span><\/p>\n","protected":false},"featured_media":0,"template":"","meta":{"_monsterinsights_skip_tracking":false,"_monsterinsights_sitenote_active":false,"_monsterinsights_sitenote_note":"","_monsterinsights_sitenote_category":0},"product_brand":[],"product_cat":[16789,12718,12719],"product_tag":[],"class_list":{"0":"post-783999","1":"product","2":"type-product","3":"status-publish","5":"product_cat-diger-islam","6":"product_cat-din","7":"product_cat-islam","8":"pa_cilt-ciltsiz","9":"pa_tur-kitap","10":"pa_yayinevi-gelenek-yayincilik","11":"pa_yazar-ibn-arabi","13":"first","14":"instock","15":"sale","16":"shipping-taxable","17":"purchasable","18":"product-type-simple"},"_links":{"self":[{"href":"https:\/\/roveyayinevi.com.tr\/index.php\/wp-json\/wp\/v2\/product\/783999","targetHints":{"allow":["GET"]}}],"collection":[{"href":"https:\/\/roveyayinevi.com.tr\/index.php\/wp-json\/wp\/v2\/product"}],"about":[{"href":"https:\/\/roveyayinevi.com.tr\/index.php\/wp-json\/wp\/v2\/types\/product"}],"wp:attachment":[{"href":"https:\/\/roveyayinevi.com.tr\/index.php\/wp-json\/wp\/v2\/media?parent=783999"}],"wp:term":[{"taxonomy":"product_brand","embeddable":true,"href":"https:\/\/roveyayinevi.com.tr\/index.php\/wp-json\/wp\/v2\/product_brand?post=783999"},{"taxonomy":"product_cat","embeddable":true,"href":"https:\/\/roveyayinevi.com.tr\/index.php\/wp-json\/wp\/v2\/product_cat?post=783999"},{"taxonomy":"product_tag","embeddable":true,"href":"https:\/\/roveyayinevi.com.tr\/index.php\/wp-json\/wp\/v2\/product_tag?post=783999"}],"curies":[{"name":"wp","href":"https:\/\/api.w.org\/{rel}","templated":true}]}}