{"id":783997,"date":"2026-02-26T23:50:58","date_gmt":"2026-02-26T20:50:58","guid":{"rendered":"https:\/\/roveyayinevi.com.tr\/index.php\/urun\/tarihsellik-nedir-ne-degildir\/"},"modified":"2026-04-15T03:46:52","modified_gmt":"2026-04-15T00:46:52","slug":"tarihsellik-nedir-ne-degildir","status":"publish","type":"product","link":"https:\/\/roveyayinevi.com.tr\/index.php\/urun\/tarihsellik-nedir-ne-degildir\/","title":{"rendered":"Tarihsellik Nedir Ne De\u011fildir?"},"content":{"rendered":"<p>Esasen \u0130slam gelene\u011finde tarihsellik olarak isimlendirilmemi\u015f olsa da Kur&#8217;an&#8217;\u0131n tarihselli\u011fi, Kur&#8217;an&#8217;\u0131n tarih zeminindeki tezah\u00fcr \u015feklidir. Buna g\u00f6re Kur&#8217;an, yerel, tarihsel bir zeminde konu\u015fmaktad\u0131r ve mana da konu\u015ftu\u011fu tarihsel ba\u011flam i\u00e7erisinde tezah\u00fcr etmektedir. S\u00f6z\u00fcn tarih zemininde s\u00f6ylenerek tarihsel ba\u011flam i\u00e7erisinde tezah\u00fcr\u00fc, muhataplar nezdinde vahyi salt bir s\u00f6z olman\u0131n \u00f6tesine ta\u015f\u0131yarak, somut bir uygulamada temsil edilmesini ve s\u00f6z konusu tarihsel prati\u011fin s\u00f6ze kalkan olarak onu korumas\u0131n\u0131 sa\u011flam\u0131\u015ft\u0131r. Fakat di\u011fer taraftan bu durum, vahyi tarih d\u0131\u015f\u0131 ya da tarih \u00fcst\u00fc bir mahiyetten, tarihsel bir mahiyete ta\u015f\u0131m\u0131\u015ft\u0131r. Zira vahiy, insan\u0131 hedef almaktad\u0131r; insan ise ancak tarih zemininde varolu\u015funu ger\u00e7ekle\u015ftirmekte olan tarihsel bir mahiyettir. Bir be\u015fer olarak insan\u0131n, ancak tarih ortam\u0131 olan d\u00fcnyada varolabilen bir d\u00fcnyal\u0131 ve ancak bu d\u00fcnyada tarihin ta\u015f\u0131y\u0131c\u0131s\u0131 olan dil ortam\u0131nda d\u00fc\u015f\u00fcnebilen, g\u00f6rebilen, hatta burada bir taraftan tarihi belirlerken di\u011fer taraftan belirlenen tarihsel bir varl\u0131k olmas\u0131, vahyin de tarihsel bir zeminde tarihsel bir tezah\u00fcr bi\u00e7imiyle ortaya \u00e7\u0131kmas\u0131n\u0131 zorunlu k\u0131lmaktad\u0131r.&#8221;Nedir Ne De\u011fildir?&#8221; projesi \u00e7er\u00e7evesinde telif edilen 10 kitaptan olu\u015fan bu seride, g\u00fcn\u00fcm\u00fczde s\u0131k s\u0131k tart\u0131\u015f\u0131lan konular \u00fczerinden ilm\u00ee disiplinlerin birbirleriyle ili\u015fkileri, ayr\u0131ld\u0131klar\u0131 noktalar ve y\u00f6ntem farkl\u0131l\u0131klar\u0131n\u0131 g\u00f6stermeye \u00e7al\u0131\u015ft\u0131k. Ayn\u0131 konuda, tefsir, hadis ve kelam olmak \u00fczere \u00fc\u00e7\u00fc sabit, biri ise ele al\u0131nan konuya g\u00f6re de\u011fi\u015fken olmak \u00fczere d\u00f6rt ilim dal\u0131ndan d\u00f6rt uzman\u0131n konuyu ele almalar\u0131n\u0131, ortaya koymalar\u0131n\u0131 istedik.Bizi bu projeyi ger\u00e7ekle\u015ftirmeye te\u015fvik eden etkenlerden biri, son d\u00f6nemlerde din\u00ee konularda yap\u0131lan tart\u0131\u015fmalar\u0131n d\u00fczeyinin olduk\u00e7a d\u00fc\u015fm\u00fc\u015f oldu\u011funu g\u00f6zlemlememizdir. Nitekim din\u00ee tart\u0131\u015fmalara yetkin olan ya da olmayan herkes kat\u0131labilmekte, hatta \u00e7o\u011fu zaman konu\u015fmas\u0131 gerekenlere s\u00f6z verilmemektedir. Bu proje ile bilim insanlar\u0131n\u0131n, g\u00f6r\u00fc\u015flerini polemik ortam\u0131 olmadan s\u00fck\u00fbnetle anlatmalar\u0131na zemin olu\u015fturmaya \u00e7al\u0131\u015ft\u0131k.Proje, M\u00fcsl\u00fcman bilim insanlar\u0131n\u0131n, birbirlerini d\u0131\u015flamadan, \u00f6tekile\u015ftirmeden ve tekfir etmeden g\u00f6r\u00fc\u015flerini ortaya koyabilmelerinin imk\u00e2ns\u0131z olmad\u0131\u011f\u0131n\u0131 bir kez daha g\u00f6stermi\u015ftir. Okuyucu, bilim insanlar\u0131n\u0131n birikim ve yakla\u015f\u0131mlar\u0131na dayanan g\u00f6r\u00fc\u015flerden diledi\u011fini se\u00e7mekte \u00f6zg\u00fcrd\u00fcr. Dilerse farkl\u0131 g\u00f6r\u00fc\u015flerin kendince kabul edilebilir taraflar\u0131n\u0131 alarak ba\u015fka bir sentezle yeni bir yol da a\u00e7abilir.<\/p>\n","protected":false},"excerpt":{"rendered":"<p>Esasen \u0130slam gelene\u011finde tarihsellik olarak isimlendirilmemi\u015f olsa da Kur&#8217;an&#8217;\u0131n tarihselli\u011fi, Kur&#8217;an&#8217;\u0131n tarih zeminindeki tezah\u00fcr \u015feklidir. Buna g\u00f6re Kur&#8217;an, yerel, tarihsel bir zeminde konu\u015fmaktad\u0131r ve mana da<span class=\"excerpt-hellip\"> [\u2026]<\/span><\/p>\n","protected":false},"featured_media":0,"template":"","meta":{"_monsterinsights_skip_tracking":false,"_monsterinsights_sitenote_active":false,"_monsterinsights_sitenote_note":"","_monsterinsights_sitenote_category":0},"product_brand":[],"product_cat":[16789,12718,12719],"product_tag":[],"class_list":{"0":"post-783997","1":"product","2":"type-product","3":"status-publish","5":"product_cat-diger-islam","6":"product_cat-din","7":"product_cat-islam","8":"pa_cilt-ciltsiz","9":"pa_tur-kitap","10":"pa_yayinevi-fecr-yayinlari","11":"pa_yazar-ergun-yildirim","13":"first","14":"instock","15":"sale","16":"shipping-taxable","17":"purchasable","18":"product-type-simple"},"_links":{"self":[{"href":"https:\/\/roveyayinevi.com.tr\/index.php\/wp-json\/wp\/v2\/product\/783997","targetHints":{"allow":["GET"]}}],"collection":[{"href":"https:\/\/roveyayinevi.com.tr\/index.php\/wp-json\/wp\/v2\/product"}],"about":[{"href":"https:\/\/roveyayinevi.com.tr\/index.php\/wp-json\/wp\/v2\/types\/product"}],"wp:attachment":[{"href":"https:\/\/roveyayinevi.com.tr\/index.php\/wp-json\/wp\/v2\/media?parent=783997"}],"wp:term":[{"taxonomy":"product_brand","embeddable":true,"href":"https:\/\/roveyayinevi.com.tr\/index.php\/wp-json\/wp\/v2\/product_brand?post=783997"},{"taxonomy":"product_cat","embeddable":true,"href":"https:\/\/roveyayinevi.com.tr\/index.php\/wp-json\/wp\/v2\/product_cat?post=783997"},{"taxonomy":"product_tag","embeddable":true,"href":"https:\/\/roveyayinevi.com.tr\/index.php\/wp-json\/wp\/v2\/product_tag?post=783997"}],"curies":[{"name":"wp","href":"https:\/\/api.w.org\/{rel}","templated":true}]}}