{"id":783996,"date":"2026-02-26T23:50:55","date_gmt":"2026-02-26T20:50:55","guid":{"rendered":"https:\/\/roveyayinevi.com.tr\/index.php\/urun\/gelin-taci-tacul-arus\/"},"modified":"2026-04-15T03:46:51","modified_gmt":"2026-04-15T00:46:51","slug":"gelin-taci-tacul-arus","status":"publish","type":"product","link":"https:\/\/roveyayinevi.com.tr\/index.php\/urun\/gelin-taci-tacul-arus\/","title":{"rendered":"Gelin T\u00e2c\u0131  T\u00e2c\u00fc&#8217;l Ar\u00fbs"},"content":{"rendered":"<p>\u00dclkemizde ve d\u00fcnya genelinde \u0130bn At\u00e2ullah el-\u0130skender\u00ee kaddesallahu s\u0131rrahu&#8217;nun el-Hikem\u00fc&#8217;l-At\u00e2iyye adl\u0131 \u015f\u00e2heseri, tasavvuf ve tarikat erbab\u0131n\u0131n ba\u015fucu kitab\u0131 oldu\u011fu gibi, T\u00e2c\u00fc&#8217;l-\u00c2r\u00fbs&#8217;un da olaca\u011f\u0131; hatta el-Hikem&#8217;den \u00f6nce okunmas\u0131 gerekti\u011fi kanaatindeyiz. Kitab\u0131n muhtevas\u0131 incelendi\u011finde, nefislerini terbiye etmek, tasavvuf yolunda ilerlemek isteyen m\u00fcridlerin ve onlar\u0131 ir\u015fadla vazifeli \u015feyhlerin bilmesi gereken \u00e7ok \u00f6nemli incelik ve ikazlar\u0131 i\u00e7erdi\u011fi g\u00f6r\u00fclmektedir. \u0130bn At\u00e2ullah el-\u0130skender\u00ee kaddesallahu s\u0131rrahu sanki &#8220;Bu kitaptaki bilgilere v\u00e2k\u0131f olmayan ki\u015fi Allah&#8217;a yakla\u015famaz, O&#8217;na v\u00e2s\u0131l olamaz, velayete eremez, \u015feyhlik, m\u00fcr\u015fidlik yapamaz&#8221; demektedir. Kitapta, \u0130sl\u00e2m ahlak\u0131 ve tasavvufunun pratik\/amel\u00ee temel meseleleri, olabildi\u011fince sade bir anlat\u0131mla, \u00e2yet-i kerimeler ve hadis-i \u015feriflerden delillerle, s\u0131k s\u0131k \u00f6rnekler ve benzetmeler e\u015fli\u011finde a\u00e7\u0131klanmaktad\u0131r.<\/p>\n","protected":false},"excerpt":{"rendered":"<p>\u00dclkemizde ve d\u00fcnya genelinde \u0130bn At\u00e2ullah el-\u0130skender\u00ee kaddesallahu s\u0131rrahu&#8217;nun el-Hikem\u00fc&#8217;l-At\u00e2iyye adl\u0131 \u015f\u00e2heseri, tasavvuf ve tarikat erbab\u0131n\u0131n ba\u015fucu kitab\u0131 oldu\u011fu gibi, T\u00e2c\u00fc&#8217;l-\u00c2r\u00fbs&#8217;un da olaca\u011f\u0131; hatta el-Hikem&#8217;den \u00f6nce<span class=\"excerpt-hellip\"> [\u2026]<\/span><\/p>\n","protected":false},"featured_media":0,"template":"","meta":{"_monsterinsights_skip_tracking":false,"_monsterinsights_sitenote_active":false,"_monsterinsights_sitenote_note":"","_monsterinsights_sitenote_category":0},"product_brand":[],"product_cat":[12718,12719,12720],"product_tag":[],"class_list":{"0":"post-783996","1":"product","2":"type-product","3":"status-publish","5":"product_cat-din","6":"product_cat-islam","7":"product_cat-tasavvuf-mezhepler-tarikatlar","8":"pa_cilt-ciltsiz","9":"pa_tur-kitap","10":"pa_yayinevi-gelenek-yayincilik","11":"pa_yazar-ibn-ataullah-el-iskenderi","13":"first","14":"instock","15":"sale","16":"shipping-taxable","17":"purchasable","18":"product-type-simple"},"_links":{"self":[{"href":"https:\/\/roveyayinevi.com.tr\/index.php\/wp-json\/wp\/v2\/product\/783996","targetHints":{"allow":["GET"]}}],"collection":[{"href":"https:\/\/roveyayinevi.com.tr\/index.php\/wp-json\/wp\/v2\/product"}],"about":[{"href":"https:\/\/roveyayinevi.com.tr\/index.php\/wp-json\/wp\/v2\/types\/product"}],"wp:attachment":[{"href":"https:\/\/roveyayinevi.com.tr\/index.php\/wp-json\/wp\/v2\/media?parent=783996"}],"wp:term":[{"taxonomy":"product_brand","embeddable":true,"href":"https:\/\/roveyayinevi.com.tr\/index.php\/wp-json\/wp\/v2\/product_brand?post=783996"},{"taxonomy":"product_cat","embeddable":true,"href":"https:\/\/roveyayinevi.com.tr\/index.php\/wp-json\/wp\/v2\/product_cat?post=783996"},{"taxonomy":"product_tag","embeddable":true,"href":"https:\/\/roveyayinevi.com.tr\/index.php\/wp-json\/wp\/v2\/product_tag?post=783996"}],"curies":[{"name":"wp","href":"https:\/\/api.w.org\/{rel}","templated":true}]}}