{"id":783995,"date":"2026-02-26T23:50:52","date_gmt":"2026-02-26T20:50:52","guid":{"rendered":"https:\/\/roveyayinevi.com.tr\/index.php\/urun\/gazali-kulliyati\/"},"modified":"2026-04-15T03:46:51","modified_gmt":"2026-04-15T00:46:51","slug":"gazali-kulliyati","status":"publish","type":"product","link":"https:\/\/roveyayinevi.com.tr\/index.php\/urun\/gazali-kulliyati\/","title":{"rendered":"Gaz\u00e2li K\u00fclliyat\u0131"},"content":{"rendered":"<p>GAZ\u00c2L\u0130 K\u00dcLL\u0130YATINe kadar kibirli dursa da barda\u011f\u0131n \u00f6n\u00fcnde e\u011filir \u00e7aydanl\u0131k.\u00d6yleyse bu b\u00fcy\u00fcklenme niye? Bu kibir, bu gurur ni\u00e7in?Bedenine de\u011fil kendine de\u011fer ver, ve g\u00f6nl\u00fcn\u00fc olgunla\u015ft\u0131r !\u00c7\u00fcnk\u00fc ki\u015fi; bedeni kadar de\u011fil, ruhu kadar insand\u0131r. \u015e\u00fcpheduymayan hakikati bulamaz. Cevizin kabu\u011funu k\u0131r\u0131p \u00f6z\u00fcneinmeyen cevizin hepsini kabuk zanneder. Bir s\u00f6z\u00fc s\u00f6yleyece\u011finzaman d\u00fc\u015f\u00fcn! E\u011fer o s\u00f6z\u00fc s\u00f6ylemedi\u011fin zaman mesul olacaksans\u00f6yle. Yoksa sus. \u00c7ocuktaki utanma hali ondaki ak\u0131l nurununalametidir.Her h\u00e2disin hud\u00fbsu (sonradan var olan\u0131n var olmas\u0131) i\u00e7in birsebebe ihtiya\u00e7 vard\u0131r. \u00d6l\u00fcm Allah&#8217;\u0131n sevgili kullar\u0131na, bir bardaktatl\u0131 so\u011fuk suyu i\u00e7mek kadar kolay gelir. O h\u00e2lde evrenin de varolmas\u0131 i\u00e7in bir sebebe ihtiya\u00e7 vard\u0131r. O sebep de Tanr\u0131&#8217;d\u0131r. \u0130lmiile amel etmeyen alim; ba\u015fkalar\u0131n\u0131 giydirdi\u011fi halde kendisi\u00e7\u0131plak olan i\u011fne gibidir.<\/p>\n","protected":false},"excerpt":{"rendered":"<p>GAZ\u00c2L\u0130 K\u00dcLL\u0130YATINe kadar kibirli dursa da barda\u011f\u0131n \u00f6n\u00fcnde e\u011filir \u00e7aydanl\u0131k.\u00d6yleyse bu b\u00fcy\u00fcklenme niye? Bu kibir, bu gurur ni\u00e7in?Bedenine de\u011fil kendine de\u011fer ver, ve g\u00f6nl\u00fcn\u00fc olgunla\u015ft\u0131r !\u00c7\u00fcnk\u00fc<span class=\"excerpt-hellip\"> [\u2026]<\/span><\/p>\n","protected":false},"featured_media":0,"template":"","meta":{"_monsterinsights_skip_tracking":false,"_monsterinsights_sitenote_active":false,"_monsterinsights_sitenote_note":"","_monsterinsights_sitenote_category":0},"product_brand":[],"product_cat":[16789,12718,12719],"product_tag":[],"class_list":{"0":"post-783995","1":"product","2":"type-product","3":"status-publish","5":"product_cat-diger-islam","6":"product_cat-din","7":"product_cat-islam","8":"pa_cilt-ciltsiz","9":"pa_tur-kitap","10":"pa_yayinevi-gelenek-yayincilik","11":"pa_yazar-imam-i-gazali","13":"first","14":"instock","15":"sale","16":"shipping-taxable","17":"purchasable","18":"product-type-simple"},"_links":{"self":[{"href":"https:\/\/roveyayinevi.com.tr\/index.php\/wp-json\/wp\/v2\/product\/783995","targetHints":{"allow":["GET"]}}],"collection":[{"href":"https:\/\/roveyayinevi.com.tr\/index.php\/wp-json\/wp\/v2\/product"}],"about":[{"href":"https:\/\/roveyayinevi.com.tr\/index.php\/wp-json\/wp\/v2\/types\/product"}],"wp:attachment":[{"href":"https:\/\/roveyayinevi.com.tr\/index.php\/wp-json\/wp\/v2\/media?parent=783995"}],"wp:term":[{"taxonomy":"product_brand","embeddable":true,"href":"https:\/\/roveyayinevi.com.tr\/index.php\/wp-json\/wp\/v2\/product_brand?post=783995"},{"taxonomy":"product_cat","embeddable":true,"href":"https:\/\/roveyayinevi.com.tr\/index.php\/wp-json\/wp\/v2\/product_cat?post=783995"},{"taxonomy":"product_tag","embeddable":true,"href":"https:\/\/roveyayinevi.com.tr\/index.php\/wp-json\/wp\/v2\/product_tag?post=783995"}],"curies":[{"name":"wp","href":"https:\/\/api.w.org\/{rel}","templated":true}]}}