{"id":783994,"date":"2026-02-26T23:50:49","date_gmt":"2026-02-26T20:50:49","guid":{"rendered":"https:\/\/roveyayinevi.com.tr\/index.php\/urun\/seriat-nedir-ne-degildir\/"},"modified":"2026-04-15T03:46:51","modified_gmt":"2026-04-15T00:46:51","slug":"seriat-nedir-ne-degildir","status":"publish","type":"product","link":"https:\/\/roveyayinevi.com.tr\/index.php\/urun\/seriat-nedir-ne-degildir\/","title":{"rendered":"\u015eeriat Nedir Ne De\u011fildir?"},"content":{"rendered":"<p>Kur&#8217;an&#8217;da \u015feriat kelimesi, \u00e7ok az ama olduk\u00e7a kritik noktalarda kullan\u0131lm\u0131\u015ft\u0131r. Kur&#8217;ani anlat\u0131m tarz\u0131nda olaylar, farkl\u0131 ifade ve bi\u00e7imlerle insana sunulur. Y\u00fcce Allah&#8217;\u0131n insanla olan ili\u015fkileri, insan\u0131n O&#8217;nun kar\u015f\u0131s\u0131ndaki konumu, Allah&#8217;\u0131n insandan yapmas\u0131n\u0131 istedikleri vs. de\u011fi\u015fik vesilelerle dile getirilmi\u015ftir. Din ve \u0130slam kavramlar\u0131 da \u00e7e\u015fitli y\u00f6nleri ve \u00f6zellikleriyle farkl\u0131 kelimelerle (ed-din, \u015fer\u00ee\u2018at, hid\u00e2yet, seb\u00eel, tar\u00eek, millet, \u00fcmmet vs.) anlat\u0131lm\u0131\u015ft\u0131r. Yine Allah&#8217;\u0131n buyurdu\u011fu h\u00fck\u00fcmler, yasaklar, inan\u00e7 esaslar\u0131, yap\u0131lmas\u0131 ve yap\u0131lmamas\u0131 gerekenler de \u00e7e\u015fitli kelimelerle (emr, h\u00fckm, kad\u00e2, beyyin\u00e2t, vasiyet, ce\u2018ale vs.) an\u0131lm\u0131\u015ft\u0131r. Buna g\u00f6re Kur&#8217;an&#8217;\u0131n anlat\u0131m\u0131nda \u015feriat, Allah&#8217;\u0131n evrendeki yarat\u0131c\u0131l\u0131\u011f\u0131 ve etkinli\u011finin bir par\u00e7as\u0131 olarak insanlar i\u00e7in din belirlemesi ve ya\u015fam bi\u00e7imini g\u00f6stermesi ba\u011flam\u0131nda kullan\u0131lm\u0131\u015ft\u0131r.&#8221;Nedir Ne De\u011fildir?&#8221; projesi \u00e7er\u00e7evesinde telif edilen 10 kitaptan olu\u015fan bu seride, g\u00fcn\u00fcm\u00fczde s\u0131k s\u0131k tart\u0131\u015f\u0131lan konular \u00fczerinden ilm\u00ee disiplinlerin birbirleriyle ili\u015fkileri, ayr\u0131ld\u0131klar\u0131 noktalar ve y\u00f6ntem farkl\u0131l\u0131klar\u0131n\u0131 g\u00f6stermeye \u00e7al\u0131\u015ft\u0131k. Ayn\u0131 konuda, tefsir, hadis ve kelam olmak \u00fczere \u00fc\u00e7\u00fc sabit, biri ise ele al\u0131nan konuya g\u00f6re de\u011fi\u015fken olmak \u00fczere d\u00f6rt ilim dal\u0131ndan d\u00f6rt uzman\u0131n konuyu ele almalar\u0131n\u0131, ortaya koymalar\u0131n\u0131 istedik.Bizi bu projeyi ger\u00e7ekle\u015ftirmeye te\u015fvik eden etkenlerden biri, son d\u00f6nemlerde din\u00ee konularda yap\u0131lan tart\u0131\u015fmalar\u0131n d\u00fczeyinin olduk\u00e7a d\u00fc\u015fm\u00fc\u015f oldu\u011funu g\u00f6zlemlememizdir. Nitekim din\u00ee tart\u0131\u015fmalara yetkin olan ya da olmayan herkes kat\u0131labilmekte, hatta \u00e7o\u011fu zaman konu\u015fmas\u0131 gerekenlere s\u00f6z verilmemektedir. Bu proje ile bilim insanlar\u0131n\u0131n, g\u00f6r\u00fc\u015flerini polemik ortam\u0131 olmadan s\u00fck\u00fbnetle anlatmalar\u0131na zemin olu\u015fturmaya \u00e7al\u0131\u015ft\u0131k.Proje, M\u00fcsl\u00fcman bilim insanlar\u0131n\u0131n, birbirlerini d\u0131\u015flamadan, \u00f6tekile\u015ftirmeden ve tekfir etmeden g\u00f6r\u00fc\u015flerini ortaya koyabilmelerinin imk\u00e2ns\u0131z olmad\u0131\u011f\u0131n\u0131 bir kez daha g\u00f6stermi\u015ftir. Okuyucu, bilim insanlar\u0131n\u0131n birikim ve yakla\u015f\u0131mlar\u0131na dayanan g\u00f6r\u00fc\u015flerden diledi\u011fini se\u00e7mekte \u00f6zg\u00fcrd\u00fcr. Dilerse farkl\u0131 g\u00f6r\u00fc\u015flerin kendince kabul edilebilir taraflar\u0131n\u0131 alarak ba\u015fka bir sentezle yeni bir yol da a\u00e7abilir.<\/p>\n","protected":false},"excerpt":{"rendered":"<p>Kur&#8217;an&#8217;da \u015feriat kelimesi, \u00e7ok az ama olduk\u00e7a kritik noktalarda kullan\u0131lm\u0131\u015ft\u0131r. Kur&#8217;ani anlat\u0131m tarz\u0131nda olaylar, farkl\u0131 ifade ve bi\u00e7imlerle insana sunulur. Y\u00fcce Allah&#8217;\u0131n insanla olan ili\u015fkileri, insan\u0131n<span class=\"excerpt-hellip\"> [\u2026]<\/span><\/p>\n","protected":false},"featured_media":0,"template":"","meta":{"_monsterinsights_skip_tracking":false,"_monsterinsights_sitenote_active":false,"_monsterinsights_sitenote_note":"","_monsterinsights_sitenote_category":0},"product_brand":[],"product_cat":[16789,12718,12719],"product_tag":[],"class_list":{"0":"post-783994","1":"product","2":"type-product","3":"status-publish","5":"product_cat-diger-islam","6":"product_cat-din","7":"product_cat-islam","8":"pa_cilt-ciltsiz","9":"pa_tur-kitap","10":"pa_yayinevi-fecr-yayinlari","11":"pa_yazar-ismail-caliskan","13":"first","14":"instock","15":"sale","16":"shipping-taxable","17":"purchasable","18":"product-type-simple"},"_links":{"self":[{"href":"https:\/\/roveyayinevi.com.tr\/index.php\/wp-json\/wp\/v2\/product\/783994","targetHints":{"allow":["GET"]}}],"collection":[{"href":"https:\/\/roveyayinevi.com.tr\/index.php\/wp-json\/wp\/v2\/product"}],"about":[{"href":"https:\/\/roveyayinevi.com.tr\/index.php\/wp-json\/wp\/v2\/types\/product"}],"wp:attachment":[{"href":"https:\/\/roveyayinevi.com.tr\/index.php\/wp-json\/wp\/v2\/media?parent=783994"}],"wp:term":[{"taxonomy":"product_brand","embeddable":true,"href":"https:\/\/roveyayinevi.com.tr\/index.php\/wp-json\/wp\/v2\/product_brand?post=783994"},{"taxonomy":"product_cat","embeddable":true,"href":"https:\/\/roveyayinevi.com.tr\/index.php\/wp-json\/wp\/v2\/product_cat?post=783994"},{"taxonomy":"product_tag","embeddable":true,"href":"https:\/\/roveyayinevi.com.tr\/index.php\/wp-json\/wp\/v2\/product_tag?post=783994"}],"curies":[{"name":"wp","href":"https:\/\/api.w.org\/{rel}","templated":true}]}}