{"id":783993,"date":"2026-02-26T23:50:46","date_gmt":"2026-02-26T20:50:46","guid":{"rendered":"https:\/\/roveyayinevi.com.tr\/index.php\/urun\/sefaat-nedir-ne-degildir\/"},"modified":"2026-04-15T03:46:51","modified_gmt":"2026-04-15T00:46:51","slug":"sefaat-nedir-ne-degildir","status":"publish","type":"product","link":"https:\/\/roveyayinevi.com.tr\/index.php\/urun\/sefaat-nedir-ne-degildir\/","title":{"rendered":"\u015eefaat Nedir Ne De\u011fildir?"},"content":{"rendered":"<p>\u015eefaat d\u00fc\u015f\u00fcncesinin, ele al\u0131n\u0131\u015f bi\u00e7imine ba\u011fl\u0131 olarak muhteva ve \u00e7er\u00e7evesi a\u00e7\u0131s\u0131ndan kimi farkl\u0131 yakla\u015f\u0131mlar olsa da s\u00f6zl\u00fc ya da yaz\u0131l\u0131 olarak kullan\u0131ld\u0131\u011f\u0131nda hemen akla gelen ve zihinlerde ilk etapta \u00e7a\u011fr\u0131\u015ft\u0131rd\u0131\u011f\u0131 anlam\u0131; birini kurtarmak ya da birine yarar sa\u011flamak maksad\u0131yla bir b\u00fcy\u00fc\u011f\u00fcn nezdinde arac\u0131 olmay\u0131, hakk\u0131nda cezaya karar verilmi\u015f olan birisinin su\u00e7unun g\u00f6z ard\u0131 edilmesi hususunda talepte bulunmay\u0131, daha a\u00e7\u0131k bir ifadeyle g\u00fcnahk\u00e2r ve kusurlu oldu\u011funu bilen birisinin, y\u00fcce bir makam sahibi oldu\u011funa inand\u0131\u011f\u0131 bir ba\u015fkas\u0131n\u0131n, Allah&#8217;\u0131n huzurunda g\u00fcnahlar\u0131n\u0131n affedilmesi ve hak etmedi\u011fi h\u00e2lde delalet yoluyla daha y\u00fcce makam ve mevkilere ula\u015fmas\u0131 i\u00e7in arac\u0131l\u0131k etmesi demektir. Bu tan\u0131mlar, genel kabul g\u00f6rm\u00fc\u015f ve zihinlerde yer etmi\u015f olanlard\u0131r. Bu durumu tasvip etmekte zorluk \u00e7eken kimi ara\u015ft\u0131rmac\u0131lar, kabul edilebilir bir \u015fefaat d\u00fc\u015f\u00fcncesiyle \u015fefaati, dua yoluyla, ki\u015finin arkas\u0131ndan onun lehine talepte bulunmak gibi biraz daha hafifletilmi\u015f tan\u0131mlar yapmaktad\u0131rlar. Ancak bu t\u00fcr yakla\u015f\u0131mlar, Kur&#8217;an&#8217;da bahsedilen \u015fefaatten \u00e7ok, yerle\u015fik \u015fefaat inanc\u0131n\u0131n bir t\u00fcr savunusu gibi g\u00f6r\u00fclmektedir.&#8221;Nedir Ne De\u011fildir?&#8221; projesi \u00e7er\u00e7evesinde telif edilen 10 kitaptan olu\u015fan bu seride, g\u00fcn\u00fcm\u00fczde s\u0131k s\u0131k tart\u0131\u015f\u0131lan konular \u00fczerinden ilm\u00ee disiplinlerin birbirleriyle ili\u015fkileri, ayr\u0131ld\u0131klar\u0131 noktalar ve y\u00f6ntem farkl\u0131l\u0131klar\u0131n\u0131 g\u00f6stermeye \u00e7al\u0131\u015ft\u0131k. Ayn\u0131 konuda, tefsir, hadis ve kelam olmak \u00fczere \u00fc\u00e7\u00fc sabit, biri ise ele al\u0131nan konuya g\u00f6re de\u011fi\u015fken olmak \u00fczere d\u00f6rt ilim dal\u0131ndan d\u00f6rt uzman\u0131n konuyu ele almalar\u0131n\u0131, ortaya koymalar\u0131n\u0131 istedik.Bizi bu projeyi ger\u00e7ekle\u015ftirmeye te\u015fvik eden etkenlerden biri, son d\u00f6nemlerde din\u00ee konularda yap\u0131lan tart\u0131\u015fmalar\u0131n d\u00fczeyinin olduk\u00e7a d\u00fc\u015fm\u00fc\u015f oldu\u011funu g\u00f6zlemlememizdir. Nitekim din\u00ee tart\u0131\u015fmalara yetkin olan ya da olmayan herkes kat\u0131labilmekte, hatta \u00e7o\u011fu zaman konu\u015fmas\u0131 gerekenlere s\u00f6z verilmemektedir. Bu proje ile bilim insanlar\u0131n\u0131n, g\u00f6r\u00fc\u015flerini polemik ortam\u0131 olmadan s\u00fck\u00fbnetle anlatmalar\u0131na zemin olu\u015fturmaya \u00e7al\u0131\u015ft\u0131k.Proje, M\u00fcsl\u00fcman bilim insanlar\u0131n\u0131n, birbirlerini d\u0131\u015flamadan, \u00f6tekile\u015ftirmeden ve tekfir etmeden g\u00f6r\u00fc\u015flerini ortaya koyabilmelerinin imk\u00e2ns\u0131z olmad\u0131\u011f\u0131n\u0131 bir kez daha g\u00f6stermi\u015ftir. Okuyucu, bilim insanlar\u0131n\u0131n birikim ve yakla\u015f\u0131mlar\u0131na dayanan g\u00f6r\u00fc\u015flerden diledi\u011fini se\u00e7mekte \u00f6zg\u00fcrd\u00fcr. Dilerse farkl\u0131 g\u00f6r\u00fc\u015flerin kendince kabul edilebilir taraflar\u0131n\u0131 alarak ba\u015fka bir sentezle yeni bir yol da a\u00e7abilir.<\/p>\n","protected":false},"excerpt":{"rendered":"<p>\u015eefaat d\u00fc\u015f\u00fcncesinin, ele al\u0131n\u0131\u015f bi\u00e7imine ba\u011fl\u0131 olarak muhteva ve \u00e7er\u00e7evesi a\u00e7\u0131s\u0131ndan kimi farkl\u0131 yakla\u015f\u0131mlar olsa da s\u00f6zl\u00fc ya da yaz\u0131l\u0131 olarak kullan\u0131ld\u0131\u011f\u0131nda hemen akla gelen ve<span class=\"excerpt-hellip\"> [\u2026]<\/span><\/p>\n","protected":false},"featured_media":0,"template":"","meta":{"_monsterinsights_skip_tracking":false,"_monsterinsights_sitenote_active":false,"_monsterinsights_sitenote_note":"","_monsterinsights_sitenote_category":0},"product_brand":[],"product_cat":[16789,12718,12719],"product_tag":[],"class_list":{"0":"post-783993","1":"product","2":"type-product","3":"status-publish","5":"product_cat-diger-islam","6":"product_cat-din","7":"product_cat-islam","8":"pa_cilt-ciltsiz","9":"pa_tur-kitap","10":"pa_yayinevi-fecr-yayinlari","11":"pa_yazar-muhammet-tarakci","13":"first","14":"instock","15":"sale","16":"shipping-taxable","17":"purchasable","18":"product-type-simple"},"_links":{"self":[{"href":"https:\/\/roveyayinevi.com.tr\/index.php\/wp-json\/wp\/v2\/product\/783993","targetHints":{"allow":["GET"]}}],"collection":[{"href":"https:\/\/roveyayinevi.com.tr\/index.php\/wp-json\/wp\/v2\/product"}],"about":[{"href":"https:\/\/roveyayinevi.com.tr\/index.php\/wp-json\/wp\/v2\/types\/product"}],"wp:attachment":[{"href":"https:\/\/roveyayinevi.com.tr\/index.php\/wp-json\/wp\/v2\/media?parent=783993"}],"wp:term":[{"taxonomy":"product_brand","embeddable":true,"href":"https:\/\/roveyayinevi.com.tr\/index.php\/wp-json\/wp\/v2\/product_brand?post=783993"},{"taxonomy":"product_cat","embeddable":true,"href":"https:\/\/roveyayinevi.com.tr\/index.php\/wp-json\/wp\/v2\/product_cat?post=783993"},{"taxonomy":"product_tag","embeddable":true,"href":"https:\/\/roveyayinevi.com.tr\/index.php\/wp-json\/wp\/v2\/product_tag?post=783993"}],"curies":[{"name":"wp","href":"https:\/\/api.w.org\/{rel}","templated":true}]}}