{"id":783992,"date":"2026-02-26T23:50:43","date_gmt":"2026-02-26T20:50:43","guid":{"rendered":"https:\/\/roveyayinevi.com.tr\/index.php\/urun\/sehadet\/"},"modified":"2026-04-15T03:46:51","modified_gmt":"2026-04-15T00:46:51","slug":"sehadet","status":"publish","type":"product","link":"https:\/\/roveyayinevi.com.tr\/index.php\/urun\/sehadet\/","title":{"rendered":"\u015eehadet"},"content":{"rendered":"<p>Fat\u0131ma&#8217;n\u0131n evinden bir adam \u00e7\u0131kar. Yaln\u0131z ve kimsesizdir! Bombo\u015ftur elleri! Karanl\u0131\u011fa ve zulme kar\u015f\u0131 y\u00fcr\u00fcy\u00fc\u015fe ge\u00e7mi\u015ftir. \u00d6l\u00fcmden ba\u015fka bir silah\u0131 yoktur! Ancak o, &#8220;g\u00fczel \u00f6lme sanat\u0131&#8221;n\u0131 ya\u015famdan iyi \u00f6\u011frenmi\u015f bir ailenin \u00e7ocu\u011fudur. Bu d\u00fcnyada &#8220;Nas\u0131l \u00f6l\u00fcnmesi gerekti\u011fini&#8221; ondan daha iyi bilecek bir kimse yoktur. \u015eimdi d\u00fcnyaya h\u00fckmeden d\u00fc\u015fman, bu bilgiden yoksundur. Dolay\u0131s\u0131yla bu yaln\u0131z kahraman, d\u00fc\u015fman ordusuna kar\u015f\u0131 \u00fcst\u00fcn gelece\u011finden \u00f6ylesine emindir ki onu bizzat kar\u015f\u0131lamaya \u00e7\u0131kar.<\/p>\n","protected":false},"excerpt":{"rendered":"<p>Fat\u0131ma&#8217;n\u0131n evinden bir adam \u00e7\u0131kar. Yaln\u0131z ve kimsesizdir! Bombo\u015ftur elleri! Karanl\u0131\u011fa ve zulme kar\u015f\u0131 y\u00fcr\u00fcy\u00fc\u015fe ge\u00e7mi\u015ftir. \u00d6l\u00fcmden ba\u015fka bir silah\u0131 yoktur! Ancak o, &#8220;g\u00fczel \u00f6lme sanat\u0131&#8221;n\u0131<span class=\"excerpt-hellip\"> [\u2026]<\/span><\/p>\n","protected":false},"featured_media":0,"template":"","meta":{"_monsterinsights_skip_tracking":false,"_monsterinsights_sitenote_active":false,"_monsterinsights_sitenote_note":"","_monsterinsights_sitenote_category":0},"product_brand":[],"product_cat":[12718,12719,13025],"product_tag":[],"class_list":{"0":"post-783992","1":"product","2":"type-product","3":"status-publish","5":"product_cat-din","6":"product_cat-islam","7":"product_cat-islam-ve-gunumuz-islam-dusuncesi","8":"pa_cilt-ciltsiz","9":"pa_tur-kitap","10":"pa_yayinevi-fecr-yayinlari","11":"pa_yazar-ali-seriati","13":"first","14":"instock","15":"sale","16":"shipping-taxable","17":"purchasable","18":"product-type-simple"},"_links":{"self":[{"href":"https:\/\/roveyayinevi.com.tr\/index.php\/wp-json\/wp\/v2\/product\/783992","targetHints":{"allow":["GET"]}}],"collection":[{"href":"https:\/\/roveyayinevi.com.tr\/index.php\/wp-json\/wp\/v2\/product"}],"about":[{"href":"https:\/\/roveyayinevi.com.tr\/index.php\/wp-json\/wp\/v2\/types\/product"}],"wp:attachment":[{"href":"https:\/\/roveyayinevi.com.tr\/index.php\/wp-json\/wp\/v2\/media?parent=783992"}],"wp:term":[{"taxonomy":"product_brand","embeddable":true,"href":"https:\/\/roveyayinevi.com.tr\/index.php\/wp-json\/wp\/v2\/product_brand?post=783992"},{"taxonomy":"product_cat","embeddable":true,"href":"https:\/\/roveyayinevi.com.tr\/index.php\/wp-json\/wp\/v2\/product_cat?post=783992"},{"taxonomy":"product_tag","embeddable":true,"href":"https:\/\/roveyayinevi.com.tr\/index.php\/wp-json\/wp\/v2\/product_tag?post=783992"}],"curies":[{"name":"wp","href":"https:\/\/api.w.org\/{rel}","templated":true}]}}