{"id":783990,"date":"2026-02-26T23:50:37","date_gmt":"2026-02-26T20:50:37","guid":{"rendered":"https:\/\/roveyayinevi.com.tr\/index.php\/urun\/nuzul-i-isa-ve-mehdilik-nedir-ne-degildir\/"},"modified":"2026-04-15T03:46:51","modified_gmt":"2026-04-15T00:46:51","slug":"nuzul-i-isa-ve-mehdilik-nedir-ne-degildir","status":"publish","type":"product","link":"https:\/\/roveyayinevi.com.tr\/index.php\/urun\/nuzul-i-isa-ve-mehdilik-nedir-ne-degildir\/","title":{"rendered":"N\u00fczul-i I\u0307sa ve Mehdilik Nedir Ne De\u011fildir?"},"content":{"rendered":"<p>\u0130slam gelene\u011fine ait &#8220;n\u00fczul-i \u0130sa&#8221; ve &#8220;mehdi&#8221; kavramlar\u0131, di\u011fer din\u00ee geleneklerde de teolojik a\u00e7\u0131dan \u00f6nemli bir yer tutmaktad\u0131r. \u00d6ncelikle &#8220;n\u00fczul-i \u0130sa&#8221; kavram\u0131, H\u0131ristiyanl\u0131k dininin temelini olu\u015fturan &#8220;\u0130sa Mesih&#8221; fig\u00fcr\u00fc ve onun yery\u00fcz\u00fcne ikinci kez geli\u015fini ifade etmesi ba\u011flam\u0131nda H\u0131ristiyanl\u0131ktaki &#8220;Praousia&#8221; kavram\u0131na kar\u015f\u0131l\u0131k gelmektedir. Arap\u00e7ada &#8220;\u0130sa&#8217;n\u0131n ini\u015fi&#8221; anlam\u0131na gelen &#8220;n\u00fczul-i \u0130sa&#8221; terkibi, &#8220;\u0130sa Mesih&#8217;in ikinci kez yery\u00fcz\u00fcnde varl\u0131k bulmas\u0131&#8221; anlam\u0131nda H\u0131ristiyan teolojisinin merkezinde yer almaktad\u0131r. &#8220;Mehdi&#8221; kavram\u0131 da sahip oldu\u011fu i\u015flev a\u00e7\u0131s\u0131ndan dikkate al\u0131nd\u0131\u011f\u0131nda, farkl\u0131 isimler alt\u0131nda di\u011fer din\u00ee geleneklerde yer alm\u0131\u015ft\u0131r. Ancak &#8220;n\u00fczul-i \u0130sa&#8221; ile ili\u015fkilendirildi\u011finde &#8220;mehdi&#8221; fig\u00fcr\u00fcn\u00fcn kar\u015f\u0131l\u0131\u011f\u0131, H\u0131ristiyan inanc\u0131nda &#8220;Mesih&#8221; olmaktad\u0131r. H\u0131ristiyanl\u0131kta Mesih, \u0130slam gelene\u011findeki &#8220;mehdi&#8221; fig\u00fcr\u00fcn\u00fcn misyonunu da i\u00e7ermekle birlikte bunun \u00e7ok daha \u00f6tesinde ilah\u00ee bir kurtar\u0131c\u0131l\u0131k misyonuna sahiptir. Dolay\u0131s\u0131yla n\u00fczul-i \u0130sa ve mehdilik ili\u015fkisi, \u0130slam d\u0131\u015f\u0131 dinler s\u00f6z konusu oldu\u011funda b\u00fct\u00fcn\u00fcyle H\u0131ristiyanl\u0131k ba\u011flam\u0131nda ele al\u0131nmal\u0131d\u0131r.&#8221;Nedir Ne De\u011fildir?&#8221; projesi \u00e7er\u00e7evesinde telif edilen 10 kitaptan olu\u015fan bu seride, g\u00fcn\u00fcm\u00fczde s\u0131k s\u0131k tart\u0131\u015f\u0131lan konular \u00fczerinden ilm\u00ee disiplinlerin birbirleriyle ili\u015fkileri, ayr\u0131ld\u0131klar\u0131 noktalar ve y\u00f6ntem farkl\u0131l\u0131klar\u0131n\u0131 g\u00f6stermeye \u00e7al\u0131\u015ft\u0131k. Ayn\u0131 konuda, tefsir, hadis ve kelam olmak \u00fczere \u00fc\u00e7\u00fc sabit, biri ise ele al\u0131nan konuya g\u00f6re de\u011fi\u015fken olmak \u00fczere d\u00f6rt ilim dal\u0131ndan d\u00f6rt uzman\u0131n konuyu ele almalar\u0131n\u0131, ortaya koymalar\u0131n\u0131 istedik.Bizi bu projeyi ger\u00e7ekle\u015ftirmeye te\u015fvik eden etkenlerden biri, son d\u00f6nemlerde din\u00ee konularda yap\u0131lan tart\u0131\u015fmalar\u0131n d\u00fczeyinin olduk\u00e7a d\u00fc\u015fm\u00fc\u015f oldu\u011funu g\u00f6zlemlememizdir. Nitekim din\u00ee tart\u0131\u015fmalara yetkin olan ya da olmayan herkes kat\u0131labilmekte, hatta \u00e7o\u011fu zaman konu\u015fmas\u0131 gerekenlere s\u00f6z verilmemektedir. Bu proje ile bilim insanlar\u0131n\u0131n, g\u00f6r\u00fc\u015flerini polemik ortam\u0131 olmadan s\u00fck\u00fbnetle anlatmalar\u0131na zemin olu\u015fturmaya \u00e7al\u0131\u015ft\u0131k.Proje, M\u00fcsl\u00fcman bilim insanlar\u0131n\u0131n, birbirlerini d\u0131\u015flamadan, \u00f6tekile\u015ftirmeden ve tekfir etmeden g\u00f6r\u00fc\u015flerini ortaya koyabilmelerinin imk\u00e2ns\u0131z olmad\u0131\u011f\u0131n\u0131 bir kez daha g\u00f6stermi\u015ftir. Okuyucu, bilim insanlar\u0131n\u0131n birikim ve yakla\u015f\u0131mlar\u0131na dayanan g\u00f6r\u00fc\u015flerden diledi\u011fini se\u00e7mekte \u00f6zg\u00fcrd\u00fcr. Dilerse farkl\u0131 g\u00f6r\u00fc\u015flerin kendince kabul edilebilir taraflar\u0131n\u0131 alarak ba\u015fka bir sentezle yeni bir yol da a\u00e7abilir.<\/p>\n","protected":false},"excerpt":{"rendered":"<p>\u0130slam gelene\u011fine ait &#8220;n\u00fczul-i \u0130sa&#8221; ve &#8220;mehdi&#8221; kavramlar\u0131, di\u011fer din\u00ee geleneklerde de teolojik a\u00e7\u0131dan \u00f6nemli bir yer tutmaktad\u0131r. \u00d6ncelikle &#8220;n\u00fczul-i \u0130sa&#8221; kavram\u0131, H\u0131ristiyanl\u0131k dininin temelini olu\u015fturan<span class=\"excerpt-hellip\"> [\u2026]<\/span><\/p>\n","protected":false},"featured_media":0,"template":"","meta":{"_monsterinsights_skip_tracking":false,"_monsterinsights_sitenote_active":false,"_monsterinsights_sitenote_note":"","_monsterinsights_sitenote_category":0},"product_brand":[],"product_cat":[16789,12718,12719],"product_tag":[],"class_list":{"0":"post-783990","1":"product","2":"type-product","3":"status-publish","5":"product_cat-diger-islam","6":"product_cat-din","7":"product_cat-islam","8":"pa_cilt-ciltsiz","9":"pa_tur-kitap","10":"pa_yayinevi-fecr-yayinlari","11":"pa_yazar-hakan-olgun","13":"first","14":"instock","15":"sale","16":"shipping-taxable","17":"purchasable","18":"product-type-simple"},"_links":{"self":[{"href":"https:\/\/roveyayinevi.com.tr\/index.php\/wp-json\/wp\/v2\/product\/783990","targetHints":{"allow":["GET"]}}],"collection":[{"href":"https:\/\/roveyayinevi.com.tr\/index.php\/wp-json\/wp\/v2\/product"}],"about":[{"href":"https:\/\/roveyayinevi.com.tr\/index.php\/wp-json\/wp\/v2\/types\/product"}],"wp:attachment":[{"href":"https:\/\/roveyayinevi.com.tr\/index.php\/wp-json\/wp\/v2\/media?parent=783990"}],"wp:term":[{"taxonomy":"product_brand","embeddable":true,"href":"https:\/\/roveyayinevi.com.tr\/index.php\/wp-json\/wp\/v2\/product_brand?post=783990"},{"taxonomy":"product_cat","embeddable":true,"href":"https:\/\/roveyayinevi.com.tr\/index.php\/wp-json\/wp\/v2\/product_cat?post=783990"},{"taxonomy":"product_tag","embeddable":true,"href":"https:\/\/roveyayinevi.com.tr\/index.php\/wp-json\/wp\/v2\/product_tag?post=783990"}],"curies":[{"name":"wp","href":"https:\/\/api.w.org\/{rel}","templated":true}]}}