{"id":783989,"date":"2026-02-26T23:50:34","date_gmt":"2026-02-26T20:50:34","guid":{"rendered":"https:\/\/roveyayinevi.com.tr\/index.php\/urun\/kuran-i-kerimde-adab-i-muaseret-gorgu-kurallari\/"},"modified":"2026-04-15T03:46:51","modified_gmt":"2026-04-15T00:46:51","slug":"kuran-i-kerimde-adab-i-muaseret-gorgu-kurallari","status":"publish","type":"product","link":"https:\/\/roveyayinevi.com.tr\/index.php\/urun\/kuran-i-kerimde-adab-i-muaseret-gorgu-kurallari\/","title":{"rendered":"Kur&#8217;an-\u0131 Kerim&#8217;de Adab-\u0131 Mua\u015feret; G\u00f6rg\u00fc Kurallar\u0131"},"content":{"rendered":"<p>Ahlak olmadan, insanlar\u0131n y\u00f6ntemi i\u00e7in kanunlar\u0131n kifayetsizli\u011fi nas\u0131l bir ger\u00e7ekse, g\u00fczel ahl\u00e2k\u0131n bir nevi hayata intikali mesabesinde olan \u00e2d\u00e2b-\u0131 mu\u00e2\u015feret olmadan da ahl\u00e2k\u0131n, bir nazariye olmaktan \u00f6teye ge\u00e7meyece\u011fi de \u00f6yle bir ger\u00e7ektir. Bu demektir ki, bireysel ve sosyal hayatta \u00e2d\u00e2b-\u0131 mu\u00e2\u015feret olmadan ahl\u00e2k\u0131n, ahl\u00e2k olmadan da kanunlar\u0131n fert i\u00e7in d\u00fcnya ve ahiret saadetini temin edebilece\u011fini s\u00f6ylemek pek m\u00fcmk\u00fcn g\u00f6z\u00fckmemektedir. Bir toplumda, adap ve erk\u00e2na ri\u00e2yet edilmiyorsa, orada ahl\u00e2k\u0131n varl\u0131\u011f\u0131ndan bahsedilemeyece\u011fi gibi; \u00e2d\u00e2b-\u0131 mu\u00e2\u015feret ve ahl\u00e2ka \u00f6nem verilmeyen cemiyetlerde, insana, dolay\u0131s\u0131yla hukuka sayg\u0131dan, nizam ve intizamdan bahsetmek de m\u00fcmk\u00fcn olmaz. Bu sebeple \u00c2d\u00e2b-\u0131 Mu\u00e2\u015feret; insana, cemiyet i\u00e7erisinde sayg\u0131n bir birey olarak ya\u015fayabilmek i\u00e7in laz\u0131m olan nez\u00e2ket kurallar\u0131n\u0131 \u00f6\u011freten, insan\u00ee ili\u015fkilerde uyulacak \u00f6l\u00e7\u00fcl\u00fc ve nazik davran\u0131\u015flar\u0131n \u015feklini ortaya koyan, \u015fahs\u0131 toplum i\u00e7erisinde erdemli ve h\u00fcrmete l\u00e2y\u0131k k\u0131lan s\u00f6z, i\u015f ve davran\u0131\u015f bi\u00e7imlerini kapsayan \u00f6nemli bir disiplindir.<\/p>\n","protected":false},"excerpt":{"rendered":"<p>Ahlak olmadan, insanlar\u0131n y\u00f6ntemi i\u00e7in kanunlar\u0131n kifayetsizli\u011fi nas\u0131l bir ger\u00e7ekse, g\u00fczel ahl\u00e2k\u0131n bir nevi hayata intikali mesabesinde olan \u00e2d\u00e2b-\u0131 mu\u00e2\u015feret olmadan da ahl\u00e2k\u0131n, bir nazariye olmaktan<span class=\"excerpt-hellip\"> [\u2026]<\/span><\/p>\n","protected":false},"featured_media":0,"template":"","meta":{"_monsterinsights_skip_tracking":false,"_monsterinsights_sitenote_active":false,"_monsterinsights_sitenote_note":"","_monsterinsights_sitenote_category":0},"product_brand":[],"product_cat":[12718,12719],"product_tag":[],"class_list":{"0":"post-783989","1":"product","2":"type-product","3":"status-publish","5":"product_cat-din","6":"product_cat-islam","7":"pa_cilt-ciltsiz","8":"pa_tur-kitap","9":"pa_yayinevi-fecr-yayinlari","10":"pa_yazar-zeki-duman","12":"first","13":"instock","14":"sale","15":"shipping-taxable","16":"purchasable","17":"product-type-simple"},"_links":{"self":[{"href":"https:\/\/roveyayinevi.com.tr\/index.php\/wp-json\/wp\/v2\/product\/783989","targetHints":{"allow":["GET"]}}],"collection":[{"href":"https:\/\/roveyayinevi.com.tr\/index.php\/wp-json\/wp\/v2\/product"}],"about":[{"href":"https:\/\/roveyayinevi.com.tr\/index.php\/wp-json\/wp\/v2\/types\/product"}],"wp:attachment":[{"href":"https:\/\/roveyayinevi.com.tr\/index.php\/wp-json\/wp\/v2\/media?parent=783989"}],"wp:term":[{"taxonomy":"product_brand","embeddable":true,"href":"https:\/\/roveyayinevi.com.tr\/index.php\/wp-json\/wp\/v2\/product_brand?post=783989"},{"taxonomy":"product_cat","embeddable":true,"href":"https:\/\/roveyayinevi.com.tr\/index.php\/wp-json\/wp\/v2\/product_cat?post=783989"},{"taxonomy":"product_tag","embeddable":true,"href":"https:\/\/roveyayinevi.com.tr\/index.php\/wp-json\/wp\/v2\/product_tag?post=783989"}],"curies":[{"name":"wp","href":"https:\/\/api.w.org\/{rel}","templated":true}]}}